{"id":5424,"date":"2023-09-29T10:37:03","date_gmt":"2023-09-29T03:37:03","guid":{"rendered":"https:\/\/webbachhoa.com\/?post_type=product&#038;p=5424"},"modified":"2023-09-29T10:37:03","modified_gmt":"2023-09-29T03:37:03","slug":"may-khuech-tan-tinh-dau-va-tao-do-am-phi-thuyen","status":"publish","type":"product","link":"https:\/\/tiemtaphoa.xyz\/index.php\/product\/may-khuech-tan-tinh-dau-va-tao-do-am-phi-thuyen\/","title":{"rendered":"M\u00e1y khu\u1ebfch t\u00e1n tinh d\u1ea7u v\u00e0 t\u1ea1o \u0111\u1ed9 \u1ea9m &#8211; Phi Thuy\u1ec1n"},"content":{"rendered":"<div class=\"mb-3 mb-sm-0 col-12 col-md-8 product-content js-content-wrapper card border-0\">\n<div id=\"ega-uti-editable-content\" class=\"rte js-product-getcontent product_getcontent pos-relative\" data-platform=\"haravan\" data-id=\"1037839139\">\n<div id=\"content\" class=\"content js-content\">\n<div class=\"main_content_body main_content_body_cus1\">\n<div class=\"microformat\">\n<p>M\u00e1y khu\u1ebfch t\u00e1n tinh d\u1ea7u v\u00e0 t\u1ea1o \u0111\u1ed9 \u1ea9m &#8211; Phi Thuy\u1ec1n t\u00edch h\u1ee3p c\u00f4ng ngh\u1ec7 si\u00eau \u00e2m nano mang \u0111\u1ebfn nh\u1eefng tr\u1ea3i nghi\u1ec7m \u0111\u1ed9c \u0111\u00e1o v\u00e0 th\u00fa v\u1ecb cho kh\u00f4ng gian s\u1ed1ng c\u1ee7a b\u1ea1n, v\u1edbi kh\u1ea3 n\u0103ng to\u1ea3 m\u00f9i th\u01a1m nhanh ch\u00f3ng v\u00e0 \u0111\u1ed3ng \u0111\u1ec1u kh\u1eafp c\u0103n ph\u00f2ng, m\u00e1y t\u1ea1o ra kh\u00f4ng gian \u1ea5m \u00e1p v\u00e0 th\u01b0 gi\u00e3n.<\/p>\n<h2>Nh\u1eefng \u01b0u \u0111i\u1ec3m n\u1ed5i b\u1eadt c\u1ee7a m\u00e1y khu\u1ebfch t\u00e1n tinh d\u1ea7u v\u00e0 t\u1ea1o \u0111\u1ed9 \u1ea9m Phi thuy\u1ec1n<\/h2>\n<ul>\n<li>\u0110\u1ea7u ti\u00ean, m\u00e1y khu\u1ebfch t\u00e1n tinh d\u1ea7u phi thuy\u1ec1n c\u00f3 kh\u1ea3 n\u0103ng to\u1ea3 m\u00f9i th\u01a1m nhanh ch\u00f3ng v\u00e0 \u0111\u1ed3ng \u0111\u1ec1u kh\u1eafp c\u0103n ph\u00f2ng. V\u1edbi c\u00f4ng ngh\u1ec7 si\u00eau \u00e2m nano ti\u00ean ti\u1ebfn, m\u00e1y ph\u00e1t t\u00e1n tinh d\u1ea7u k\u00e8m theo c\u00e1c h\u01a1i n\u01b0\u1edbc li ti, t\u1ea1o ra kh\u00f4ng gian th\u01a1m ph\u1ee9c v\u00e0 d\u1ec5 ch\u1ecbu.<\/li>\n<li>Ngo\u00e0i ra, m\u00e1y c\u00f2n c\u00f3 kh\u1ea3 n\u0103ng c\u1ea5p \u1ea9m cho c\u0103n ph\u00f2ng. B\u1ea1n kh\u00f4ng ch\u1ec9 \u0111\u01b0\u1ee3c th\u01b0\u1edfng th\u1ee9c h\u01b0\u01a1ng th\u01a1m tinh d\u1ea7u m\u00e0 c\u00f2n t\u1eadn h\u01b0\u1edfng kh\u00f4ng gian m\u00e1t m\u1ebb, t\u01b0\u01a1i m\u1edbi nh\u1edd s\u1ef1 k\u1ebft h\u1ee3p c\u1ee7a tinh d\u1ea7u v\u00e0 h\u01a1i n\u01b0\u1edbc.<\/li>\n<li>Ti\u1ebft ki\u1ec7m n\u0103ng l\u01b0\u1ee3ng c\u0169ng l\u00e0 m\u1ed9t \u01b0u \u0111i\u1ec3m n\u1ed5i b\u1eadt c\u1ee7a m\u00e1y khu\u1ebfch t\u00e1n tinh d\u1ea7u phi thuy\u1ec1n. M\u00e1y ti\u00eau th\u1ee5 r\u1ea5t \u00edt \u0111i\u1ec7n n\u0103ng, gi\u00fap b\u1ea1n ti\u1ebft ki\u1ec7m \u0111\u01b0\u1ee3c n\u0103ng l\u01b0\u1ee3ng v\u00e0 \u0111\u1ed3ng th\u1eddi b\u1ea3o v\u1ec7 m\u00f4i tr\u01b0\u1eddng.<\/li>\n<li>Kh\u00f4ng ch\u1ec9 v\u1eady, m\u00e1y khu\u1ebfch t\u00e1n c\u00f2n gi\u00fap b\u1ea1n ti\u1ebft ki\u1ec7m tinh d\u1ea7u. V\u1edbi ch\u1ec9 4-5 gi\u1ecdt tinh d\u1ea7u (tu\u1ef3 lo\u1ea1i), m\u00e1y c\u00f3 th\u1ec3 t\u1ea1o ra m\u1ed9t kh\u00f4ng gian th\u01a1m l\u00e2u d\u00e0i v\u00e0 ti\u1ebft ki\u1ec7m h\u01a1n so v\u1edbi vi\u1ec7c s\u1eed d\u1ee5ng c\u00e1c lo\u1ea1i \u0111\u00e8n \u0111\u1ed1t.<\/li>\n<li>Cu\u1ed1i c\u00f9ng, m\u00e1y khu\u1ebfch t\u00e1n phi thuy\u1ec1n \u0111\u01b0\u1ee3c thi\u1ebft k\u1ebf cao c\u1ea5p v\u00e0 sang tr\u1ecdng. V\u1edbi t\u00edch h\u1ee3p \u0111\u00e8n, m\u00e1y c\u00f3 th\u1ec3 \u0111\u01b0\u1ee3c s\u1eed d\u1ee5ng nh\u01b0 m\u1ed9t v\u1eadt trang tr\u00ed \u0111\u1eb9p m\u1eaft trong c\u0103n ph\u00f2ng c\u1ee7a b\u1ea1n. B\u1ea1n c\u0169ng c\u00f3 th\u1ec3 s\u1eed d\u1ee5ng n\u00f3 l\u00e0m \u0111\u00e8n ng\u1ee7, mang \u0111\u1ebfn kh\u00f4ng gian th\u01b0 gi\u00e3n v\u00e0 \u00eam d\u1ecbu.<\/li>\n<\/ul>\n<div>\n<p><img decoding=\"async\" src=\"https:\/\/file.hstatic.net\/200000455999\/file\/may_khuech_tan_tinh_dau_va_tao_do_am_-_phi_thuyen__1__2559af8aa084470baa7bec4dc1b2b0a5_1024x1024.png\" alt=\"M\u00e1y khu\u1ebfch t\u00e1n tinh d\u1ea7u v\u00e0 t\u1ea1o \u0111\u1ed9 \u1ea9m - Phi Thuy\u1ec1n\" \/><\/p>\n<\/div>\n<h2>Th\u00f4ng s\u1ed1 k\u1ef9 thu\u1eadt<\/h2>\n<table border=\"1\" cellspacing=\"1\" cellpadding=\"1\">\n<thead>\n<tr>\n<th>Th\u00f4ng s\u1ed1<\/th>\n<th>Gi\u00e1 tr\u1ecb<\/th>\n<\/tr>\n<\/thead>\n<tbody>\n<tr>\n<td>M\u00e0u s\u1eafc<\/td>\n<td>Tr\u1eafng\/\u0110en<\/td>\n<\/tr>\n<tr>\n<td>Ch\u1ea5t li\u1ec7u<\/td>\n<td>Nh\u1ef1a PP cao c\u1ea5p<\/td>\n<\/tr>\n<tr>\n<td>Tr\u1ecdng l\u01b0\u1ee3ng<\/td>\n<td>250gr<\/td>\n<\/tr>\n<tr>\n<td>K\u00edch th\u01b0\u1edbc<\/td>\n<td>118 x 116mm<\/td>\n<\/tr>\n<tr>\n<td>Th\u1eddi gian ho\u1ea1t \u0111\u1ed9ng<\/td>\n<td>3 &#8211; 5 gi\u1edd<\/td>\n<\/tr>\n<tr>\n<td>Dung t\u00edch<\/td>\n<td>100ml<\/td>\n<\/tr>\n<tr>\n<td>Di\u1ec7n t\u00edch khu\u1ebfch t\u00e1n<\/td>\n<td>10 &#8211; 15m2<\/td>\n<\/tr>\n<tr>\n<td>\u0110i\u1ec7n \u00e1p \u0111\u1ea7u v\u00e0o<\/td>\n<td>100 &#8211; 240V<\/td>\n<\/tr>\n<tr>\n<td>\u0110i\u1ec7n \u00e1p \u0111\u1ea7u ra<\/td>\n<td>24V<\/td>\n<\/tr>\n<tr>\n<td>Ch\u1ebf \u0111\u1ed9 khu\u1ebfch t\u00e1n<\/td>\n<td>Phun li\u00ean t\u1ee5c\/ Phun ngh\u1ec9<\/td>\n<\/tr>\n<tr>\n<td>B\u1ed9 s\u1ea3n ph\u1ea9m k\u00e8m theo<\/td>\n<td>M\u00e1y khu\u1ebfch t\u00e1n, d\u00e2y ngu\u1ed3n, gi\u1ea5y h\u01b0\u1edbng d\u1eabn s\u1eed d\u1ee5ng<\/td>\n<\/tr>\n<\/tbody>\n<\/table>\n<p><img decoding=\"async\" src=\"https:\/\/file.hstatic.net\/200000455999\/file\/may_khuech_tan_tinh_dau_va_tao_do_am_-_phi_thuyen__3__a7bb7749b778418f9ee079afbcb9fabf_1024x1024.png\" alt=\"M\u00e1y khu\u1ebfch t\u00e1n tinh d\u1ea7u v\u00e0 t\u1ea1o \u0111\u1ed9 \u1ea9m - Phi Thuy\u1ec1n\" \/><\/p>\n<h2>H\u01b0\u1edbng d\u1eabn s\u1eed d\u1ee5ng m\u00e1y khu\u1ebfch t\u00e1n tinh d\u1ea7u v\u00e0 t\u1ea1o \u0111\u1ed9 \u1ea9m &#8211; Phi Thuy\u1ec1n<\/h2>\n<p>B\u01b0\u1edbc 1. M\u1edf n\u1eafp m\u00e1y.<\/p>\n<p>B\u01b0\u1edbc 2. C\u1eafm d\u00e2y ngu\u1ed3n v\u00e0o \u1ed5 c\u1eafm DC c\u1ee7a s\u1ea3n ph\u1ea9m b\u00ean d\u01b0\u1edbi m\u00e1y r\u1ed3i g\u1eafn \u1ed5 c\u1eafm \u0111i\u1ec7n v\u00e0o ngu\u1ed3n \u0111i\u1ec7n.<\/p>\n<p>B\u01b0\u1edbc 3. \u0110\u1ed5 n\u01b0\u1edbc v\u00e0o kh\u00f4ng qu\u00e1 90ml sao cho v\u1eeba s\u00e1t \u0111\u1ebfn v\u1ea1ch n\u01b0\u1edbc qui \u0111\u1ecbnh v\u00e0 cho t\u1eeb 2 \u0111\u1ebfn 4 gi\u1ecdt tinh d\u1ea7u v\u00e0o n\u01b0\u1edbc.<\/p>\n<p>B\u01b0\u1edbc 4. \u0110\u1eady n\u1eafp l\u1ea1i sao cho v\u1eeba kh\u00edt gi\u1eefa hai ph\u1ea7n n\u1eafp v\u00e0 ph\u1ea7n th\u00e2n m\u00e1y. Sau \u0111\u00f3, nh\u1ea5n n\u00fat kh\u1edfi \u0111\u1ed9ng v\u00e0 ch\u1ecdn ch\u1ebf \u0111\u1ed9 phun.<\/p>\n<p>N\u00fat \u201cMIST\u201d:<\/p>\n<ul>\n<li>L\u1ea7n nh\u1ea5n \u0111\u1ea7u: M\u00e1y s\u1ebd ch\u1ea1y li\u00ean t\u1ee5c cho \u0111\u1ebfn khi n\u01b0\u1edbc trong b\u00ecnh ch\u1ee9a c\u1ea1n<\/li>\n<li>L\u1ea7n nh\u1ea5n th\u1ee9 hai: M\u00e1y ho\u1ea1t \u0111\u1ed9ng theo chu k\u1ef3 15 gi\u00e2y (15 gi\u00e2y phun s\u01b0\u01a1ng v\u00e0 15 gi\u00e2y t\u1ef1 ng\u1eaft).<\/li>\n<\/ul>\n<p>N\u00fat \u201cLIGHT\u201d:<\/p>\n<ul>\n<li>L\u1ea7n nh\u1ea5n \u0111\u1ea7u: M\u00e0u s\u1eafc thay \u0111\u1ed5i li\u00ean t\u1ee5c theo chu k\u1ef3.<\/li>\n<li>L\u1ea7n nh\u1ea5n th\u1ee9 hai: Gi\u1eef nguy\u00ean m\u00e0u s\u1eafc hi\u1ec7n t\u1ea1i.<\/li>\n<li>L\u1ea7n nh\u1ea5n th\u1ee9 ba: T\u1eaft \u0111\u00e8n<\/li>\n<\/ul>\n<div>\n<p><img decoding=\"async\" src=\"https:\/\/file.hstatic.net\/200000455999\/file\/may_khuech_tan_tinh_dau_va_tao_do_am_-_phi_thuyen__2__9b9128a0f002414891ae12f9644aa20a_1024x1024.png\" alt=\"M\u00e1y khu\u1ebfch t\u00e1n tinh d\u1ea7u v\u00e0 t\u1ea1o \u0111\u1ed9 \u1ea9m - Phi Thuy\u1ec1n\" \/><\/p>\n<\/div>\n<h2>L\u01b0u \u00fd khi s\u1eed d\u1ee5ng m\u00e1y khu\u1ebfch t\u00e1n tinh d\u1ea7u v\u00e0 t\u1ea1o \u0111\u1ed9 \u1ea9m &#8211; Phi Thuy\u1ec1n<\/h2>\n<ul>\n<li>N\u1ebfu kh\u00f4ng s\u1eed d\u1ee5ng trong th\u1eddi gian d\u00e0i, h\u00e3y \u0111\u1ed5 h\u1ebft n\u01b0\u1edbc trong b\u00ecnh ch\u1ee9a, l\u00e0m kh\u00f4 v\u00e0 \u0111\u1ec3 n\u01a1i kh\u00f4 r\u00e1o tho\u00e1ng m\u00e1t. (C\u00f3 th\u1ec3 d\u00f9ng m\u1ed9t \u00edt d\u1ea5m tr\u1eafng ho\u1eb7c c\u1ed3n th\u1ea5m v\u1edbi v\u1ea3i cotton m\u1ec1m \u0111\u1ec3 l\u00e0m s\u1ea1ch b\u00ecnh ch\u1ee9a c\u0169ng nh\u01b0 l\u1ed7 th\u00f4ng kh\u00ed.)<\/li>\n<li>Kh\u00f4ng \u0111\u01b0\u1ee3c s\u1eed d\u1ee5ng n\u01b0\u1edbc n\u00f3ng v\u00e0 canh l\u01b0\u1ee3ng n\u01b0\u1edbc \u0111\u1ed5 v\u00e0o theo v\u1ea1ch qui \u0111\u1ecbnh. Kh\u00f4ng \u0111\u01b0\u1ee3c \u0111\u1ed5 n\u01b0\u1edbc qu\u00e1 v\u1ea1ch k\u1ebb c\u0169ng nh\u01b0 kh\u00f4ng b\u1ecf th\u00eam n\u01b0\u1edbc v\u00e0o khi \u0111ang s\u1eed d\u1ee5ng m\u00e1y. Lu\u00f4n s\u1eed d\u1ee5ng n\u01b0\u1edbc s\u1ea1ch t\u1eeb 100C \u0111\u1ebfn 500C.<\/li>\n<li>S\u1ea3n ph\u1ea9m s\u1ebd t\u1ef1 \u0111\u1ed9ng t\u1eaft ngu\u1ed3n khi l\u01b0\u1ee3ng n\u01b0\u1edbc trong b\u00ecnh ch\u1ee9a c\u1ea1n.<\/li>\n<\/ul>\n<\/div>\n<\/div>\n<\/div>\n<\/div>\n<div class=\"js-seemore ega-pro__seemore text-center pos-relative mt-3 show\"><a class=\"btn btn-main btn-pill mx-auto\" title=\"Thu g\u1ecdn\">Thu g\u1ecdn<\/a><\/div>\n<\/div>\n<div class=\"col-12 col-md-4 pl-0 pl-md-3 product-right pr-0\">\n<div class=\"product-related-blog\"><\/div>\n<\/div>\n","protected":false},"excerpt":{"rendered":"<p>M\u00e1y khu\u1ebfch t\u00e1n tinh d\u1ea7u v\u00e0 t\u1ea1o \u0111\u1ed9 \u1ea9m &#8211; Phi Thuy\u1ec1n t\u00edch h\u1ee3p c\u00f4ng ngh\u1ec7 si\u00eau \u00e2m nano mang \u0111\u1ebfn nh\u1eefng tr\u1ea3i nghi\u1ec7m \u0111\u1ed9c \u0111\u00e1o v\u00e0 th\u00fa v\u1ecb cho kh\u00f4ng gian s\u1ed1ng c\u1ee7a b\u1ea1n, v\u1edbi kh\u1ea3 n\u0103ng to\u1ea3 m\u00f9i th\u01a1m nhanh ch\u00f3ng v\u00e0 \u0111\u1ed3ng \u0111\u1ec1u kh\u1eafp c\u0103n ph\u00f2ng, m\u00e1y t\u1ea1o ra kh\u00f4ng gian \u1ea5m \u00e1p v\u00e0 th\u01b0 gi\u00e3n.<\/p>\n","protected":false},"featured_media":5429,"comment_status":"open","ping_status":"closed","template":"","meta":[],"product_cat":[171,127],"product_tag":[172],"class_list":["post-5424","product","type-product","status-publish","has-post-thumbnail","hentry","product_cat-phu-kien","product_cat-san-pham-himalaya","product_tag-may-khuech-tan-tinh-dau"],"aioseo_notices":[],"_links":{"self":[{"href":"https:\/\/tiemtaphoa.xyz\/index.php\/wp-json\/wp\/v2\/product\/5424"}],"collection":[{"href":"https:\/\/tiemtaphoa.xyz\/index.php\/wp-json\/wp\/v2\/product"}],"about":[{"href":"https:\/\/tiemtaphoa.xyz\/index.php\/wp-json\/wp\/v2\/types\/product"}],"replies":[{"embeddable":true,"href":"https:\/\/tiemtaphoa.xyz\/index.php\/wp-json\/wp\/v2\/comments?post=5424"}],"wp:featuredmedia":[{"embeddable":true,"href":"https:\/\/tiemtaphoa.xyz\/index.php\/wp-json\/wp\/v2\/media\/5429"}],"wp:attachment":[{"href":"https:\/\/tiemtaphoa.xyz\/index.php\/wp-json\/wp\/v2\/media?parent=5424"}],"wp:term":[{"taxonomy":"product_cat","embeddable":true,"href":"https:\/\/tiemtaphoa.xyz\/index.php\/wp-json\/wp\/v2\/product_cat?post=5424"},{"taxonomy":"product_tag","embeddable":true,"href":"https:\/\/tiemtaphoa.xyz\/index.php\/wp-json\/wp\/v2\/product_tag?post=5424"}],"curies":[{"name":"wp","href":"https:\/\/api.w.org\/{rel}","templated":true}]}}