{"id":5432,"date":"2023-09-29T10:45:49","date_gmt":"2023-09-29T03:45:49","guid":{"rendered":"https:\/\/webbachhoa.com\/?post_type=product&#038;p=5432"},"modified":"2023-09-29T10:45:49","modified_gmt":"2023-09-29T03:45:49","slug":"may-khuech-tan-tinh-dau-va-tao-do-am-thien-nga","status":"publish","type":"product","link":"https:\/\/tiemtaphoa.xyz\/index.php\/product\/may-khuech-tan-tinh-dau-va-tao-do-am-thien-nga\/","title":{"rendered":"M\u00e1y khu\u1ebfch t\u00e1n tinh d\u1ea7u v\u00e0 t\u1ea1o \u0111\u1ed9 \u1ea9m &#8211; Thi\u00ean Nga"},"content":{"rendered":"<p>M\u00e1y khu\u1ebfch t\u00e1n tinh d\u1ea7u v\u00e0 t\u1ea1o \u0111\u1ed9 \u1ea9m &#8211; Thi\u00ean Nga d\u00f9ng c\u00f4ng ngh\u1ec7 s\u00f3ng si\u00eau \u00e2m \u0111\u1ea9y n\u01b0\u1edbc v\u00e0 tinh d\u1ea7u th\u00e0nh nh\u1eefng h\u1ea1t ion si\u00eau m\u1ecbn nh\u01b0 m\u1ed9t l\u00e0n kh\u00f3i m\u1ecfng lan t\u1ecfa h\u01b0\u01a1ng th\u01a1m trong kh\u00f4ng kh\u00ed. Hi\u1ec7u qu\u1ea3 m\u00e1y khu\u1ebfch t\u00e1n tinh d\u1ea7u mang l\u1ea1i g\u1ea5p 10 l\u1ea7n so v\u1edbi d\u00f9ng \u0111\u00e8n x\u00f4ng tinh d\u1ea7u th\u00f4ng th\u01b0\u1eddng.<\/p>\n<h2>Nh\u1eefng \u01b0u \u0111i\u1ec3m n\u1ed5i b\u1eadt c\u1ee7a m\u00e1y khu\u1ebfch t\u00e1n tinh d\u1ea7u v\u00e0 t\u1ea1o \u0111\u1ed9 \u1ea9m &#8211; Thi\u00ean nga<\/h2>\n<ul>\n<li>Thi\u1ebft k\u1ebf thon g\u1ecdn v\u00e0 thanh l\u1ecbch c\u1ee7a m\u00e1y x\u00f4ng tinh d\u1ea7u ph\u00f9 h\u1ee3p v\u1edbi nhi\u1ec1u kh\u00f4ng gian kh\u00e1c nhau, bao g\u1ed3m ph\u00f2ng ng\u1ee7, ph\u00f2ng spa, ph\u00f2ng l\u00e0m vi\u1ec7c, ph\u00f2ng ti\u1ebfp kh\u00e1ch, ph\u00f2ng karaoke, ph\u00f2ng th\u1ea9m m\u1ef9 vi\u1ec7n, qu\u00e1n cafe, s\u1ea3nh, h\u1ed9i ngh\u1ecb, event v\u00e0 nhi\u1ec1u h\u01a1n n\u1eefa.<\/li>\n<li>M\u00e1y c\u00f3 kh\u1ea3 n\u0103ng lan t\u1ecfa tinh d\u1ea7u trong kh\u00f4ng kh\u00ed m\u1ed9t c\u00e1ch hi\u1ec7u qu\u1ea3, nh\u1edd v\u00e0o c\u00f4ng ngh\u1ec7 s\u00f3ng si\u00eau \u00e2m, t\u1ea1o c\u1ea3m gi\u00e1c nh\u01b0 ngay l\u1eadp t\u1ee9c l\u01b0u h\u01b0\u01a1ng th\u01a1m trong kh\u00f4ng gian.<\/li>\n<li>Ngo\u00e0i vi\u1ec7c s\u1eed d\u1ee5ng \u0111\u1ec3 t\u1ea1o kh\u00f4ng gian th\u01a1m m\u00e1t, m\u00e1y c\u0169ng c\u00f3 th\u1ec3 \u0111\u01b0\u1ee3c s\u1eed d\u1ee5ng nh\u01b0 m\u00e1y t\u1ea1o \u0111\u1ed9 \u1ea9m kh\u00f4ng kh\u00ed cho ph\u00f2ng m\u00e1y l\u1ea1nh trong m\u00f9a \u0111\u00f4ng hanh kh\u00f4, m\u00e0 kh\u00f4ng g\u00e2y h\u1ea1i cho c\u00e1c thi\u1ebft b\u1ecb \u0111i\u1ec7n t\u1eed kh\u00e1c.<\/li>\n<li>M\u00e1y \u0111\u01b0\u1ee3c trang b\u1ecb h\u1ec7 th\u1ed1ng \u0111\u00e8n LED 7 m\u00e0u phong th\u1ee7y, c\u00f3 th\u1ec3 \u0111\u01b0\u1ee3c s\u1eed d\u1ee5ng \u0111\u1ec3 thay th\u1ebf \u0111\u00e8n ng\u1ee7 ho\u1eb7c t\u1eaft \u0111\u00e8n khi c\u1ea7n.<\/li>\n<li>M\u00e1y x\u00f4ng tinh d\u1ea7u ti\u1ebft ki\u1ec7m n\u0103ng l\u01b0\u1ee3ng \u0111i\u1ec7n v\u00e0 ti\u1ebft ki\u1ec7m tinh d\u1ea7u, v\u00ec n\u00f3 gi\u00fap ph\u00e1t t\u00e1n h\u01b0\u01a1ng th\u01a1m m\u1ed9t c\u00e1ch hi\u1ec7u qu\u1ea3, s\u1eed d\u1ee5ng l\u01b0\u1ee3ng tinh d\u1ea7u c\u1ea7n thi\u1ebft cho m\u00e1y.<\/li>\n<li>Ngo\u00e0i ra, m\u00e1y x\u00f4ng tinh d\u1ea7u c\u0169ng l\u00e0 m\u1ed9t m\u00f3n qu\u00e0 \u00fd ngh\u0129a, th\u1ec3 hi\u1ec7n s\u1ef1 quan t\u00e2m v\u00e0 ch\u0103m s\u00f3c d\u00e0nh cho b\u1ea1n b\u00e8 v\u00e0 ng\u01b0\u1eddi th\u00e2n trong gia \u0111\u00ecnh, \u0111\u1eb7c bi\u1ec7t trong nh\u1eefng d\u1ecbp \u0111\u1eb7c bi\u1ec7t nh\u01b0 t\u00e2n gia, khai tr\u01b0\u01a1ng, l\u1ec5 t\u1ebft v\u00e0 c\u00e1c d\u1ecbp kh\u00e1c.<\/li>\n<\/ul>\n<h2>Th\u00f4ng s\u1ed1 k\u1ef9 thu\u1eadt m\u00e1y khu\u1ebfch t\u00e1n tinh d\u1ea7u v\u00e0 t\u1ea1o \u0111\u1ed9 \u1ea9m &#8211; Thi\u00ean Nga<\/h2>\n<table border=\"1\" cellspacing=\"1\" cellpadding=\"1\">\n<thead>\n<tr>\n<th>Th\u00f4ng s\u1ed1<\/th>\n<th>Chi ti\u1ebft<\/th>\n<\/tr>\n<\/thead>\n<tbody>\n<tr>\n<td>M\u00e0u s\u1eafc<\/td>\n<td>Tr\u1eafng<\/td>\n<\/tr>\n<tr>\n<td>Ch\u1ea5t li\u1ec7u<\/td>\n<td>Nh\u1ef1a PP cao c\u1ea5p<\/td>\n<\/tr>\n<tr>\n<td>K\u00edch th\u01b0\u1edbc<\/td>\n<td>15cm x 20cm<\/td>\n<\/tr>\n<tr>\n<td>Th\u1eddi gian ho\u1ea1t \u0111\u1ed9ng<\/td>\n<td>4-8 gi\u1edd (h\u1ebft n\u01b0\u1edbc m\u00e1y t\u1ef1 t\u1eaft)<\/td>\n<\/tr>\n<tr>\n<td>Dung t\u00edch<\/td>\n<td>200ml<\/td>\n<\/tr>\n<tr>\n<td>Di\u1ec7n t\u00edch khu\u1ebfch t\u00e1n t\u1ed1i \u0111a<\/td>\n<td>30m2<\/td>\n<\/tr>\n<tr>\n<td>\u0110i\u1ec7n \u00e1p \u0111\u1ea7u v\u00e0o<\/td>\n<td>100 &#8211; 240V<\/td>\n<\/tr>\n<tr>\n<td>\u0110i\u1ec7n \u00e1p \u0111\u1ea7u ra<\/td>\n<td>24V<\/td>\n<\/tr>\n<tr>\n<td>Ch\u1ebf \u0111\u1ed9 khu\u1ebfch t\u00e1n<\/td>\n<td>Phun li\u00ean t\u1ee5c \/ Phun ngh\u1ec9<\/td>\n<\/tr>\n<\/tbody>\n<\/table>\n<h2>H\u01b0\u1edbng d\u1eabn s\u1eed d\u1ee5ng<\/h2>\n<p>B\u01b0\u1edbc 1. C\u1eafm d\u00e2y ngu\u1ed3n v\u00e0o \u1ed5 c\u1eafm DC c\u1ee7a s\u1ea3n ph\u1ea9m b\u00ean h\u00f4ng m\u00e1y r\u1ed3i g\u1eafn \u1ed5 c\u1eafm \u0111i\u1ec7n v\u00e0o ngu\u1ed3n \u0111i\u1ec7n.<\/p>\n<p>B\u01b0\u1edbc 2. G\u1ee1 ph\u1ea7n th\u00e2n tr\u00ean c\u1ee7a s\u1ea3n ph\u1ea9m, cho n\u01b0\u1edbc v\u00e0o kho\u1ea3ng 200ml (Kh\u00f4ng \u0111\u01b0\u1ee3c s\u1eed d\u1ee5ng n\u01b0\u1edbc n\u00f3ng v\u00e0 canh l\u01b0\u1ee3ng n\u01b0\u1edbc \u0111\u1ed5 v\u00e0o theo v\u1ea1ch qui \u0111\u1ecbnh. Kh\u00f4ng \u0111\u01b0\u1ee3c \u0111\u1ed5 n\u01b0\u1edbc qu\u00e1 v\u1ea1ch k\u1ebb c\u0169ng nh\u01b0 kh\u00f4ng b\u1ecf th\u00eam n\u01b0\u1edbc v\u00e0o khi \u0111ang s\u1eed d\u1ee5ng m\u00e1y. Lu\u00f4n s\u1eed d\u1ee5ng n\u01b0\u1edbc s\u1ea1ch t\u1eeb 100C \u0111\u1ebfn 500C.)<\/p>\n<p>B\u01b0\u1edbc 3. Cho t\u1eeb 3 \u0111\u1ebfn 5 gi\u1ecdt tinh d\u1ea7u v\u00e0o n\u01b0\u1edbc<\/p>\n<p>B\u01b0\u1edbc 4. \u0110\u1eady n\u1eafp l\u1ea1i sao cho v\u1eeba kh\u00edt gi\u1eefa hai ph\u1ea7n th\u00e2n v\u00e0 ph\u1ea7n ch\u00e2n \u0111\u1ebf. Cu\u1ed1i c\u00f9ng nh\u1ea5n n\u00fat kh\u1edfi \u0111\u1ed9ng v\u00e0 ch\u1ecdn ch\u1ebf \u0111\u1ed9 phun.<\/p>\n<p>N\u00fat \u201cMIST\u201d:<\/p>\n<ul>\n<li>L\u1ea7n nh\u1ea5n \u0111\u1ea7u: M\u00e1y s\u1ebd ch\u1ea1y li\u00ean t\u1ee5c cho \u0111\u1ebfn khi n\u01b0\u1edbc trong b\u00ecnh ch\u1ee9a c\u1ea1n.<\/li>\n<li>L\u1ea7n nh\u1ea5n th\u1ee9 hai: M\u00e1y ho\u1ea1t \u0111\u1ed9ng theo chu k\u1ef3 15 gi\u00e2y (15 gi\u00e2y phun s\u01b0\u01a1ng v\u00e0 15 gi\u00e2y t\u1ef1 ng\u1eaft).<\/li>\n<li>Nh\u1ea5n l\u1ea7n 1 ch\u1ecdn ch\u1ebf \u0111\u1ed9 phun s\u01b0\u01a1ng li\u00ean t\u1ee5c v\u00e0 \u0111\u00e8n s\u00e1ng<\/li>\n<li>Nh\u1ea5n l\u1ea7n 2 n\u00f3 chuy\u1ec3n sang ch\u1ebf \u0111\u1ed9 ng\u1eaft qu\u00e3ng (Phun 30 gi\u00e2y &#8211; T\u1eaft 30 gi\u00e2y)<\/li>\n<li>Nh\u1ea5n l\u1ea7n 3 phun s\u01b0\u01a1ng d\u1eebng l\u1ea1i.<\/li>\n<li>Nh\u1ea5n v\u00e0 gi\u1eef \u0111\u1ec3 d\u1eebng phun s\u01b0\u01a1ng v\u00e0 t\u1eaft \u0111\u00e8n.<\/li>\n<\/ul>\n<p>N\u00fat \u201cLIGHT\u201d:<\/p>\n<ul>\n<li>Nh\u1ea5n l\u1ea7n \u0111\u1ea7u ti\u00ean m\u00e0u s\u1eafc c\u1ee7a \u00e1nh s\u00e1ng li\u00ean t\u1ee5c thay \u0111\u1ed5i.<\/li>\n<li>Nh\u1ea5n l\u1ea7n 2 \u0111\u1ec3 s\u1eeda m\u00e0u<\/li>\n<li>Nh\u1ea5n l\u1ea7n 3 gi\u1eef \u00e1nh s\u00e1ng \u0111\u00e8n v\u00e0ng<\/li>\n<li>Nh\u1ea5n l\u1ea7n 4 chuy\u1ec3n sang \u00e1nh s\u00e1ng v\u00e0ng m\u1edd<\/li>\n<li>Nh\u1ea5n v\u00e0 gi\u1eef \u0111\u1ec3 t\u1eaft \u0111\u00e8n.<\/li>\n<\/ul>\n<p>L\u01b0u \u00fd khi s\u1eed d\u1ee5ng<\/p>\n<ul>\n<li>N\u1ebfu kh\u00f4ng s\u1eed d\u1ee5ng trong th\u1eddi gian d\u00e0i, h\u00e3y \u0111\u1ed5 h\u1ebft n\u01b0\u1edbc trong b\u00ecnh ch\u1ee9a, l\u00e0m kh\u00f4 v\u00e0 \u0111\u1ec3 n\u01a1i kh\u00f4 r\u00e1o tho\u00e1ng m\u00e1t. (C\u00f3 th\u1ec3 d\u00f9ng m\u1ed9t \u00edt d\u1ea5m tr\u1eafng ho\u1eb7c c\u1ed3n th\u1ea5m v\u1edbi v\u1ea3i cotton m\u1ec1m \u0111\u1ec3 l\u00e0m s\u1ea1ch b\u00ecnh ch\u1ee9a c\u0169ng nh\u01b0 l\u1ed7 th\u00f4ng kh\u00ed.)<\/li>\n<li>Ch\u1ec9 n\u00ean s\u1eed d\u1ee5ng tinh d\u1ea7u thi\u00ean nhi\u00ean nguy\u00ean ch\u1ea5t ch\u00ednh h\u00e3ng \u0111\u1ec3 \u0111\u1ea3m b\u1ea3o an to\u00e0n cho ng\u01b0\u1eddi s\u1eed d\u1ee5ng v\u00e0 tu\u1ed5i th\u1ecd c\u1ee7a m\u00e1y<\/li>\n<li>S\u1eed d\u1ee5ng n\u01b0\u1edbc s\u1ea1ch m\u00e1t, kh\u00f4ng qu\u00e1 n\u00f3ng<\/li>\n<li>L\u00e0m s\u1ea1ch m\u00e1y tr\u01b0\u1edbc khi thay \u0111\u1ed5i h\u01b0\u01a1ng tinh d\u1ea7u thi\u00ean nhi\u00ean m\u1edbi<\/li>\n<li>V\u00ea sinh m\u00e1y, d\u1ea7u th\u1eeba v\u1edbi c\u1ed3n d\u1ec5 d\u00e0ng h\u01a1n<\/li>\n<li>Kh\u00f4ng l\u00f3t kh\u0103n ho\u1eb7c v\u1ea3i c\u00f3 l\u00f4ng d\u01b0\u1edbi m\u00e1y<\/li>\n<li>S\u1ea3n ph\u1ea9m s\u1ebd t\u1ef1 \u0111\u1ed9ng t\u1eaft ngu\u1ed3n khi l\u01b0\u1ee3ng n\u01b0\u1edbc trong b\u00ecnh ch\u1ee9a c\u1ea1n.<\/li>\n<\/ul>\n","protected":false},"excerpt":{"rendered":"<p>M\u00e1y khu\u1ebfch t\u00e1n tinh d\u1ea7u v\u00e0 t\u1ea1o \u0111\u1ed9 \u1ea9m &#8211; Thi\u00ean Nga d\u00f9ng c\u00f4ng ngh\u1ec7 s\u00f3ng si\u00eau \u00e2m \u0111\u1ea9y n\u01b0\u1edbc v\u00e0 tinh d\u1ea7u th\u00e0nh nh\u1eefng h\u1ea1t ion si\u00eau m\u1ecbn nh\u01b0 m\u1ed9t l\u00e0n kh\u00f3i m\u1ecfng lan t\u1ecfa h\u01b0\u01a1ng th\u01a1m trong kh\u00f4ng kh\u00ed. Hi\u1ec7u qu\u1ea3 m\u00e1y khu\u1ebfch t\u00e1n tinh d\u1ea7u mang l\u1ea1i g\u1ea5p 10 l\u1ea7n so v\u1edbi d\u00f9ng \u0111\u00e8n x\u00f4ng tinh d\u1ea7u th\u00f4ng th\u01b0\u1eddng.<\/p>\n","protected":false},"featured_media":5434,"comment_status":"open","ping_status":"closed","template":"","meta":[],"product_cat":[171,127],"product_tag":[172],"class_list":["post-5432","product","type-product","status-publish","has-post-thumbnail","hentry","product_cat-phu-kien","product_cat-san-pham-himalaya","product_tag-may-khuech-tan-tinh-dau"],"aioseo_notices":[],"_links":{"self":[{"href":"https:\/\/tiemtaphoa.xyz\/index.php\/wp-json\/wp\/v2\/product\/5432"}],"collection":[{"href":"https:\/\/tiemtaphoa.xyz\/index.php\/wp-json\/wp\/v2\/product"}],"about":[{"href":"https:\/\/tiemtaphoa.xyz\/index.php\/wp-json\/wp\/v2\/types\/product"}],"replies":[{"embeddable":true,"href":"https:\/\/tiemtaphoa.xyz\/index.php\/wp-json\/wp\/v2\/comments?post=5432"}],"wp:featuredmedia":[{"embeddable":true,"href":"https:\/\/tiemtaphoa.xyz\/index.php\/wp-json\/wp\/v2\/media\/5434"}],"wp:attachment":[{"href":"https:\/\/tiemtaphoa.xyz\/index.php\/wp-json\/wp\/v2\/media?parent=5432"}],"wp:term":[{"taxonomy":"product_cat","embeddable":true,"href":"https:\/\/tiemtaphoa.xyz\/index.php\/wp-json\/wp\/v2\/product_cat?post=5432"},{"taxonomy":"product_tag","embeddable":true,"href":"https:\/\/tiemtaphoa.xyz\/index.php\/wp-json\/wp\/v2\/product_tag?post=5432"}],"curies":[{"name":"wp","href":"https:\/\/api.w.org\/{rel}","templated":true}]}}