{"id":5442,"date":"2023-09-29T14:30:42","date_gmt":"2023-09-29T07:30:42","guid":{"rendered":"https:\/\/webbachhoa.com\/?post_type=product&#038;p=5442"},"modified":"2023-09-29T14:30:43","modified_gmt":"2023-09-29T07:30:43","slug":"den-treo-su-dung-dien-kieu-long-vuong","status":"publish","type":"product","link":"https:\/\/tiemtaphoa.xyz\/index.php\/product\/den-treo-su-dung-dien-kieu-long-vuong\/","title":{"rendered":"\u0110\u00e8n treo s\u1eed d\u1ee5ng \u0111i\u1ec7n ki\u1ec3u l\u1ed3ng vu\u00f4ng"},"content":{"rendered":"<p>B\u1ea1n y\u00eau th\u00edch h\u01b0\u01a1ng th\u01a1m c\u1ee7a n\u1ebfn nh\u01b0ng b\u1ea1n l\u1ea1i kh\u00f4ng th\u00edch s\u1ef1 b\u1ea5t ti\u1ec7n c\u1ee7a l\u1eeda m\u1ed7i khi \u0111\u1ed1t n\u1ebfn. \u0110\u00e8n ch\u1ee5p \u0111\u1ed1t n\u1ebfn s\u1ebd l\u00e0 s\u1ef1 l\u1ef1a ch\u1ecdn th\u00f4ng minh v\u00e0 ti\u1ec7n l\u1ee3i d\u00e0nh cho b\u1ea1n.<\/p>\n<p>Nhi\u1ec7t ph\u00e1t ra t\u1eeb b\u00f3ng \u0111\u00e8n s\u1ebd l\u00e0m tan ch\u1ea3y s\u00e1p n\u1ebfn, gi\u00fap lan t\u1ecfa h\u01b0\u01a1ng th\u01a1m kh\u1eafp c\u0103n ph\u00f2ng. Thi\u1ebft k\u1ebf \u0111\u00e8n v\u1edbi d\u00e1ng u\u1ed1n l\u01b0\u1ee3n m\u1ec1m m\u1ea1i gi\u00fap t\u1ea1o \u0111i\u1ec3m nh\u1ea5n \u1ea5n t\u01b0\u1ee3ng cho kh\u00f4ng gian nh\u00e0 b\u1ea1n.<\/p>\n<p>Nh\u1eefng \u0111\u01b0\u1eddng n\u00e9t hoa v\u0103n c\u1ed5 \u0111i\u1ec3n \u0111\u01b0\u1ee3c thi\u1ebft k\u1ebf v\u00f4 c\u00f9ng tinh x\u1ea3o c\u1ee7a chi\u1ebfc \u0111\u00e8n s\u1ebd t\u00f4 \u0111i\u1ec3m cho kh\u00f4ng gian s\u1ed1ng th\u00eam ph\u1ea7n thanh l\u1ecbch v\u00e0 qu\u00fd ph\u00e1i.<\/p>\n<p><strong>Th\u00f4ng s\u1ed1 s\u1ea3n ph\u1ea9m\u00a0<\/strong><\/p>\n<p>&#8211; M\u00e0u : \u0110en<\/p>\n<p>&#8211; K\u00edch th\u01b0\u1edbc : Cao 30cm<\/p>\n<p>&#8211; R\u1ed9ng 15cm<\/p>\n<p>&#8211; B\u00f3ng \u0111\u00e8n : GU10<\/p>\n<p>&#8211; Ngu\u1ed3n : 220V<\/p>\n<p>&#8211; C\u00f4ng su\u1ea5t : 35W<\/p>\n<p>&#8211; Di\u1ec7n t\u00edch s\u1eed d\u1ee5ng : ~20m2<\/p>\n<p><strong>H\u01b0\u1edbng d\u1eabn s\u1eed d\u1ee5ng:\u00a0<\/strong><\/p>\n<p>\u2013 B\u01b0\u1edbc 1: M\u1edf n\u1eafp h\u0169 n\u1ebfn<\/p>\n<p>\u2013 B\u01b0\u1edbc 2: \u0110\u1eb7t h\u0169 n\u1ebfn v\u00e0o d\u01b0\u1edbi \u0111\u00e8n.<\/p>\n<p>\u2013 B\u01b0\u1edbc 3: B\u1eadt \u0111\u00e8n v\u00e0 t\u1eadn h\u01b0\u1edfng th\u01a1m lan t\u1ecfa kh\u1eafp kh\u00f4ng gian.<\/p>\n<p><strong>L\u01b0u \u00fd<\/strong>: L\u1ea7n \u0111\u1ea7u \u0111\u1ed1t n\u1ebfn, b\u1ea1n h\u00e3y \u0111\u1ed1t t\u1eeb 3-4 gi\u1edd. Sau khi \u0111\u1ed1t n\u1ebfn kho\u1ea3ng 2 -3 ng\u00e0y, b\u1ea1n ph\u1ea3i \u0111\u1ed5 l\u1edbp n\u1ebfn \u0111\u00e3 tan ch\u1ea3y tr\u00ean b\u1ec1 m\u1eb7t \u0111i v\u00ec l\u1edbp n\u00e0y \u0111\u00e3 h\u1ebft tinh d\u1ea7u, n\u1ebfu \u0111\u1ed1t n\u1eefa s\u1ebd kh\u00f4ng c\u00f3 m\u00f9i th\u01a1m.<\/p>\n","protected":false},"excerpt":{"rendered":"<p>B\u1ea1n y\u00eau th\u00edch h\u01b0\u01a1ng th\u01a1m c\u1ee7a n\u1ebfn nh\u01b0ng b\u1ea1n l\u1ea1i kh\u00f4ng th\u00edch s\u1ef1 b\u1ea5t ti\u1ec7n c\u1ee7a l\u1eeda m\u1ed7i khi \u0111\u1ed1t n\u1ebfn. \u0110\u00e8n ch\u1ee5p \u0111\u1ed1t n\u1ebfn s\u1ebd l\u00e0 s\u1ef1 l\u1ef1a ch\u1ecdn th\u00f4ng minh v\u00e0 ti\u1ec7n l\u1ee3i d\u00e0nh cho b\u1ea1n.<\/p>\n<p>Nhi\u1ec7t ph\u00e1t ra t\u1eeb b\u00f3ng \u0111\u00e8n s\u1ebd l\u00e0m tan ch\u1ea3y s\u00e1p n\u1ebfn, gi\u00fap lan t\u1ecfa h\u01b0\u01a1ng th\u01a1m kh\u1eafp c\u0103n ph\u00f2ng. Thi\u1ebft k\u1ebf \u0111\u00e8n v\u1edbi d\u00e1ng u\u1ed1n l\u01b0\u1ee3n m\u1ec1m m\u1ea1i gi\u00fap t\u1ea1o \u0111i\u1ec3m nh\u1ea5n \u1ea5n t\u01b0\u1ee3ng cho kh\u00f4ng gian nh\u00e0 b\u1ea1n.<\/p>\n","protected":false},"featured_media":5443,"comment_status":"open","ping_status":"closed","template":"","meta":[],"product_cat":[171,127],"product_tag":[],"class_list":["post-5442","product","type-product","status-publish","has-post-thumbnail","hentry","product_cat-phu-kien","product_cat-san-pham-himalaya"],"aioseo_notices":[],"_links":{"self":[{"href":"https:\/\/tiemtaphoa.xyz\/index.php\/wp-json\/wp\/v2\/product\/5442"}],"collection":[{"href":"https:\/\/tiemtaphoa.xyz\/index.php\/wp-json\/wp\/v2\/product"}],"about":[{"href":"https:\/\/tiemtaphoa.xyz\/index.php\/wp-json\/wp\/v2\/types\/product"}],"replies":[{"embeddable":true,"href":"https:\/\/tiemtaphoa.xyz\/index.php\/wp-json\/wp\/v2\/comments?post=5442"}],"wp:featuredmedia":[{"embeddable":true,"href":"https:\/\/tiemtaphoa.xyz\/index.php\/wp-json\/wp\/v2\/media\/5443"}],"wp:attachment":[{"href":"https:\/\/tiemtaphoa.xyz\/index.php\/wp-json\/wp\/v2\/media?parent=5442"}],"wp:term":[{"taxonomy":"product_cat","embeddable":true,"href":"https:\/\/tiemtaphoa.xyz\/index.php\/wp-json\/wp\/v2\/product_cat?post=5442"},{"taxonomy":"product_tag","embeddable":true,"href":"https:\/\/tiemtaphoa.xyz\/index.php\/wp-json\/wp\/v2\/product_tag?post=5442"}],"curies":[{"name":"wp","href":"https:\/\/api.w.org\/{rel}","templated":true}]}}