{"id":5452,"date":"2023-09-29T14:39:52","date_gmt":"2023-09-29T07:39:52","guid":{"rendered":"https:\/\/webbachhoa.com\/?post_type=product&#038;p=5452"},"modified":"2023-09-29T14:39:52","modified_gmt":"2023-09-29T07:39:52","slug":"den-treo-su-dung-dien-kieu-co-dien-vintage-vang","status":"publish","type":"product","link":"https:\/\/tiemtaphoa.xyz\/index.php\/product\/den-treo-su-dung-dien-kieu-co-dien-vintage-vang\/","title":{"rendered":"\u0110\u00e8n treo s\u1eed d\u1ee5ng \u0111i\u1ec7n ki\u1ec3u c\u1ed5 \u0111i\u1ec3n &#8211; Vintage (V\u00e0ng)"},"content":{"rendered":"<div class=\"mb-3 mb-sm-0 col-12 col-md-8 product-content js-content-wrapper card border-0\">\n<div id=\"ega-uti-editable-content\" class=\"rte js-product-getcontent product_getcontent pos-relative\" data-platform=\"haravan\" data-id=\"1039471304\">\n<div id=\"content\" class=\"content js-content\">\n<p>D\u1ee5ng c\u1ee5 chuy\u00ean d\u1ee5ng cho ng\u01b0\u1eddi ch\u01a1i n\u1ebfn th\u01a1m c\u00f3 1 m\u00f3n \u0111\u1ed3 c\u1ef1c chill, c\u00f3 n\u00fam \u0111i\u1ec1u khi\u1ec3n c\u01b0\u1eddng \u0111\u1ed9 \u00e1nh s\u00e1ng.<\/p>\n<p><strong>TH\u00d4NG S\u1ed0:\u00a0<\/strong><\/p>\n<p>\u2013 Chi\u1ec1u cao: 300mm<\/p>\n<p>\u2013 Chi\u1ec1u r\u1ed9ng: 150mm<\/p>\n<p>\u2013 C\u1ed1c n\u1ebfn cao t\u1ed1i \u0111a: 150mm<\/p>\n<p>\u2013 M\u00e0u s\u1eafc: Tr\u1eafng, \u0110en<\/p>\n<p>\u2013 Ch\u1ea5t Li\u1ec7u: H\u1ee3p kim nh\u00f4m ph\u1ee7 s\u01a1n t\u0129nh \u0111i\u1ec7n nano<\/p>\n<p>\u2013 K\u00e8m b\u00f3ng \u0111\u00e8n<\/p>\n<p><strong>C\u00d4NG D\u1ee4NG:<\/strong><\/p>\n<p>\u2013 D\u00f9ng \u0111\u1ec3 t\u1ecfa h\u01b0\u01a1ng t\u1ed1t h\u01a1n cho h\u0169 n\u1ebfn th\u01a1m so v\u1edbi c\u00e1ch \u0111\u1ed1t th\u00f4ng th\u01b0\u1eddng<\/p>\n<p>\u2013 C\u00f3 th\u1ec3 \u0111i\u1ec1u ch\u1ec9nh m\u1ee9c \u0111\u1ed9 \u00e1nh s\u00e1ng \u0111\u00e8n m\u1ea1nh hay y\u1ebfu \u0111\u1ec3 cho n\u1ebfn t\u1ecfa h\u01b0\u01a1ng m\u1ea1nh hay nh\u1eb9<\/p>\n<p>\u2013 L\u00e0 m\u00f3n \u0111\u1ed3 derco ph\u00f2ng r\u1ea5t \u0111\u1eb9p<\/p>\n<p>\u2013 C\u00f3 th\u1ec3 l\u00e0m \u0111\u00e8n ng\u1ee7<\/p>\n<p>\u2013 An to\u00e0n cho tr\u1ebb nh\u1ecf v\u00e0 v\u1eadt nu\u00f4i<\/p>\n<p><strong>\u00a0L\u01afU \u00dd:\u00a0<\/strong><\/p>\n<p>&#8211; Kh\u00f4ng n\u00ean ch\u1ea1m v\u00e0o b\u00f2ng \u0111\u00e8n \u0111ang th\u1eafp.<\/p>\n<p>&#8211; Tr\u00e1nh xa t\u1ea7m tay tr\u1ebb em<\/p>\n<p><strong>HDSD<\/strong>: S\u1eed d\u1ee5ng thay v\u00ec \u0111\u1ed1t n\u1ebfn tr\u1ef1c ti\u1ebfp b\u1eb1ng l\u1eeda, d\u00f9ng s\u1ee9c n\u00f3ng c\u1ee7a b\u00f3ng \u0111\u00e8n \u0111\u1ec3 l\u00e0m tan ch\u1ea3y s\u00e1p n\u1ebfn.<\/p>\n<p>Ti\u1ebft ki\u1ec7m. An to\u00e0n, Hi\u1ec7u qu\u1ea3!<\/p>\n<\/div>\n<\/div>\n<\/div>\n","protected":false},"excerpt":{"rendered":"<p>D\u1ee5ng c\u1ee5 chuy\u00ean d\u1ee5ng cho ng\u01b0\u1eddi ch\u01a1i n\u1ebfn th\u01a1m c\u00f3 1 m\u00f3n \u0111\u1ed3 c\u1ef1c chill, c\u00f3 n\u00fam \u0111i\u1ec1u khi\u1ec3n c\u01b0\u1eddng \u0111\u1ed9 \u00e1nh s\u00e1ng.<\/p>\n","protected":false},"featured_media":5453,"comment_status":"open","ping_status":"closed","template":"","meta":[],"product_cat":[171,127],"product_tag":[],"class_list":["post-5452","product","type-product","status-publish","has-post-thumbnail","hentry","product_cat-phu-kien","product_cat-san-pham-himalaya"],"aioseo_notices":[],"_links":{"self":[{"href":"https:\/\/tiemtaphoa.xyz\/index.php\/wp-json\/wp\/v2\/product\/5452"}],"collection":[{"href":"https:\/\/tiemtaphoa.xyz\/index.php\/wp-json\/wp\/v2\/product"}],"about":[{"href":"https:\/\/tiemtaphoa.xyz\/index.php\/wp-json\/wp\/v2\/types\/product"}],"replies":[{"embeddable":true,"href":"https:\/\/tiemtaphoa.xyz\/index.php\/wp-json\/wp\/v2\/comments?post=5452"}],"wp:featuredmedia":[{"embeddable":true,"href":"https:\/\/tiemtaphoa.xyz\/index.php\/wp-json\/wp\/v2\/media\/5453"}],"wp:attachment":[{"href":"https:\/\/tiemtaphoa.xyz\/index.php\/wp-json\/wp\/v2\/media?parent=5452"}],"wp:term":[{"taxonomy":"product_cat","embeddable":true,"href":"https:\/\/tiemtaphoa.xyz\/index.php\/wp-json\/wp\/v2\/product_cat?post=5452"},{"taxonomy":"product_tag","embeddable":true,"href":"https:\/\/tiemtaphoa.xyz\/index.php\/wp-json\/wp\/v2\/product_tag?post=5452"}],"curies":[{"name":"wp","href":"https:\/\/api.w.org\/{rel}","templated":true}]}}