{"id":5459,"date":"2023-09-29T14:53:16","date_gmt":"2023-09-29T07:53:16","guid":{"rendered":"https:\/\/webbachhoa.com\/?post_type=product&#038;p=5459"},"modified":"2023-09-29T14:53:16","modified_gmt":"2023-09-29T07:53:16","slug":"nen-thom-himalaya-smoked-oud-2-bac","status":"publish","type":"product","link":"https:\/\/tiemtaphoa.xyz\/index.php\/product\/nen-thom-himalaya-smoked-oud-2-bac\/","title":{"rendered":"N\u1ebfn Th\u01a1m Himalaya Smoked Oud (2 b\u1ea5c)"},"content":{"rendered":"<p>H\u01b0\u01a1ng g\u1ed7 nh\u1ef1a xen l\u1eabn kh\u00f3i ng\u1ecdt ng\u00e0o trong m\u00f9i h\u01b0\u01a1ng n\u00e0y. H\u01b0\u01a1ng th\u01a1m ghi l\u1ea1i h\u00ecnh \u1ea3nh c\u1ee7a nh\u1eefng th\u00e1nh \u0111\u01b0\u1eddng v\u00e0 l\u01b0 h\u01b0\u01a1ng cao v\u00fat v\u1edbi s\u1ef1 pha tr\u1ed9n c\u1ee7a h\u01b0\u01a1ng, kh\u00f3i, oud, nh\u1ef1a th\u00f4ng (nh\u0169 h\u01b0\u01a1ng, myrrh, h\u1ed5 ph\u00e1ch) v\u00e0 x\u1ea1 h\u01b0\u01a1ng. M\u1ed9t ch\u00fat h\u01b0\u01a1ng b\u1ea1c h\u00e0 v\u00e0 da thu\u1ed9c g\u1eafn k\u1ebft h\u01b0\u01a1ng th\u01a1m \u0111\u1eb7c bi\u1ec7t n\u00e0y v\u1edbi nhau.<\/p>\n<p><strong>H\u01b0\u01a1ng \u0111\u1ea7u<\/strong>: b\u1ea1c h\u00e0<br \/>\n<strong>H\u01b0\u01a1ng gi\u1eefa<\/strong>: kh\u00f3i<br \/>\n<strong>H\u01b0\u01a1ng cu\u1ed1i<\/strong>: tr\u1ea7m h\u01b0\u01a1ng, da thu\u1ed9c, x\u1ea1 h\u01b0\u01a1ng, h\u1ed5 ph\u00e1ch<\/p>\n<hr \/>\n<p><strong>Th\u00e0nh ph\u1ea7n<\/strong>:\u00a0S\u00e1p Ong, S\u00e1p C\u1ecd, Tinh D\u1ea7u<br \/>\n<strong>C\u00f4ng d\u1ee5ng<\/strong>:\u00a0T\u1ea1o H\u01b0\u01a1ng Th\u01a1m, Th\u1eafp S\u00e1ng<br \/>\n<strong>Th\u1eddi gian ch\u00e1y<\/strong>:\u00a040 &#8211; 50 gi\u1edd\u00a0(size 343g) \/ 60 &#8211; 70 gi\u1edd (size 545g)<br \/>\n<strong>H\u01b0\u1edbng d\u1eabn s\u1eed d\u1ee5ng<\/strong>:\u00a0C\u1eaft b\u1edbt c\u00f2n 0.5cm tr\u01b0\u1edbc khi \u0111\u1ed1t, l\u1ea7n \u0111\u1ea7u \u0111\u1ed1t li\u00ean t\u1ee5c trong 2h, ng\u01b0ng \u0111\u1ed1t khi s\u00e1p ch\u1ec9 c\u00f2n 1 cm d\u01b0\u1edbi \u0111\u00e1y<br \/>\n<strong>B\u1ea3o qu\u1ea3n<\/strong>:\u00a0N\u01a1i kh\u00f4 m\u00e1t, tr\u00e1nh \u00e1nh n\u1eafng m\u1eb7t tr\u1eddi<br \/>\n<strong>Th\u00f4ng tin c\u1ea3nh b\u00e1o<\/strong>:\u00a0Ch\u1ec9 \u0111\u1ed1t n\u1ebfn trong t\u1ea7m nh\u00ecn, kh\u00f4ng \u0111\u1ec3 tr\u00ean b\u1ec1 m\u1eb7t n\u1ed9i th\u1ea5t c\u00f3 s\u01a1n, n\u00ean s\u1eed d\u1ee5ng \u0111\u0129a l\u00f3t c\u00e1ch nhi\u1ec7t, \u0111\u1ec3 xa v\u1eadt d\u1ec5 b\u1eaft ch\u00e1y, xa t\u1ea7m tay tr\u1ebb em, v\u1eadt nu\u00f4i<\/p>\n","protected":false},"excerpt":{"rendered":"<p>H\u01b0\u01a1ng g\u1ed7 nh\u1ef1a xen l\u1eabn kh\u00f3i ng\u1ecdt ng\u00e0o trong m\u00f9i h\u01b0\u01a1ng n\u00e0y. H\u01b0\u01a1ng th\u01a1m ghi l\u1ea1i h\u00ecnh \u1ea3nh c\u1ee7a nh\u1eefng th\u00e1nh \u0111\u01b0\u1eddng v\u00e0 l\u01b0 h\u01b0\u01a1ng cao v\u00fat v\u1edbi s\u1ef1 pha tr\u1ed9n c\u1ee7a h\u01b0\u01a1ng, kh\u00f3i, oud, nh\u1ef1a th\u00f4ng (nh\u0169 h\u01b0\u01a1ng, myrrh, h\u1ed5 ph\u00e1ch) v\u00e0 x\u1ea1 h\u01b0\u01a1ng. M\u1ed9t ch\u00fat h\u01b0\u01a1ng b\u1ea1c h\u00e0 v\u00e0 da thu\u1ed9c g\u1eafn k\u1ebft h\u01b0\u01a1ng th\u01a1m \u0111\u1eb7c bi\u1ec7t n\u00e0y v\u1edbi nhau.<\/p>\n","protected":false},"featured_media":5461,"comment_status":"open","ping_status":"closed","template":"","meta":[],"product_cat":[129,127],"product_tag":[],"class_list":["post-5459","product","type-product","status-publish","has-post-thumbnail","hentry","product_cat-nen-thom","product_cat-san-pham-himalaya"],"aioseo_notices":[],"_links":{"self":[{"href":"https:\/\/tiemtaphoa.xyz\/index.php\/wp-json\/wp\/v2\/product\/5459"}],"collection":[{"href":"https:\/\/tiemtaphoa.xyz\/index.php\/wp-json\/wp\/v2\/product"}],"about":[{"href":"https:\/\/tiemtaphoa.xyz\/index.php\/wp-json\/wp\/v2\/types\/product"}],"replies":[{"embeddable":true,"href":"https:\/\/tiemtaphoa.xyz\/index.php\/wp-json\/wp\/v2\/comments?post=5459"}],"wp:featuredmedia":[{"embeddable":true,"href":"https:\/\/tiemtaphoa.xyz\/index.php\/wp-json\/wp\/v2\/media\/5461"}],"wp:attachment":[{"href":"https:\/\/tiemtaphoa.xyz\/index.php\/wp-json\/wp\/v2\/media?parent=5459"}],"wp:term":[{"taxonomy":"product_cat","embeddable":true,"href":"https:\/\/tiemtaphoa.xyz\/index.php\/wp-json\/wp\/v2\/product_cat?post=5459"},{"taxonomy":"product_tag","embeddable":true,"href":"https:\/\/tiemtaphoa.xyz\/index.php\/wp-json\/wp\/v2\/product_tag?post=5459"}],"curies":[{"name":"wp","href":"https:\/\/api.w.org\/{rel}","templated":true}]}}