{"id":5468,"date":"2023-09-29T15:01:57","date_gmt":"2023-09-29T08:01:57","guid":{"rendered":"https:\/\/webbachhoa.com\/?post_type=product&#038;p=5468"},"modified":"2023-09-29T15:01:57","modified_gmt":"2023-09-29T08:01:57","slug":"nen-thom-himalaya-tonka-oud-140g","status":"publish","type":"product","link":"https:\/\/tiemtaphoa.xyz\/index.php\/product\/nen-thom-himalaya-tonka-oud-140g\/","title":{"rendered":"N\u1ebfn Th\u01a1m Himalaya Tonka &#038; Oud (140g)"},"content":{"rendered":"<p>Tonka &amp; Oud l\u00e0 m\u1ed9t h\u01b0\u01a1ng th\u01a1m ph\u1ee9c t\u1ea1p, hi\u1ec7n \u0111\u1ea1i v\u1edbi s\u1ee9c h\u1ea5p d\u1eabn cao c\u1ea5p. M\u00f9i h\u01b0\u01a1ng g\u1ed7 n\u00e0y b\u1eaft \u0111\u1ea7u v\u1edbi h\u01b0\u01a1ng \u0111\u1ea7u c\u1ee7a amaretto v\u00e0 powder\u00a0tr\u01b0\u1edbc khi n\u00f3 nh\u01b0\u1eddng ch\u1ed7 cho tr\u00e1i tim c\u1ee7a tonka v\u00e0 balsam. C\u00e1c n\u1ed1t h\u01b0\u01a1ng c\u1ee7a r\u01b0\u1ee3u rum, x\u1ea1 h\u01b0\u01a1ng v\u00e0 nh\u1ef1a \u0111\u01b0\u1eddng ng\u1ecdt ng\u00e0o k\u1ebft th\u00fac\u00a0t\u1ea1o n\u00ean h\u01b0\u01a1ng th\u01a1m h\u1ea5p d\u1eabn n\u00e0y. M\u00f9i h\u01b0\u01a1ng \u00eam d\u1ecbu d\u1ec5 ch\u1ecbu n\u00e0y ho\u00e0n h\u1ea3o cho c\u00e1c l\u1ef1a ch\u1ecdn h\u01b0\u01a1ng th\u01a1m gia \u0111\u00ecnh \u201ch\u00e0ng ng\u00e0y&#8221;.<\/p>\n<p>N\u1ebfn th\u01a1m Tonka &amp; Oud \u0111\u01b0\u1ee3c pha tr\u1ed9n\u00a0v\u1edbi c\u00e1c lo\u1ea1i tinh d\u1ea7u t\u1ef1 nhi\u00ean, bao g\u1ed3m c\u00e2y kim linh sam, g\u1ed7 tuy\u1ebft t\u00f9ng, chanh, b\u1ea1c h\u00e0 v\u00e0 palmaros<\/p>\n<p>H\u01b0\u01a1ng \u0111\u1ea7u: Amaretto, Powder<\/p>\n<p>H\u01b0\u01a1ng gi\u1eefa: Balsam, \u0111\u1eadu tonka<\/p>\n<p>H\u01b0\u01a1ng cu\u1ed1i: Tr\u1ea7m h\u01b0\u01a1ng, x\u1ea1 h\u01b0\u01a1ng, r\u01b0\u1ee3u rum<\/p>\n<hr \/>\n<p><strong>Th\u00e0nh ph\u1ea7n:\u00a0<\/strong>S\u00e1p Ong, S\u00e1p C\u1ecd, Tinh D\u1ea7u<\/p>\n<p><strong>Xu\u1ea5t x\u1ee9:\u00a0<\/strong>Vi\u1ec7t Nam<\/p>\n<p><strong>C\u00f4ng d\u1ee5ng:<\/strong>\u00a0T\u1ea1o H\u01b0\u01a1ng Th\u01a1m, Th\u1eafp S\u00e1ng<\/p>\n<p><strong>Kh\u1ed1i l\u01b0\u1ee3ng:<\/strong>\u00a0140g<\/p>\n<p><strong>Th\u1eddi gian ch\u00e1y:<\/strong>\u00a030gi\u1edd &#8211; Di\u1ec7n t\u00edch ph\u00f2ng ph\u00f9 h\u1ee3p: 15m\u00b2 &#8211; 20m\u00b2<\/p>\n<p><strong>H\u01b0\u1edbng d\u1eabn s\u1eed d\u1ee5ng:<\/strong>\u00a0C\u1eaft b\u1ea5c c\u00f2n 0.5cm tr\u01b0\u1edbc khi \u0111\u1ed1t, l\u1ea7n \u0111\u1ea7u \u0111\u1ed1t li\u00ean t\u1ee5c trong 2h, ng\u01b0ng \u0111\u1ed1t khi s\u00e1p ch\u1ec9 c\u00f2n 1 cm d\u01b0\u1edbi \u0111\u00e1y<\/p>\n<p><strong>B\u1ea3o qu\u1ea3n:<\/strong>\u00a0N\u01a1i kh\u00f4 m\u00e1t, tr\u00e1nh \u00e1nh n\u1eafng m\u1eb7t tr\u1eddi<\/p>\n<p><strong>Th\u00f4ng tin c\u1ea3nh b\u00e1o:<\/strong>\u00a0Ch\u1ec9 \u0111\u1ed1t n\u1ebfn trong t\u1ea7m nh\u00ecn, kh\u00f4ng \u0111\u1ec3 tr\u00ean b\u1ec1 m\u1eb7t n\u1ed9i th\u1ea5t c\u00f3 s\u01a1n, n\u00ean s\u1eed d\u1ee5ng \u0111\u0129a l\u00f3t c\u00e1ch nhi\u1ec7t, \u0111\u1ec3 xa v\u1eadt d\u1ec5 b\u1eaft ch\u00e1y, xa t\u1ea7m tay tr\u1ebb em, v\u1eadt nu\u00f4i<\/p>\n","protected":false},"excerpt":{"rendered":"<p>Tonka &amp; Oud l\u00e0 m\u1ed9t h\u01b0\u01a1ng th\u01a1m ph\u1ee9c t\u1ea1p, hi\u1ec7n \u0111\u1ea1i v\u1edbi s\u1ee9c h\u1ea5p d\u1eabn cao c\u1ea5p. M\u00f9i h\u01b0\u01a1ng g\u1ed7 n\u00e0y b\u1eaft \u0111\u1ea7u v\u1edbi h\u01b0\u01a1ng \u0111\u1ea7u c\u1ee7a amaretto v\u00e0 powder\u00a0tr\u01b0\u1edbc khi n\u00f3 nh\u01b0\u1eddng ch\u1ed7 cho tr\u00e1i tim c\u1ee7a tonka v\u00e0 balsam. C\u00e1c n\u1ed1t h\u01b0\u01a1ng c\u1ee7a r\u01b0\u1ee3u rum, x\u1ea1 h\u01b0\u01a1ng v\u00e0 nh\u1ef1a \u0111\u01b0\u1eddng ng\u1ecdt ng\u00e0o k\u1ebft th\u00fac\u00a0t\u1ea1o n\u00ean h\u01b0\u01a1ng th\u01a1m h\u1ea5p d\u1eabn n\u00e0y. M\u00f9i h\u01b0\u01a1ng \u00eam d\u1ecbu d\u1ec5 ch\u1ecbu n\u00e0y ho\u00e0n h\u1ea3o cho c\u00e1c l\u1ef1a ch\u1ecdn h\u01b0\u01a1ng th\u01a1m gia \u0111\u00ecnh \u201ch\u00e0ng ng\u00e0y&#8221;.<\/p>\n","protected":false},"featured_media":5469,"comment_status":"open","ping_status":"closed","template":"","meta":[],"product_cat":[129,127],"product_tag":[],"class_list":["post-5468","product","type-product","status-publish","has-post-thumbnail","hentry","product_cat-nen-thom","product_cat-san-pham-himalaya"],"aioseo_notices":[],"_links":{"self":[{"href":"https:\/\/tiemtaphoa.xyz\/index.php\/wp-json\/wp\/v2\/product\/5468"}],"collection":[{"href":"https:\/\/tiemtaphoa.xyz\/index.php\/wp-json\/wp\/v2\/product"}],"about":[{"href":"https:\/\/tiemtaphoa.xyz\/index.php\/wp-json\/wp\/v2\/types\/product"}],"replies":[{"embeddable":true,"href":"https:\/\/tiemtaphoa.xyz\/index.php\/wp-json\/wp\/v2\/comments?post=5468"}],"wp:featuredmedia":[{"embeddable":true,"href":"https:\/\/tiemtaphoa.xyz\/index.php\/wp-json\/wp\/v2\/media\/5469"}],"wp:attachment":[{"href":"https:\/\/tiemtaphoa.xyz\/index.php\/wp-json\/wp\/v2\/media?parent=5468"}],"wp:term":[{"taxonomy":"product_cat","embeddable":true,"href":"https:\/\/tiemtaphoa.xyz\/index.php\/wp-json\/wp\/v2\/product_cat?post=5468"},{"taxonomy":"product_tag","embeddable":true,"href":"https:\/\/tiemtaphoa.xyz\/index.php\/wp-json\/wp\/v2\/product_tag?post=5468"}],"curies":[{"name":"wp","href":"https:\/\/api.w.org\/{rel}","templated":true}]}}