{"id":5471,"date":"2023-09-29T15:05:37","date_gmt":"2023-09-29T08:05:37","guid":{"rendered":"https:\/\/webbachhoa.com\/?post_type=product&#038;p=5471"},"modified":"2023-09-29T15:05:37","modified_gmt":"2023-09-29T08:05:37","slug":"nen-thom-himalaya-black-cherry-140g","status":"publish","type":"product","link":"https:\/\/tiemtaphoa.xyz\/index.php\/product\/nen-thom-himalaya-black-cherry-140g\/","title":{"rendered":"N\u1ebfn Th\u01a1m Himalaya Black Cherry (140g)"},"content":{"rendered":"<p>N\u1ebfn Th\u01a1m Black Cherry l\u00e0 m\u1ed9t s\u1ef1 k\u1ebft h\u1ee3p gi\u1eefa boozy v\u1edbi qu\u1ea3 anh \u0111\u00e0o \u0111en c\u1ed5 \u0111i\u1ec3n. H\u01b0\u01a1ng \u0111\u1ea7u c\u1ee7a nho \u0111en v\u00e0 t\u00e1o l\u00e0m s\u00e1ng r\u01b0\u1ee3u vang \u0111\u1ecf v\u00e0 tr\u00e1i tim anh \u0111\u00e0o \u0111en c\u1ee7a tinh d\u1ea7u h\u01b0\u01a1ng th\u01a1m n\u00e0y. H\u01b0\u01a1ng cu\u1ed1i b\u1eb1ng g\u1ed7 s\u1ed3i v\u00e0 h\u1ed5 ph\u00e1ch l\u00e0m n\u1ed5i b\u1eadt h\u01b0\u01a1ng th\u01a1m, trong khi vani c\u00e2n b\u1eb1ng h\u01b0\u01a1ng v\u1ecb ng\u1ecdt ng\u00e0o. C\u00e2y ho\u1eafc h\u01b0\u01a1ng v\u00e0 tinh d\u1ea7u nh\u1ee5c \u0111\u1eadu kh\u1ea5u l\u00e0m t\u0103ng th\u00eam \u0111\u1ed9 s\u00e2u cho h\u01b0\u01a1ng g\u1ed7 v\u00e0 gia v\u1ecb.<\/p>\n<p>H\u01b0\u01a1ng \u0111\u1ea7u: T\u00e1o, nho \u0111en<\/p>\n<p>H\u01b0\u01a1ng gi\u1eefa: \u0110inh h\u01b0\u01a1ng, r\u01b0\u1ee3u vang \u0111\u1ecf, anh \u0111\u00e0o \u0111en<\/p>\n<p>H\u01b0\u01a1ng cu\u1ed1i: H\u1ed5 ph\u00e1ch, vani, s\u1ed3i<\/p>\n<hr \/>\n<p><strong>Th\u00e0nh ph\u1ea7n:\u00a0<\/strong>S\u00e1p Ong, S\u00e1p C\u1ecd, Tinh D\u1ea7u<\/p>\n<p><strong>Xu\u1ea5t x\u1ee9:\u00a0<\/strong>Vi\u1ec7t Nam<\/p>\n<p><strong>C\u00f4ng d\u1ee5ng:<\/strong>\u00a0T\u1ea1o H\u01b0\u01a1ng Th\u01a1m, Th\u1eafp S\u00e1ng<\/p>\n<p><strong>Kh\u1ed1i l\u01b0\u1ee3ng:<\/strong>\u00a0140g<\/p>\n<p><strong>Th\u1eddi gian ch\u00e1y:<\/strong>\u00a030gi\u1edd &#8211; Di\u1ec7n t\u00edch ph\u00f2ng ph\u00f9 h\u1ee3p: 15m\u00b2 &#8211; 20m\u00b2<\/p>\n<p><strong>H\u01b0\u1edbng d\u1eabn s\u1eed d\u1ee5ng:<\/strong>\u00a0C\u1eaft b\u1ea5c c\u00f2n 0.5cm tr\u01b0\u1edbc khi \u0111\u1ed1t, l\u1ea7n \u0111\u1ea7u \u0111\u1ed1t li\u00ean t\u1ee5c trong 2h, ng\u01b0ng \u0111\u1ed1t khi s\u00e1p ch\u1ec9 c\u00f2n 1 cm d\u01b0\u1edbi \u0111\u00e1y<\/p>\n<p><strong>B\u1ea3o qu\u1ea3n:<\/strong>\u00a0N\u01a1i kh\u00f4 m\u00e1t, tr\u00e1nh \u00e1nh n\u1eafng m\u1eb7t tr\u1eddi<\/p>\n<p><strong>Th\u00f4ng tin c\u1ea3nh b\u00e1o:<\/strong>\u00a0Ch\u1ec9 \u0111\u1ed1t n\u1ebfn trong t\u1ea7m nh\u00ecn, kh\u00f4ng \u0111\u1ec3 tr\u00ean b\u1ec1 m\u1eb7t n\u1ed9i th\u1ea5t c\u00f3 s\u01a1n, n\u00ean s\u1eed d\u1ee5ng \u0111\u0129a l\u00f3t c\u00e1ch nhi\u1ec7t, \u0111\u1ec3 xa v\u1eadt d\u1ec5 b\u1eaft ch\u00e1y, xa t\u1ea7m tay tr\u1ebb em, v\u1eadt nu\u00f4i<\/p>\n","protected":false},"excerpt":{"rendered":"<p>N\u1ebfn Th\u01a1m Black Cherry l\u00e0 m\u1ed9t s\u1ef1 k\u1ebft h\u1ee3p gi\u1eefa boozy v\u1edbi qu\u1ea3 anh \u0111\u00e0o \u0111en c\u1ed5 \u0111i\u1ec3n. H\u01b0\u01a1ng \u0111\u1ea7u c\u1ee7a nho \u0111en v\u00e0 t\u00e1o l\u00e0m s\u00e1ng r\u01b0\u1ee3u vang \u0111\u1ecf v\u00e0 tr\u00e1i tim anh \u0111\u00e0o \u0111en c\u1ee7a tinh d\u1ea7u h\u01b0\u01a1ng th\u01a1m n\u00e0y. H\u01b0\u01a1ng cu\u1ed1i b\u1eb1ng g\u1ed7 s\u1ed3i v\u00e0 h\u1ed5 ph\u00e1ch l\u00e0m n\u1ed5i b\u1eadt h\u01b0\u01a1ng th\u01a1m, trong khi vani c\u00e2n b\u1eb1ng h\u01b0\u01a1ng v\u1ecb ng\u1ecdt ng\u00e0o. C\u00e2y ho\u1eafc h\u01b0\u01a1ng v\u00e0 tinh d\u1ea7u nh\u1ee5c \u0111\u1eadu kh\u1ea5u l\u00e0m t\u0103ng th\u00eam \u0111\u1ed9 s\u00e2u cho h\u01b0\u01a1ng g\u1ed7 v\u00e0 gia v\u1ecb.<\/p>\n","protected":false},"featured_media":5472,"comment_status":"open","ping_status":"closed","template":"","meta":[],"product_cat":[129,127],"product_tag":[],"class_list":["post-5471","product","type-product","status-publish","has-post-thumbnail","hentry","product_cat-nen-thom","product_cat-san-pham-himalaya"],"aioseo_notices":[],"_links":{"self":[{"href":"https:\/\/tiemtaphoa.xyz\/index.php\/wp-json\/wp\/v2\/product\/5471"}],"collection":[{"href":"https:\/\/tiemtaphoa.xyz\/index.php\/wp-json\/wp\/v2\/product"}],"about":[{"href":"https:\/\/tiemtaphoa.xyz\/index.php\/wp-json\/wp\/v2\/types\/product"}],"replies":[{"embeddable":true,"href":"https:\/\/tiemtaphoa.xyz\/index.php\/wp-json\/wp\/v2\/comments?post=5471"}],"wp:featuredmedia":[{"embeddable":true,"href":"https:\/\/tiemtaphoa.xyz\/index.php\/wp-json\/wp\/v2\/media\/5472"}],"wp:attachment":[{"href":"https:\/\/tiemtaphoa.xyz\/index.php\/wp-json\/wp\/v2\/media?parent=5471"}],"wp:term":[{"taxonomy":"product_cat","embeddable":true,"href":"https:\/\/tiemtaphoa.xyz\/index.php\/wp-json\/wp\/v2\/product_cat?post=5471"},{"taxonomy":"product_tag","embeddable":true,"href":"https:\/\/tiemtaphoa.xyz\/index.php\/wp-json\/wp\/v2\/product_tag?post=5471"}],"curies":[{"name":"wp","href":"https:\/\/api.w.org\/{rel}","templated":true}]}}