{"id":5474,"date":"2023-09-29T15:08:47","date_gmt":"2023-09-29T08:08:47","guid":{"rendered":"https:\/\/webbachhoa.com\/?post_type=product&#038;p=5474"},"modified":"2023-09-29T15:08:47","modified_gmt":"2023-09-29T08:08:47","slug":"nen-thom-himalaya-lemon-lavender-140g","status":"publish","type":"product","link":"https:\/\/tiemtaphoa.xyz\/index.php\/product\/nen-thom-himalaya-lemon-lavender-140g\/","title":{"rendered":"N\u1ebfn th\u01a1m Himalaya Lemon Lavender (140g)"},"content":{"rendered":"<p>S\u1ea1ch s\u1ebd v\u00e0 h\u1ea5p d\u1eabn &#8230; m\u1ed9t s\u1ef1 pha tr\u1ed9n t\u01b0\u01a1i m\u00e1t nh\u1eb9 nh\u00e0ng c\u1ee7a cam chanh th\u01a1m v\u00e0 hoa o\u1ea3i h\u01b0\u01a1ng ng\u1ecdt ng\u00e0o.<\/p>\n<p>H\u01b0\u01a1ng \u0111\u1ea7u: Qu\u00fdt, o\u1ea3i h\u01b0\u01a1ng, chanh<br \/>\nH\u01b0\u01a1ng gi\u1eefa: H\u01b0\u01a1ng tr\u00e1i c\u00e2y, cam, \u0111\u1eadu, b\u1ea1ch \u0111\u00e0n<br \/>\nH\u01b0\u01a1ng cu\u1ed1i: Vani<\/p>\n<hr \/>\n<p><strong>Th\u00e0nh ph\u1ea7n:\u00a0<\/strong>S\u00e1p Ong, S\u00e1p C\u1ecd, Tinh D\u1ea7u<\/p>\n<p><strong>Xu\u1ea5t x\u1ee9:\u00a0<\/strong>Vi\u1ec7t Nam<\/p>\n<p><strong>C\u00f4ng d\u1ee5ng:<\/strong>\u00a0T\u1ea1o H\u01b0\u01a1ng Th\u01a1m, Th\u1eafp S\u00e1ng<\/p>\n<p><strong>Kh\u1ed1i l\u01b0\u1ee3ng:<\/strong>\u00a0140g<\/p>\n<p><strong>Th\u1eddi gian ch\u00e1y:<\/strong>\u00a030gi\u1edd &#8211; Di\u1ec7n t\u00edch ph\u00f2ng ph\u00f9 h\u1ee3p: 15m\u00b2 &#8211; 20m\u00b2<\/p>\n<p><strong>H\u01b0\u1edbng d\u1eabn s\u1eed d\u1ee5ng:<\/strong>\u00a0C\u1eaft b\u1ea5c c\u00f2n 0.5cm tr\u01b0\u1edbc khi \u0111\u1ed1t, l\u1ea7n \u0111\u1ea7u \u0111\u1ed1t li\u00ean t\u1ee5c trong 2h, ng\u01b0ng \u0111\u1ed1t khi s\u00e1p ch\u1ec9 c\u00f2n 1 cm d\u01b0\u1edbi \u0111\u00e1y<\/p>\n<p><strong>B\u1ea3o qu\u1ea3n:<\/strong>\u00a0N\u01a1i kh\u00f4 m\u00e1t, tr\u00e1nh \u00e1nh n\u1eafng m\u1eb7t tr\u1eddi<\/p>\n<p><strong>Th\u00f4ng tin c\u1ea3nh b\u00e1o:<\/strong>\u00a0Ch\u1ec9 \u0111\u1ed1t n\u1ebfn trong t\u1ea7m nh\u00ecn, kh\u00f4ng \u0111\u1ec3 tr\u00ean b\u1ec1 m\u1eb7t n\u1ed9i th\u1ea5t c\u00f3 s\u01a1n, n\u00ean s\u1eed d\u1ee5ng \u0111\u0129a l\u00f3t c\u00e1ch nhi\u1ec7t, \u0111\u1ec3 xa v\u1eadt d\u1ec5 b\u1eaft ch\u00e1y, xa t\u1ea7m tay tr\u1ebb em, v\u1eadt nu\u00f4i<\/p>\n","protected":false},"excerpt":{"rendered":"<p>S\u1ea1ch s\u1ebd v\u00e0 h\u1ea5p d\u1eabn &#8230; m\u1ed9t s\u1ef1 pha tr\u1ed9n t\u01b0\u01a1i m\u00e1t nh\u1eb9 nh\u00e0ng c\u1ee7a cam chanh th\u01a1m v\u00e0 hoa o\u1ea3i h\u01b0\u01a1ng ng\u1ecdt ng\u00e0o.<\/p>\n<p>H\u01b0\u01a1ng \u0111\u1ea7u: Qu\u00fdt, o\u1ea3i h\u01b0\u01a1ng, chanh<br \/>\nH\u01b0\u01a1ng gi\u1eefa: H\u01b0\u01a1ng tr\u00e1i c\u00e2y, cam, \u0111\u1eadu, b\u1ea1ch \u0111\u00e0n<br \/>\nH\u01b0\u01a1ng cu\u1ed1i: Vani<\/p>\n","protected":false},"featured_media":5476,"comment_status":"open","ping_status":"closed","template":"","meta":[],"product_cat":[129,127],"product_tag":[],"class_list":["post-5474","product","type-product","status-publish","has-post-thumbnail","hentry","product_cat-nen-thom","product_cat-san-pham-himalaya"],"aioseo_notices":[],"_links":{"self":[{"href":"https:\/\/tiemtaphoa.xyz\/index.php\/wp-json\/wp\/v2\/product\/5474"}],"collection":[{"href":"https:\/\/tiemtaphoa.xyz\/index.php\/wp-json\/wp\/v2\/product"}],"about":[{"href":"https:\/\/tiemtaphoa.xyz\/index.php\/wp-json\/wp\/v2\/types\/product"}],"replies":[{"embeddable":true,"href":"https:\/\/tiemtaphoa.xyz\/index.php\/wp-json\/wp\/v2\/comments?post=5474"}],"wp:featuredmedia":[{"embeddable":true,"href":"https:\/\/tiemtaphoa.xyz\/index.php\/wp-json\/wp\/v2\/media\/5476"}],"wp:attachment":[{"href":"https:\/\/tiemtaphoa.xyz\/index.php\/wp-json\/wp\/v2\/media?parent=5474"}],"wp:term":[{"taxonomy":"product_cat","embeddable":true,"href":"https:\/\/tiemtaphoa.xyz\/index.php\/wp-json\/wp\/v2\/product_cat?post=5474"},{"taxonomy":"product_tag","embeddable":true,"href":"https:\/\/tiemtaphoa.xyz\/index.php\/wp-json\/wp\/v2\/product_tag?post=5474"}],"curies":[{"name":"wp","href":"https:\/\/api.w.org\/{rel}","templated":true}]}}