{"id":5490,"date":"2023-09-29T15:29:00","date_gmt":"2023-09-29T08:29:00","guid":{"rendered":"https:\/\/webbachhoa.com\/?post_type=product&#038;p=5490"},"modified":"2023-09-29T15:29:19","modified_gmt":"2023-09-29T08:29:19","slug":"bo-tinh-dau-tan-huong-himalaya-caribbean-teakwood-150ml","status":"publish","type":"product","link":"https:\/\/tiemtaphoa.xyz\/index.php\/product\/bo-tinh-dau-tan-huong-himalaya-caribbean-teakwood-150ml\/","title":{"rendered":"B\u1ed9 tinh d\u1ea7u t\u00e1n h\u01b0\u01a1ng Himalaya Caribbean Teakwood 150ml"},"content":{"rendered":"<div class=\"mb-3 mb-sm-0 col-12 col-md-8 product-content js-content-wrapper card border-0\">\n<div id=\"ega-uti-editable-content\" class=\"rte js-product-getcontent product_getcontent pos-relative\" data-platform=\"haravan\" data-id=\"1045916749\">\n<div id=\"content\" class=\"content js-content\">\n<p>Caribbean Teakwood l\u00e0 m\u1ed9t h\u01b0\u01a1ng th\u01a1m t\u00e1o b\u1ea1o v\u00e0 c\u00f3 s\u1ee9c h\u1ea5p d\u1eabn r\u1ed9ng r\u00e3i. N\u00f3 d\u1eabn \u0111\u1ea7u v\u1edbi h\u01b0\u01a1ng \u0111\u1ea7u cay n\u1ed3ng c\u1ee7a h\u1ea1t ti\u00eau Mexico h\u00f2a quy\u1ec7n v\u1edbi da thu\u1ed9c. H\u01b0\u01a1ng gi\u1eefa t\u1ea1o n\u00ean v\u1ebb phong c\u00e1ch l\u1ecbch l\u00e3m m\u00e0 m\u1ea1nh m\u1ebd v\u1edbi h\u01b0\u01a1ng l\u00e1 thu\u1ed1c l\u00e1 v\u00e0 g\u1ed7 t\u1ebfch, \u0111inh h\u01b0\u01a1ng t\u1ea1o n\u00ean s\u1ef1 l\u00f4i cu\u1ed1n \u0111\u1ebfn l\u1ea1 k\u1ef3. H\u01b0\u01a1ng cu\u1ed1i s\u00e2u l\u1eafng c\u1ee7a g\u1ed7 \u0111\u00e0n h\u01b0\u01a1ng, h\u1ed5 ph\u00e1ch l\u00e0m cho s\u1ef1 l\u1ecbch l\u00e3m \u0111\u1ebfn t\u1eeb ph\u00e1i m\u1ea1nh ng\u00e0y c\u00e0ng h\u1ea5p d\u1eabn g\u1ee3i c\u1ea3m v\u1edbi n\u00e9t ph\u1ee9c t\u1ea1p quy\u1ebfn r\u0169 l\u00f2ng ng\u01b0\u1eddi.<\/p>\n<p>Tinh d\u1ea7u t\u00e1n h\u01b0\u01a1ng Caribbean Tealwood ph\u00f9 h\u1ee3p cho kh\u00f4ng gian sang tr\u1ecdng, ph\u00f2ng l\u00e0m vi\u1ec7c&#8230;<\/p>\n<p>H\u01b0\u01a1ng \u0111\u1ea7u: Ti\u00eau Mexico, da thu\u1ed9c<\/p>\n<p>H\u01b0\u01a1ng gi\u1eefa: G\u1ed7 t\u1ebfch, \u0110inh h\u01b0\u01a1ng, L\u00e1 thu\u1ed1c l\u00e1<\/p>\n<p>H\u01b0\u01a1ng cu\u1ed1i: H\u1ed5 ph\u00e1ch, G\u1ed7 \u0111\u00e0n h\u01b0\u01a1ng, H\u1ea1t ti\u00eau<\/p>\n<hr \/>\n<p>&#8211; Quy c\u00e1ch \u0111\u00f3ng g\u00f3i:<\/p>\n<ul>\n<li>L\u1ecd tinh d\u1ea7u th\u1ee7y tinh 75ml, 8 que t\u00e1n h\u01b0\u01a1ng 20cm v\u00e0 h\u1ed9p \u0111\u1ef1ng nh\u01b0 h\u00ecnh.<\/li>\n<li>L\u1ecd tinh d\u1ea7u th\u1ee7y tinh 150ml, 10 que t\u00e1n h\u01b0\u01a1ng 25cm v\u00e0 h\u1ed9p \u0111\u1ef1ng nh\u01b0 h\u00ecnh.<\/li>\n<\/ul>\n<p>&#8211; Th\u1eddi gian s\u1eed d\u1ee5ng: T\u00f9y nhi\u1ec7t \u0111\u1ed9 ti\u1ebfp x\u00fac v\u00e0 kh\u00f4ng gian ph\u00f2ng, tinh d\u1ea7u t\u00e1n h\u01b0\u01a1ng t\u1ed1t nh\u1ea5t \u1edf \u0111i\u1ec1u ki\u1ec7n kh\u00f4ng gian k\u00edn v\u00e0 \u00edt c\u1eeda s\u1ed5.<\/p>\n<ul>\n<li>\u00a0L\u1ecd 75ml 1-2\u00a0th\u00e1ng<\/li>\n<li>\u00a0L\u1ecd 150ml 3-4\u00a0th\u00e1ng<\/li>\n<\/ul>\n<p>&#8211; Khuy\u1ebfn c\u00e1o: Kh\u00f4ng s\u1eed d\u1ee5ng tr\u1ef1c ti\u1ebfp l\u00ean da, tr\u00e1nh ti\u1ebfp x\u00fac v\u1edbi m\u1eaft, ng\u01b0ng s\u1eed d\u1ee5ng n\u1ebfu c\u00f3 m\u00f9i l\u1ea1 ho\u1eb7c d\u1ecb \u1ee9ng<br \/>\n&#8211; Th\u1eddi gian s\u1eed d\u1ee5ng: 3 n\u0103m<br \/>\n&#8211; Th\u1ec3 t\u00edch th\u1ef1c: 75ml\/150 ml<\/p>\n<p><strong>H\u01b0\u1edbng d\u1eabn s\u1eed d\u1ee5ng :<\/strong><\/p>\n<p>&#8211; Th\u00e1o n\u1eafp chai ra sau \u0111\u00f3\u00a0 c\u1eafm que tr\u1ef1c ti\u1ebfp v\u00e0o trong b\u00ecnh. S\u1ed1 l\u01b0\u1ee3ng que c\u1eafm v\u00e0o t\u00f9y v\u00e0o s\u1edf th\u00edch m\u00e0 c\u00f3 th\u1ec3 \u0111i\u1ec1u ch\u1ec9nh \u00edt hay nhi\u1ec1u.<\/p>\n<p>&#8211; Ng\u00e0y \u0111\u1ea7u kho\u1ea3ng 1-2 ti\u1ebfng tr\u1edf \u0111\u1ea7u que m\u1ed9t l\u1ea7n.<\/p>\n<p>&#8211; Sau \u0111\u00f3 t\u1eeb 3-5 ng\u00e0y tr\u1edf \u0111\u1ea7u que 1 l\u1ea7n<\/p>\n<p><strong>C\u00f4ng d\u1ee5ng:<\/strong><\/p>\n<p>&#8211; V\u1edbi kh\u1ea3 n\u0103ng lan to\u1ea3 h\u01b0\u01a1ng b\u1eb1ng nh\u1eefng chi\u1ebfc que m\u00e2y s\u1ebd \u0111\u01b0a h\u01b0\u01a1ng th\u01a1m d\u1ecbu nh\u1eb9 c\u1ee7a tinh d\u1ea7u lan to\u1ea3 nh\u1eb9 nh\u00e0ng.<\/p>\n<p>&#8211; H\u01b0\u01a1ng th\u01a1m thoang tho\u1ea3ng l\u00e0m tinh th\u1ea7n c\u0169ng th\u1eadt th\u01b0 gi\u00e3n, d\u1ec5 ch\u1ecbu. Nh\u01b0 m\u1ed9t ph\u1ee5 ki\u1ec7n t\u00f4 \u0111i\u1ec3m, trang tr\u00ed th\u00eam cho g\u00f3c kh\u00f4ng gian \u0111\u1eb9p h\u01a1n.<\/p>\n<p>&#8211; L\u00e0 s\u1ea3n ph\u1ea9m th\u00edch h\u1ee3p cho nh\u1eefng kh\u00f4ng gian nh\u1ecf, an to\u00e0n tuy\u1ec7t \u0111\u1ed1i, kh\u00f4ng s\u1eed d\u1ee5ng \u0111i\u1ec7n, v\u00f4 c\u00f9ng ti\u1ec7n l\u1ee3i khi d\u00f9ng.<\/p>\n<p>&#8211; V\u1edbi s\u1ef1 ti\u1ec7n \u00edch v\u1eb9n to\u00e0n r\u1ea5t th\u00edch h\u1ee3p \u0111\u1ec3 l\u00e0m m\u1edbi kh\u00f4ng gian nh\u01b0 :<\/p>\n<p>* B\u00e0n l\u00e0m vi\u1ec7c, b\u00e0n \u0111\u1ecdc s\u00e1ch : v\u1eeba trang tr\u00ed, v\u1eeba to\u1ea3 h\u01b0\u01a1ng th\u01a1m nh\u1eb9 nh\u00e0ng gi\u00fap tinh th\u1ea7n s\u1ea3ng kho\u00e1i, h\u0103ng h\u00e1i h\u01a1n.<\/p>\n<p>* K\u1ec7 t\u1ee7 s\u00e1ch trong nh\u00e0 : \u0111em l\u1ea1i h\u01b0\u01a1ng th\u01a1m cho g\u00f3c nh\u00e0 c\u1ee7a b\u1ea1n v\u00e0 b\u00e0y tr\u00ed c\u0169ng \u0111\u1eb9p m\u1eaft h\u01a1n.<\/p>\n<p>* Ph\u00f2ng thay qu\u1ea7n \u00e1o : bay s\u1ea1ch m\u00f9i \u1ea9m m\u1ed1c, \u0111em l\u1ea1i h\u01b0\u01a1ng th\u01a1m d\u1ecbu cho qu\u1ea7n \u00e1o.<\/p>\n<p>* Ph\u00f2ng t\u1eafm : th\u1ed5i h\u01b0\u01a1ng th\u01a1m ng\u1ecdt ng\u00e0o v\u00e0o ph\u00f2ng t\u1eafm gia \u0111\u00ecnh \u0111\u1ec3 khi b\u01b0\u1edbc v\u00e0o c\u00e1c b\u1ea1n s\u1ebd c\u1ea3m th\u1ea5y th\u01b0 gi\u00e3n, d\u1ec5 ch\u1ecbu, \u0111\u1eb7c bi\u1ec7t kh\u1eed \u0111\u01b0\u1ee3c c\u00e1c m\u00f9i h\u00f4i.<\/p>\n<\/div>\n<\/div>\n<div class=\"js-seemore ega-pro__seemore text-center pos-relative mt-3 show\"><\/div>\n<\/div>\n<div class=\"col-12 col-md-4 pl-0 pl-md-3 product-right pr-0\">\n<div class=\"product-related-blog\"><\/div>\n<\/div>\n","protected":false},"excerpt":{"rendered":"<p>Caribbean Teakwood l\u00e0 m\u1ed9t h\u01b0\u01a1ng th\u01a1m t\u00e1o b\u1ea1o v\u00e0 c\u00f3 s\u1ee9c h\u1ea5p d\u1eabn r\u1ed9ng r\u00e3i. N\u00f3 d\u1eabn \u0111\u1ea7u v\u1edbi h\u01b0\u01a1ng \u0111\u1ea7u cay n\u1ed3ng c\u1ee7a h\u1ea1t ti\u00eau Mexico h\u00f2a quy\u1ec7n v\u1edbi da thu\u1ed9c. H\u01b0\u01a1ng gi\u1eefa t\u1ea1o n\u00ean v\u1ebb phong c\u00e1ch l\u1ecbch l\u00e3m m\u00e0 m\u1ea1nh m\u1ebd v\u1edbi h\u01b0\u01a1ng l\u00e1 thu\u1ed1c l\u00e1 v\u00e0 g\u1ed7 t\u1ebfch, \u0111inh h\u01b0\u01a1ng t\u1ea1o n\u00ean s\u1ef1 l\u00f4i cu\u1ed1n \u0111\u1ebfn l\u1ea1 k\u1ef3. H\u01b0\u01a1ng cu\u1ed1i s\u00e2u l\u1eafng c\u1ee7a g\u1ed7 \u0111\u00e0n h\u01b0\u01a1ng, h\u1ed5 ph\u00e1ch l\u00e0m cho s\u1ef1 l\u1ecbch l\u00e3m \u0111\u1ebfn t\u1eeb ph\u00e1i m\u1ea1nh ng\u00e0y c\u00e0ng h\u1ea5p d\u1eabn g\u1ee3i c\u1ea3m v\u1edbi n\u00e9t ph\u1ee9c t\u1ea1p quy\u1ebfn r\u0169 l\u00f2ng ng\u01b0\u1eddi.<\/p>\n","protected":false},"featured_media":5312,"comment_status":"open","ping_status":"closed","template":"","meta":[],"product_cat":[130],"product_tag":[159],"class_list":["post-5490","product","type-product","status-publish","has-post-thumbnail","hentry","product_cat-tan-huong","product_tag-caribbean-teakwood"],"aioseo_notices":[],"_links":{"self":[{"href":"https:\/\/tiemtaphoa.xyz\/index.php\/wp-json\/wp\/v2\/product\/5490"}],"collection":[{"href":"https:\/\/tiemtaphoa.xyz\/index.php\/wp-json\/wp\/v2\/product"}],"about":[{"href":"https:\/\/tiemtaphoa.xyz\/index.php\/wp-json\/wp\/v2\/types\/product"}],"replies":[{"embeddable":true,"href":"https:\/\/tiemtaphoa.xyz\/index.php\/wp-json\/wp\/v2\/comments?post=5490"}],"wp:featuredmedia":[{"embeddable":true,"href":"https:\/\/tiemtaphoa.xyz\/index.php\/wp-json\/wp\/v2\/media\/5312"}],"wp:attachment":[{"href":"https:\/\/tiemtaphoa.xyz\/index.php\/wp-json\/wp\/v2\/media?parent=5490"}],"wp:term":[{"taxonomy":"product_cat","embeddable":true,"href":"https:\/\/tiemtaphoa.xyz\/index.php\/wp-json\/wp\/v2\/product_cat?post=5490"},{"taxonomy":"product_tag","embeddable":true,"href":"https:\/\/tiemtaphoa.xyz\/index.php\/wp-json\/wp\/v2\/product_tag?post=5490"}],"curies":[{"name":"wp","href":"https:\/\/api.w.org\/{rel}","templated":true}]}}