{"id":5492,"date":"2023-09-29T16:11:41","date_gmt":"2023-09-29T09:11:41","guid":{"rendered":"https:\/\/webbachhoa.com\/?post_type=product&#038;p=5492"},"modified":"2023-09-29T16:11:41","modified_gmt":"2023-09-29T09:11:41","slug":"sap-thom-xe-hoi-amber-noir","status":"publish","type":"product","link":"https:\/\/tiemtaphoa.xyz\/index.php\/product\/sap-thom-xe-hoi-amber-noir\/","title":{"rendered":"S\u00e1p th\u01a1m xe h\u01a1i &#8211; Amber Noir"},"content":{"rendered":"<div class=\"mb-3 mb-sm-0 col-12 col-md-8 product-content js-content-wrapper card border-0\">\n<div id=\"ega-uti-editable-content\" class=\"rte js-product-getcontent product_getcontent pos-relative\" data-platform=\"haravan\" data-id=\"1040817306\">\n<div id=\"content\" class=\"content js-content\">\n<p>S\u00e1p th\u01a1m xe h\u01b0\u01a1ng\u00a0Amber Noir l\u00e0 l\u1edbp h\u01b0\u01a1ng \u0111\u1ea7u ng\u1ecdt ng\u00e0o v\u00e0 g\u1ee3i c\u1ea3m c\u1ee7a m\u1eadn tr\u00e1i c\u00e2y v\u00e0 cam qu\u00fdt k\u1ebft h\u1ee3p v\u1edbi h\u01b0\u01a1ng h\u1ed5 ph\u00e1ch v\u00e0 hoa nh\u00e0i n\u1ed3ng n\u00e0n, \u0111\u1ecdng l\u1ea1i tr\u00ean h\u01b0\u01a1ng cu\u1ed1i c\u1ee7a x\u1ea1 h\u01b0\u01a1ng v\u00e0 Amyris. M\u00f9i h\u01b0\u01a1ng\u00a0n\u00e0y c\u00f3 s\u1ee9c h\u1ea5p d\u1eabn, ph\u00f9 h\u1ee3p x\u00f4ng h\u01b0\u01a1ng cho ng\u00f4i nh\u00e0 trong su\u1ed1t c\u1ea3 n\u0103m.<\/p>\n<p>Trong \u0111\u00f3 tinh d\u1ea7u Qu\u00fdt l\u00e0\u00a0ch\u1ea5t ch\u1ed1ng oxy h\u00f3a m\u1ea1nh m\u1ebd c\u0169ng nh\u01b0 l\u00e0m gi\u1ea3m c\u0103ng th\u1eb3ng v\u00e0 m\u1ec7t m\u1ecfi th\u1ea7n kinh. Tinh d\u1ea7u h\u1ed5 ph\u00e1ch\u00a0\u0111\u01b0\u1ee3c s\u1eed d\u1ee5ng h\u1ed7 tr\u1ee3 l\u00e0m d\u1ecbu t\u00e2m tr\u00ed, gi\u00fap l\u00e0m gi\u1ea3m b\u1edbt c\u0103ng th\u1eb3ng v\u00e0 m\u1ec7t m\u1ecfi d\u00f9ng \u0111\u1ec3 cung c\u1ea5p m\u1ed9t tinh th\u1ea7n s\u00e1ng su\u1ed1t v\u00e0 th\u1ee9c t\u1ec9nh.<\/p>\n<p>Tinh d\u1ea7u hoa nh\u00e0i\u00a0l\u00e0 t\u00e1c nh\u00e2n t\u1ef1 nhi\u00ean h\u1ed7 tr\u1ee3 gi\u1ea3m c\u0103ng th\u1eb3ng\u00a0\u0111\u01b0\u1ee3c s\u1eed d\u1ee5ng nh\u01b0 thu\u1ed1c an th\u1ea7n, c\u00f2n c\u00f3 th\u1ec3 gi\u00fap l\u00e0m m\u1edd ho\u1eb7c lo\u1ea1i b\u1ecf s\u1eb9o cho da.<\/p>\n<p>Do \u0111\u00f3 s\u00e1p th\u01a1m xe\u00a0h\u1ed7n h\u1ee3p Amber Noir gi\u00fap gi\u1ea3m c\u0103ng th\u1eb3ng v\u00e0 m\u1ec7t m\u1ecfi, mang l\u1ea1i tinh th\u1ea7n minh m\u1eabn v\u00e0 t\u1ec9nh t\u00e1o.<\/p>\n<p>H\u01b0\u01a1ng \u0111\u1ea7u: Cam qu\u00fdt, m\u1eadn<\/p>\n<p>H\u01b0\u01a1ng gi\u1eefa: Hoa nh\u00e0i, h\u1ed5 ph\u00e1ch<\/p>\n<p>H\u01b0\u01a1ng cu\u1ed1i: Benzoin, amyris, x\u1ea1 h\u01b0\u01a1ng \u0111en<\/p>\n<p>&#8212;&#8212;&#8212;&#8212;&#8212;&#8212;&#8212;&#8212;-<\/p>\n<p>S\u00e1p th\u01a1m xe Himalaya s\u1eed d\u1ee5ng l\u00f5i gi\u1ea5y t\u1ea9m tinh d\u1ea7u\u00a0\u0111\u1ef1ng trong lon nh\u00f4m c\u00f3 n\u1eafp \u0111i\u1ec1u ch\u1ec9nh \u0111\u1ed9 to\u1ea3 h\u01b0\u01a1ng l\u1edbn nh\u1ecf. An to\u00e0n, kh\u00f4ng lo tinh d\u1ea7u ch\u1ea3y, th\u1ea5m ra ngo\u00e0i l\u00e0m \u1ed1 c\u00e1c b\u1ec1 m\u1eb7t v\u1eadt li\u1ec7u tr\u00ean xe nh\u01b0 c\u00e1c lo\u1ea1i s\u1ea3n ph\u1ea9m kh\u00e1c. Ti\u1ec7n l\u1ee3i khi \u0111\u1ec3 \u0111\u00e2u c\u0169ng \u0111\u01b0\u1ee3c, trong h\u1ed1c c\u00e1nh c\u1eeda, ch\u1ed7 \u0111\u1ec3 ly, d\u01b0\u1edbi g\u1ea7m gh\u1ebf, trong c\u1ed1p xe&#8230; Ngo\u00e0i s\u1eed d\u1ee5ng tr\u00ean xe \u00f4 t\u00f4 ra th\u00ec c\u00f3 th\u1ec3 s\u1eed d\u1ee5ng trong c\u00e1c kh\u00f4ng gian nh\u1ecf nh\u01b0 t\u1ee7 b\u1ebfp, t\u1ee7 gi\u00e0y, t\u1ee7 qu\u1ea7n \u00e1o, nh\u00e0 v\u1ec7 sinh, vali du l\u1ecbch&#8230;<\/p>\n<p><strong>C\u00f4ng d\u1ee5ng:<\/strong>\u00a0T\u1ea1o h\u01b0\u01a1ng th\u01a1m, kh\u1eed m\u00f9i, th\u01b0 gi\u00e3n, ch\u1ed1ng say xe<\/p>\n<p><strong>Th\u1eddi gian s\u1eed d\u1ee5ng:<\/strong>\u00a06 &#8211; 8\u00a0tu\u1ea7n (Tu\u1ef3 v\u00e0o nhi\u1ec7t \u0111\u1ed9 m\u00f4i tr\u01b0\u1eddng)<\/p>\n<p><strong>Th\u00e0nh ph\u1ea7n:<\/strong>\u00a0L\u00f5i gi\u1ea5y, tinh d\u1ea7u<\/p>\n<p><strong>H\u1ea1n s\u1eed d\u1ee5ng:\u00a0<\/strong>3 n\u0103m k\u1ec3 t\u1eeb ng\u00e0y s\u1ea3n xu\u1ea5t<\/p>\n<p><strong>Xu\u1ea5t x\u1ee9:\u00a0<\/strong>Vi\u1ec7t Nam<\/p>\n<p><strong>H\u01b0\u1edbng d\u1eabn s\u1eed d\u1ee5ng:<\/strong>\u00a0M\u1edf n\u1eafp nh\u1ef1a \u0111\u1eady tr\u00ean h\u1ed9p, k\u00e9o b\u1ecf n\u1eafp kim lo\u1ea1i b\u00ean trong sau \u0111\u00f3 \u0111\u1eady n\u1eafp nh\u1ef1a l\u1ea1i, \u0111\u1eb7t \u1edf n\u01a1i mu\u1ed1n s\u1eed d\u1ee5ng. C\u00f3 th\u1ec3 v\u1eb7n n\u1eafp \u0111\u1ec3 \u0111i\u1ec1u ch\u1ec9nh m\u1ee9c \u0111\u1ed9 m\u00f9i h\u01b0\u01a1ng nh\u01b0 mong mu\u1ed1n. N\u00ean \u0111\u1eady n\u1eafp k\u00edn tr\u01b0\u1edbc khi kh\u00f4ng s\u1eed d\u1ee5ng xe \u0111\u1ec3 ti\u1ebft ki\u1ec7m tinh d\u1ea7u.<\/p>\n<p><strong>B\u1ea3o qu\u1ea3n:<\/strong>\u00a0N\u01a1i kh\u00f4 m\u00e1t, tr\u00e1nh \u00e1nh n\u1eafng m\u1eb7t tr\u1eddi, c\u00e1c ngu\u1ed3n nhi\u1ec7t.<\/p>\n<p><strong>L\u01afU \u00dd: Tr\u00e1nh xa t\u1ea7m tay tr\u1ebb em, \u0111\u1ec3 xa n\u01a1i c\u00f3 nhi\u1ec7t \u0111\u1ed9 cao<\/strong><\/p>\n<\/div>\n<\/div>\n<div class=\"js-seemore ega-pro__seemore text-center pos-relative mt-3 show\"><a class=\"btn btn-main btn-pill mx-auto\" title=\"Thu g\u1ecdn\">Thu g\u1ecdn<\/a><\/div>\n<\/div>\n<div class=\"col-12 col-md-4 pl-0 pl-md-3 product-right pr-0\">\n<div class=\"product-related-blog\"><\/div>\n<\/div>\n","protected":false},"excerpt":{"rendered":"<p>S\u00e1p th\u01a1m xe h\u01b0\u01a1ng\u00a0Amber Noir l\u00e0 l\u1edbp h\u01b0\u01a1ng \u0111\u1ea7u ng\u1ecdt ng\u00e0o v\u00e0 g\u1ee3i c\u1ea3m c\u1ee7a m\u1eadn tr\u00e1i c\u00e2y v\u00e0 cam qu\u00fdt k\u1ebft h\u1ee3p v\u1edbi h\u01b0\u01a1ng h\u1ed5 ph\u00e1ch v\u00e0 hoa nh\u00e0i n\u1ed3ng n\u00e0n, \u0111\u1ecdng l\u1ea1i tr\u00ean h\u01b0\u01a1ng cu\u1ed1i c\u1ee7a x\u1ea1 h\u01b0\u01a1ng v\u00e0 Amyris. M\u00f9i h\u01b0\u01a1ng\u00a0n\u00e0y c\u00f3 s\u1ee9c h\u1ea5p d\u1eabn, ph\u00f9 h\u1ee3p x\u00f4ng h\u01b0\u01a1ng cho ng\u00f4i nh\u00e0 trong su\u1ed1t c\u1ea3 n\u0103m.<\/p>\n","protected":false},"featured_media":5495,"comment_status":"open","ping_status":"closed","template":"","meta":[],"product_cat":[133],"product_tag":[173],"class_list":["post-5492","product","type-product","status-publish","has-post-thumbnail","hentry","product_cat-thom-xe","product_tag-sap-thom-xe-hoi"],"aioseo_notices":[],"_links":{"self":[{"href":"https:\/\/tiemtaphoa.xyz\/index.php\/wp-json\/wp\/v2\/product\/5492"}],"collection":[{"href":"https:\/\/tiemtaphoa.xyz\/index.php\/wp-json\/wp\/v2\/product"}],"about":[{"href":"https:\/\/tiemtaphoa.xyz\/index.php\/wp-json\/wp\/v2\/types\/product"}],"replies":[{"embeddable":true,"href":"https:\/\/tiemtaphoa.xyz\/index.php\/wp-json\/wp\/v2\/comments?post=5492"}],"wp:featuredmedia":[{"embeddable":true,"href":"https:\/\/tiemtaphoa.xyz\/index.php\/wp-json\/wp\/v2\/media\/5495"}],"wp:attachment":[{"href":"https:\/\/tiemtaphoa.xyz\/index.php\/wp-json\/wp\/v2\/media?parent=5492"}],"wp:term":[{"taxonomy":"product_cat","embeddable":true,"href":"https:\/\/tiemtaphoa.xyz\/index.php\/wp-json\/wp\/v2\/product_cat?post=5492"},{"taxonomy":"product_tag","embeddable":true,"href":"https:\/\/tiemtaphoa.xyz\/index.php\/wp-json\/wp\/v2\/product_tag?post=5492"}],"curies":[{"name":"wp","href":"https:\/\/api.w.org\/{rel}","templated":true}]}}