{"id":5497,"date":"2023-09-29T16:13:25","date_gmt":"2023-09-29T09:13:25","guid":{"rendered":"https:\/\/webbachhoa.com\/?post_type=product&#038;p=5497"},"modified":"2023-09-29T16:13:25","modified_gmt":"2023-09-29T09:13:25","slug":"sap-thom-xe-hoi-bahama-breeze","status":"publish","type":"product","link":"https:\/\/tiemtaphoa.xyz\/index.php\/product\/sap-thom-xe-hoi-bahama-breeze\/","title":{"rendered":"S\u00e1p th\u01a1m xe h\u01a1i &#8211; Bahama Breeze"},"content":{"rendered":"<p>S\u00e1p th\u01a1m xe Bahama\u00a0Breeze\u00a0l\u00e0 m\u1ed9t\u00a0s\u1ef1 k\u1ebft h\u1ee3p\u00a0h\u01b0\u01a1ng th\u01a1m\u00a0tr\u00e1i c\u00e2y nhi\u1ec7t \u0111\u1edbi. Nh\u01b0\u00a0m\u1ed9t m\u00f3n gi\u1ea3i kh\u00e1t m\u00e1t l\u1ea1nh v\u00e0o m\u00f9a h\u00e8 v\u1edbi s\u1ef1 pha tr\u1ed9n nhi\u1ec7t \u0111\u1edbi c\u1ee7a d\u1ee9a, b\u01b0\u1edfi v\u00e0 xo\u00e0i.\u00a0 Himalaya s\u1ebd d\u00f9ng h\u01b0\u01a1ng th\u01a1m \u0111\u1ec3 mang \u0111\u1ebfn cho b\u1ea1n l\u00e0n gi\u00f3 m\u00e1t l\u00e0nh c\u00f9ng s\u1ef1 tho\u1ea3i m\u00e1i c\u1ea3m gi\u00e1c nh\u01b0 \u0111ang th\u01b0\u1edfng th\u1ee9c 1 ly cocktail b\u00ean b\u1edd bi\u1ec3n xanh c\u00e1t tr\u1eafng v\u1edbi kh\u00f4ng kh\u00ed\u00a0trong l\u00e0nh \u0111\u1ec3 \u0111\u00f3n ch\u00e0o ng\u00e0y m\u1edbi.<\/p>\n<p>H\u01b0\u01a1ng \u0111\u1ea7u:\u00a0d\u1ee9a, chanh d\u00e2y, b\u01b0\u1edfi<br \/>\nH\u01b0\u01a1ng gi\u1eefa:\u00a0xo\u00e0i, \u0111\u00e0o, tr\u00e1i c\u00e2y nhi\u1ec7t \u0111\u1edbi<br \/>\nH\u01b0\u01a1ng cu\u1ed1i: X\u1ea1 h\u01b0\u01a1ng<\/p>\n<p>&#8212;&#8212;&#8212;&#8212;&#8212;&#8212;&#8212;&#8212;-<\/p>\n<p>S\u00e1p th\u01a1m xe Himalaya s\u1eed d\u1ee5ng l\u00f5i gi\u1ea5y t\u1ea9m tinh d\u1ea7u\u00a0\u0111\u1ef1ng trong lon nh\u00f4m c\u00f3 n\u1eafp \u0111i\u1ec1u ch\u1ec9nh \u0111\u1ed9 to\u1ea3 h\u01b0\u01a1ng l\u1edbn nh\u1ecf. An to\u00e0n, kh\u00f4ng lo tinh d\u1ea7u ch\u1ea3y, th\u1ea5m ra ngo\u00e0i l\u00e0m \u1ed1 c\u00e1c b\u1ec1 m\u1eb7t v\u1eadt li\u1ec7u tr\u00ean xe nh\u01b0 c\u00e1c lo\u1ea1i s\u1ea3n ph\u1ea9m kh\u00e1c. Ti\u1ec7n l\u1ee3i khi \u0111\u1ec3 \u0111\u00e2u c\u0169ng \u0111\u01b0\u1ee3c, trong h\u1ed1c c\u00e1nh c\u1eeda, ch\u1ed7 \u0111\u1ec3 ly, d\u01b0\u1edbi g\u1ea7m gh\u1ebf, trong c\u1ed1p xe&#8230; Ngo\u00e0i s\u1eed d\u1ee5ng tr\u00ean xe \u00f4 t\u00f4 ra th\u00ec c\u00f3 th\u1ec3 s\u1eed d\u1ee5ng trong c\u00e1c kh\u00f4ng gian nh\u1ecf nh\u01b0 t\u1ee7 b\u1ebfp, t\u1ee7 gi\u00e0y, t\u1ee7 qu\u1ea7n \u00e1o, nh\u00e0 v\u1ec7 sinh, vali du l\u1ecbch&#8230;<\/p>\n<p><strong>C\u00f4ng d\u1ee5ng:<\/strong>\u00a0T\u1ea1o h\u01b0\u01a1ng th\u01a1m, kh\u1eed m\u00f9i, th\u01b0 gi\u00e3n, ch\u1ed1ng say xe<\/p>\n<p><strong>Th\u1eddi gian s\u1eed d\u1ee5ng:<\/strong>\u00a06 -8\u00a0tu\u1ea7n (Tu\u1ef3 v\u00e0o nhi\u1ec7t \u0111\u1ed9 m\u00f4i tr\u01b0\u1eddng)<\/p>\n<p><strong>Th\u00e0nh ph\u1ea7n:<\/strong>\u00a0L\u00f5i gi\u1ea5y, tinh d\u1ea7u<\/p>\n<p><strong>H\u1ea1n s\u1eed d\u1ee5ng:\u00a0<\/strong>3 n\u0103m k\u1ec3 t\u1eeb ng\u00e0y s\u1ea3n xu\u1ea5t<\/p>\n<p><strong>Xu\u1ea5t x\u1ee9:\u00a0<\/strong>Vi\u1ec7t Nam<\/p>\n<p><strong>H\u01b0\u1edbng d\u1eabn s\u1eed d\u1ee5ng:<\/strong>\u00a0M\u1edf n\u1eafp nh\u1ef1a \u0111\u1eady tr\u00ean h\u1ed9p, k\u00e9o b\u1ecf n\u1eafp kim lo\u1ea1i b\u00ean trong sau \u0111\u00f3 \u0111\u1eady n\u1eafp nh\u1ef1a l\u1ea1i, \u0111\u1eb7t \u1edf n\u01a1i mu\u1ed1n s\u1eed d\u1ee5ng. C\u00f3 th\u1ec3 v\u1eb7n n\u1eafp \u0111\u1ec3 \u0111i\u1ec1u ch\u1ec9nh m\u1ee9c \u0111\u1ed9 m\u00f9i h\u01b0\u01a1ng nh\u01b0 mong mu\u1ed1n. N\u00ean \u0111\u1eady n\u1eafp k\u00edn tr\u01b0\u1edbc khi kh\u00f4ng s\u1eed d\u1ee5ng xe \u0111\u1ec3 ti\u1ebft ki\u1ec7m tinh d\u1ea7u.<\/p>\n<p><strong>B\u1ea3o qu\u1ea3n:<\/strong>\u00a0N\u01a1i kh\u00f4 m\u00e1t, tr\u00e1nh \u00e1nh n\u1eafng m\u1eb7t tr\u1eddi, c\u00e1c ngu\u1ed3n nhi\u1ec7t.<\/p>\n<p><strong>L\u01afU \u00dd: Tr\u00e1nh xa t\u1ea7m tay tr\u1ebb em, \u0111\u1ec3 xa n\u01a1i c\u00f3 nhi\u1ec7t \u0111\u1ed9 cao<\/strong><\/p>\n<p>&nbsp;<\/p>\n","protected":false},"excerpt":{"rendered":"<p>S\u00e1p th\u01a1m xe Bahama\u00a0Breeze\u00a0l\u00e0 m\u1ed9t\u00a0s\u1ef1 k\u1ebft h\u1ee3p\u00a0h\u01b0\u01a1ng th\u01a1m\u00a0tr\u00e1i c\u00e2y nhi\u1ec7t \u0111\u1edbi. Nh\u01b0\u00a0m\u1ed9t m\u00f3n gi\u1ea3i kh\u00e1t m\u00e1t l\u1ea1nh v\u00e0o m\u00f9a h\u00e8 v\u1edbi s\u1ef1 pha tr\u1ed9n nhi\u1ec7t \u0111\u1edbi c\u1ee7a d\u1ee9a, b\u01b0\u1edfi v\u00e0 xo\u00e0i.\u00a0 Himalaya s\u1ebd d\u00f9ng h\u01b0\u01a1ng th\u01a1m \u0111\u1ec3 mang \u0111\u1ebfn cho b\u1ea1n l\u00e0n gi\u00f3 m\u00e1t l\u00e0nh c\u00f9ng s\u1ef1 tho\u1ea3i m\u00e1i c\u1ea3m gi\u00e1c nh\u01b0 \u0111ang th\u01b0\u1edfng th\u1ee9c 1 ly cocktail b\u00ean b\u1edd bi\u1ec3n xanh c\u00e1t tr\u1eafng v\u1edbi kh\u00f4ng kh\u00ed\u00a0trong l\u00e0nh \u0111\u1ec3 \u0111\u00f3n ch\u00e0o ng\u00e0y m\u1edbi.<\/p>\n","protected":false},"featured_media":5502,"comment_status":"open","ping_status":"closed","template":"","meta":[],"product_cat":[133],"product_tag":[],"class_list":["post-5497","product","type-product","status-publish","has-post-thumbnail","hentry","product_cat-thom-xe"],"aioseo_notices":[],"_links":{"self":[{"href":"https:\/\/tiemtaphoa.xyz\/index.php\/wp-json\/wp\/v2\/product\/5497"}],"collection":[{"href":"https:\/\/tiemtaphoa.xyz\/index.php\/wp-json\/wp\/v2\/product"}],"about":[{"href":"https:\/\/tiemtaphoa.xyz\/index.php\/wp-json\/wp\/v2\/types\/product"}],"replies":[{"embeddable":true,"href":"https:\/\/tiemtaphoa.xyz\/index.php\/wp-json\/wp\/v2\/comments?post=5497"}],"wp:featuredmedia":[{"embeddable":true,"href":"https:\/\/tiemtaphoa.xyz\/index.php\/wp-json\/wp\/v2\/media\/5502"}],"wp:attachment":[{"href":"https:\/\/tiemtaphoa.xyz\/index.php\/wp-json\/wp\/v2\/media?parent=5497"}],"wp:term":[{"taxonomy":"product_cat","embeddable":true,"href":"https:\/\/tiemtaphoa.xyz\/index.php\/wp-json\/wp\/v2\/product_cat?post=5497"},{"taxonomy":"product_tag","embeddable":true,"href":"https:\/\/tiemtaphoa.xyz\/index.php\/wp-json\/wp\/v2\/product_tag?post=5497"}],"curies":[{"name":"wp","href":"https:\/\/api.w.org\/{rel}","templated":true}]}}