{"id":5503,"date":"2023-09-29T16:15:48","date_gmt":"2023-09-29T09:15:48","guid":{"rendered":"https:\/\/webbachhoa.com\/?post_type=product&#038;p=5503"},"modified":"2023-09-29T16:15:48","modified_gmt":"2023-09-29T09:15:48","slug":"sap-thom-xe-hoi-beach-walk","status":"publish","type":"product","link":"https:\/\/tiemtaphoa.xyz\/index.php\/product\/sap-thom-xe-hoi-beach-walk\/","title":{"rendered":"S\u00e1p th\u01a1m xe h\u01a1i &#8211; Beach Walk"},"content":{"rendered":"<p>V\u1edbi s\u1ef1 h\u00f2a quy\u1ec7n tuy\u1ec7t h\u1ea3o c\u1ee7a qu\u00fdt v\u00e0 cam clementine t\u1ea1i ngay t\u1ea7ng h\u01b0\u01a1ng \u0111\u1ea7u. S\u00e1p th\u01a1m xe Beach Walk ghi \u0111i\u1ec3m v\u1edbi s\u1ef1 thanh m\u00e1t, t\u01b0\u01a1i tr\u1ebb s\u1ea3ng kho\u00e1i tr\u01b0\u1edbc khi nh\u01b0 tan ra t\u1eebng \u0111\u1ee3t s\u00f3ng v\u1ed7 v\u1edbi b\u1edd c\u00e1t v\u00e0ng d\u01b0\u1edbi h\u01b0\u01a1ng th\u01a1m c\u1ee7a r\u00eau bi\u1ec3n, n\u01b0\u1edbc mu\u1ed1i v\u00e0 x\u1ea1 h\u01b0\u01a1ng.<\/p>\n<p>M\u1ed9t m\u00f9i h\u01b0\u01a1ng nh\u01b0 khi\u1ebfn b\u1ea1n \u0111ang tr\u1edf l\u1ea1i nh\u1eefng gi\u00e2y ph\u00fat d\u1ea1o bi\u1ec3n d\u01b0\u1edbi \u00e1nh ho\u00e0ng h\u00f4n, h\u00f2a m\u00ecnh v\u00e0o t\u1eebng l\u00e0n gi\u00f3 v\u00e0 nh\u01b0 \u0111\u1eafm ch\u00ecm d\u01b0\u1edbi nh\u1eefng ti\u1ebfng v\u1ed7 r\u00ec r\u00e0o c\u1ee7a s\u00f3ng bi\u1ec3n.<\/p>\n<p>N\u1ebfu b\u1ea1n nh\u1edb \u0111\u1ea1i d\u01b0\u01a1ng bao la, \u0111\u1eebng qu\u00ean inbox \u0111\u01b0a s\u00e1p th\u01a1m xe Beach Walk cho x\u1ebf y\u00eau nh\u00e9!<\/p>\n<p>H\u01b0\u01a1ng \u0111\u1ea7u:\u00a0clementine, ozone, qu\u00fdt<br \/>\nH\u01b0\u01a1ng gi\u1eefa:\u00a0r\u00eau bi\u1ec3n, n\u01b0\u1edbc bi\u1ec3n, hoa cam<br \/>\nH\u01b0\u01a1ng cu\u1ed1i:\u00a0hoa cam, x\u1ea1 h\u01b0\u01a1ng<\/p>\n<p>&#8212;&#8212;&#8212;&#8212;&#8212;&#8212;&#8212;&#8212;-<\/p>\n<p>S\u00e1p th\u01a1m xe Himalaya s\u1eed d\u1ee5ng l\u00f5i gi\u1ea5y t\u1ea9m tinh d\u1ea7u\u00a0\u0111\u1ef1ng trong lon nh\u00f4m c\u00f3 n\u1eafp \u0111i\u1ec1u ch\u1ec9nh \u0111\u1ed9 to\u1ea3 h\u01b0\u01a1ng l\u1edbn nh\u1ecf. An to\u00e0n, kh\u00f4ng lo tinh d\u1ea7u ch\u1ea3y, th\u1ea5m ra ngo\u00e0i l\u00e0m \u1ed1 c\u00e1c b\u1ec1 m\u1eb7t v\u1eadt li\u1ec7u tr\u00ean xe nh\u01b0 c\u00e1c lo\u1ea1i s\u1ea3n ph\u1ea9m kh\u00e1c. Ti\u1ec7n l\u1ee3i khi \u0111\u1ec3 \u0111\u00e2u c\u0169ng \u0111\u01b0\u1ee3c, trong h\u1ed1c c\u00e1nh c\u1eeda, ch\u1ed7 \u0111\u1ec3 ly, d\u01b0\u1edbi g\u1ea7m gh\u1ebf, trong c\u1ed1p xe&#8230; Ngo\u00e0i s\u1eed d\u1ee5ng tr\u00ean xe \u00f4 t\u00f4 ra th\u00ec c\u00f3 th\u1ec3 s\u1eed d\u1ee5ng trong c\u00e1c kh\u00f4ng gian nh\u1ecf nh\u01b0 t\u1ee7 b\u1ebfp, t\u1ee7 gi\u00e0y, t\u1ee7 qu\u1ea7n \u00e1o, nh\u00e0 v\u1ec7 sinh, vali du l\u1ecbch&#8230;<\/p>\n<p><strong>C\u00f4ng d\u1ee5ng:<\/strong>\u00a0T\u1ea1o h\u01b0\u01a1ng th\u01a1m, kh\u1eed m\u00f9i, th\u01b0 gi\u00e3n, ch\u1ed1ng say xe<\/p>\n<p><strong>Th\u1eddi gian s\u1eed d\u1ee5ng:<\/strong>\u00a06 &#8211; 8\u00a0tu\u1ea7n (Tu\u1ef3 v\u00e0o nhi\u1ec7t \u0111\u1ed9 m\u00f4i tr\u01b0\u1eddng)<\/p>\n<p><strong>Th\u00e0nh ph\u1ea7n:<\/strong>\u00a0L\u00f5i gi\u1ea5y, tinh d\u1ea7u<\/p>\n<p><strong>H\u1ea1n s\u1eed d\u1ee5ng:\u00a0<\/strong>3 n\u0103m k\u1ec3 t\u1eeb ng\u00e0y s\u1ea3n xu\u1ea5t<\/p>\n<p><strong>Xu\u1ea5t x\u1ee9:\u00a0<\/strong>Vi\u1ec7t Nam<\/p>\n<p><strong>H\u01b0\u1edbng d\u1eabn s\u1eed d\u1ee5ng:<\/strong>\u00a0M\u1edf n\u1eafp nh\u1ef1a \u0111\u1eady tr\u00ean h\u1ed9p, k\u00e9o b\u1ecf n\u1eafp kim lo\u1ea1i b\u00ean trong sau \u0111\u00f3 \u0111\u1eady n\u1eafp nh\u1ef1a l\u1ea1i, \u0111\u1eb7t \u1edf n\u01a1i mu\u1ed1n s\u1eed d\u1ee5ng. C\u00f3 th\u1ec3 v\u1eb7n n\u1eafp \u0111\u1ec3 \u0111i\u1ec1u ch\u1ec9nh m\u1ee9c \u0111\u1ed9 m\u00f9i h\u01b0\u01a1ng nh\u01b0 mong mu\u1ed1n. N\u00ean \u0111\u1eady n\u1eafp k\u00edn tr\u01b0\u1edbc khi kh\u00f4ng s\u1eed d\u1ee5ng xe \u0111\u1ec3 ti\u1ebft ki\u1ec7m tinh d\u1ea7u.<\/p>\n<p><strong>B\u1ea3o qu\u1ea3n:<\/strong>\u00a0N\u01a1i kh\u00f4 m\u00e1t, tr\u00e1nh \u00e1nh n\u1eafng m\u1eb7t tr\u1eddi, c\u00e1c ngu\u1ed3n nhi\u1ec7t.<\/p>\n<p><strong>L\u01afU \u00dd: Tr\u00e1nh xa t\u1ea7m tay tr\u1ebb em, \u0111\u1ec3 xa n\u01a1i c\u00f3 nhi\u1ec7t \u0111\u1ed9 cao<\/strong><\/p>\n","protected":false},"excerpt":{"rendered":"<p>V\u1edbi s\u1ef1 h\u00f2a quy\u1ec7n tuy\u1ec7t h\u1ea3o c\u1ee7a qu\u00fdt v\u00e0 cam clementine t\u1ea1i ngay t\u1ea7ng h\u01b0\u01a1ng \u0111\u1ea7u. S\u00e1p th\u01a1m xe Beach Walk ghi \u0111i\u1ec3m v\u1edbi s\u1ef1 thanh m\u00e1t, t\u01b0\u01a1i tr\u1ebb s\u1ea3ng kho\u00e1i tr\u01b0\u1edbc khi nh\u01b0 tan ra t\u1eebng \u0111\u1ee3t s\u00f3ng v\u1ed7 v\u1edbi b\u1edd c\u00e1t v\u00e0ng d\u01b0\u1edbi h\u01b0\u01a1ng th\u01a1m c\u1ee7a r\u00eau bi\u1ec3n, n\u01b0\u1edbc mu\u1ed1i v\u00e0 x\u1ea1 h\u01b0\u01a1ng.<\/p>\n","protected":false},"featured_media":5507,"comment_status":"open","ping_status":"closed","template":"","meta":[],"product_cat":[133],"product_tag":[158,173],"class_list":["post-5503","product","type-product","status-publish","has-post-thumbnail","hentry","product_cat-thom-xe","product_tag-beach-walk","product_tag-sap-thom-xe-hoi"],"aioseo_notices":[],"_links":{"self":[{"href":"https:\/\/tiemtaphoa.xyz\/index.php\/wp-json\/wp\/v2\/product\/5503"}],"collection":[{"href":"https:\/\/tiemtaphoa.xyz\/index.php\/wp-json\/wp\/v2\/product"}],"about":[{"href":"https:\/\/tiemtaphoa.xyz\/index.php\/wp-json\/wp\/v2\/types\/product"}],"replies":[{"embeddable":true,"href":"https:\/\/tiemtaphoa.xyz\/index.php\/wp-json\/wp\/v2\/comments?post=5503"}],"wp:featuredmedia":[{"embeddable":true,"href":"https:\/\/tiemtaphoa.xyz\/index.php\/wp-json\/wp\/v2\/media\/5507"}],"wp:attachment":[{"href":"https:\/\/tiemtaphoa.xyz\/index.php\/wp-json\/wp\/v2\/media?parent=5503"}],"wp:term":[{"taxonomy":"product_cat","embeddable":true,"href":"https:\/\/tiemtaphoa.xyz\/index.php\/wp-json\/wp\/v2\/product_cat?post=5503"},{"taxonomy":"product_tag","embeddable":true,"href":"https:\/\/tiemtaphoa.xyz\/index.php\/wp-json\/wp\/v2\/product_tag?post=5503"}],"curies":[{"name":"wp","href":"https:\/\/api.w.org\/{rel}","templated":true}]}}