{"id":5513,"date":"2023-09-30T08:56:55","date_gmt":"2023-09-30T01:56:55","guid":{"rendered":"https:\/\/webbachhoa.com\/?post_type=product&#038;p=5513"},"modified":"2023-09-30T08:56:55","modified_gmt":"2023-09-30T01:56:55","slug":"nuoc-hoa-xe-hoi-midsummers-night","status":"publish","type":"product","link":"https:\/\/tiemtaphoa.xyz\/index.php\/product\/nuoc-hoa-xe-hoi-midsummers-night\/","title":{"rendered":"N\u01b0\u1edbc Hoa Xe H\u01a1i Midsummer&#8217;s Night"},"content":{"rendered":"<div class=\"mb-3 mb-sm-0 col-12 col-md-8 product-content js-content-wrapper card border-0\">\n<div id=\"ega-uti-editable-content\" class=\"rte js-product-getcontent product_getcontent pos-relative\" data-platform=\"haravan\" data-id=\"1042305621\">\n<div id=\"content\" class=\"content js-content\">\n<p>Kh\u00f4ng huy\u00ean n\u00e1o \u1ed3n \u00e0o, n\u01b0\u1edbc hoa xe h\u01a1i Midsummer&#8217;s Night l\u00e0 m\u00f9i h\u01b0\u01a1ng c\u1ee7a \u0111\u00eam h\u00e8 \u00eam \u0111\u1ec1m v\u00e0 l\u00e3ng m\u1ea1n theo c\u00e1ch r\u1ea5t ri\u00eang. T\u1ea7ng h\u01b0\u01a1ng \u0111\u1ea7u l\u00e0 s\u1ef1 quy\u1ec7n h\u00f2a tinh t\u1ebf c\u1ee7a cam qu\u00fdt, th\u00e2n th\u1ea3o, cam bergamot, o\u1ea3i h\u01b0\u01a1ng t\u1ea1o n\u00ean m\u1ed9t b\u1ea3n giao h\u01b0\u1edfng c\u00f3 ch\u00fat bay b\u1ed5ng, thanh tho\u00e1t v\u00e0 d\u1ecbu m\u00e1t d\u01b0\u1edbi \u00e1nh tr\u0103ng.<\/p>\n<p>N\u1ed1t h\u01b0\u01a1ng cu\u1ed1i c\u00f9ng c\u1ee7a Midsummer&#8217;s Night l\u00e0 s\u1ef1 an t\u0129nh, \u1ea5m \u00eam c\u1ee7a g\u1ed7 tuy\u1ebft t\u00f9ng, c\u1ecf vetiver, c\u00e2y x\u00f4 th\u01a1m, r\u00eau s\u1ebd v\u1ea5n v\u01b0\u01a1ng n\u01a1i t\u00e2m h\u1ed3n, nh\u1eb9 nh\u00e0ng xoa d\u1ecbu nh\u1eefng mu\u1ed9n phi\u1ec1n \u0111ang hi\u1ec7n h\u1eefu. \u0110\u1ec3 r\u1ed3i b\u1ea1n nh\u1eadn ra, r\u1eb1ng \u0111\u00eam h\u00e8 l\u00e3ng m\u1ea1n c\u00f3 th\u1ec3 \u0111\u1ebfn t\u1eeb nh\u1eefng gi\u00e2y ph\u00fat \u00eam \u0111\u1ec1m \u0111\u1ebfn th\u1ebf.<\/p>\n<p>M\u00f9i h\u01b0\u01a1ng d\u00e0nh cho nh\u1eefng ai y\u00eau th\u00edch s\u1ef1 d\u1ecbu d\u00e0ng, thanh trong v\u00e0 l\u00e3ng m\u1ea1n.<\/p>\n<p>H\u01b0\u01a1ng \u0111\u1ea7u: cam qu\u00fdt, th\u00e2n th\u1ea3o, g\u1ed7, cam bergamot, chanh leo<\/p>\n<p>H\u01b0\u01a1ng gi\u1eefa: o\u1ea3i h\u01b0\u01a1ng, th\u00f4ng<\/p>\n<p>H\u01b0\u01a1ng cu\u1ed1i: g\u1ed7 tuy\u1ebft t\u00f9ng, qu\u1ea3 b\u00e1ch x\u00f9, c\u1ecf vetiver, c\u00e2y x\u00f4 th\u01a1m, r\u00eau<\/p>\n<hr \/>\n<h3><em><strong>Quy c\u00e1ch \u0111\u00f3ng g\u00f3i:\u00a0<\/strong><\/em><\/h3>\n<p>&#8211; L\u1ecd tinh d\u1ea7u th\u1ee7y tinh 50ml, 2 l\u00e1 treo th\u01a1m kh\u00f4ng m\u00f9i Himalaya v\u00e0 h\u1ed9p \u0111\u1ef1ng nh\u01b0 h\u00ecnh.<\/p>\n<p>&#8211; Th\u1eddi gian s\u1eed d\u1ee5ng: T\u00f9y s\u1ed1 l\u1ea7n s\u1eed d\u1ee5ng.<\/p>\n<p>&#8211; Th\u1eddi gian l\u01b0u h\u01b0\u01a1ng:\u00a0T\u00f9y nhi\u1ec7t \u0111\u1ed9 ti\u1ebfp x\u00fac v\u00e0 kh\u00f4ng gian xe h\u01a1i, n\u01b0\u1edbc hoa xe h\u01a1i t\u1ed1t nh\u1ea5t \u1edf \u0111i\u1ec1u ki\u1ec7n kh\u00f4ng gian k\u00edn.<\/p>\n<p>&#8211;\u00a0 Th\u1ec3 t\u00edch: L\u1ecd 50ml<\/p>\n<p>&#8211; Khuy\u1ebfn c\u00e1o: Kh\u00f4ng s\u1eed d\u1ee5ng tr\u1ef1c ti\u1ebfp l\u00ean da, tr\u00e1nh ti\u1ebfp x\u00fac v\u1edbi m\u1eaft, ng\u01b0ng s\u1eed d\u1ee5ng n\u1ebfu c\u00f3 m\u00f9i l\u1ea1 ho\u1eb7c d\u1ecb \u1ee9ng<\/p>\n<p>&#8211; Th\u1eddi gian s\u1eed d\u1ee5ng: 3 n\u0103m<\/p>\n<h3><em><strong>H\u01b0\u1edbng d\u1eabn s\u1eed d\u1ee5ng :<\/strong><\/em><\/h3>\n<p>&#8211; Th\u00e1o n\u1eafp chai ra sau \u0111\u00f3 t\u1ea9m tinh d\u1ea7u n\u01b0\u1edbc hoa l\u00ean l\u00e1 treo th\u01a1m. Treo trong xe ho\u1eb7c \u0111\u1eb7t \u0111\u1ec3 t\u00f9y v\u00e0o s\u1edf th\u00edch \u0111\u1ec3 h\u01b0\u01a1ng th\u01a1m to\u1ea3 \u0111\u1ec1u kh\u00f4ng gian<\/p>\n<p>&#8211; S\u1eed d\u1ee5ng \u0111\u1ebfn khi kh\u00f4ng th\u1ea5y h\u01b0\u01a1ng th\u01a1m ti\u1ebfp t\u1ee5c t\u1ea9m tinh d\u1ea7u n\u01b0\u1edbc hoa l\u00ean l\u00e1 treo th\u01a1m \u0111\u1ec3 ti\u1ebfp t\u1ee5c s\u1eed d\u1ee5ng.<\/p>\n<h3><em><strong>C\u00f4ng d\u1ee5ng:<\/strong><\/em><\/h3>\n<p>&#8211; V\u1edbi kh\u1ea3 n\u0103ng lan to\u1ea3 h\u01b0\u01a1ng b\u1eb1ng l\u00e1 treo th\u01a1m s\u1ebd \u0111\u01b0a h\u01b0\u01a1ng th\u01a1m d\u1ecbu nh\u1eb9 c\u1ee7a n\u01b0\u1edbc hoa xe h\u01a1i lan to\u1ea3 nh\u1eb9 nh\u00e0ng.<\/p>\n<p>&#8211; H\u01b0\u01a1ng th\u01a1m thoang tho\u1ea3ng l\u00e0m tinh th\u1ea7n c\u0169ng th\u1eadt th\u01b0 gi\u00e3n, d\u1ec5 ch\u1ecbu. Nh\u01b0 m\u1ed9t ph\u1ee5 ki\u1ec7n t\u00f4 \u0111i\u1ec3m, trang tr\u00ed th\u00eam cho kh\u00f4ng gian xe tho\u1ea3i m\u00e1i.<\/p>\n<p>&#8211; L\u00e0 s\u1ea3n ph\u1ea9m th\u00edch h\u1ee3p cho nh\u1eefng kh\u00f4ng gian nh\u1ecf, an to\u00e0n tuy\u1ec7t \u0111\u1ed1i, kh\u00f4ng s\u1eed d\u1ee5ng \u0111i\u1ec7n, v\u00f4 c\u00f9ng ti\u1ec7n l\u1ee3i khi d\u00f9ng.<\/p>\n<p><em><strong>\u01afu \u0111i\u1ec3m:<\/strong><\/em><\/p>\n<p>&#8211; X\u1ecbt l\u00ean l\u00e1 treo th\u01a1m \u0111\u1ec3 l\u01b0u h\u01b0\u01a1ng th\u1eddi gian ng\u1eafn<\/p>\n<p>&#8211; \u0110\u1ed9 m\u1ea1nh\/nh\u1eb9 c\u1ee7a h\u01b0\u01a1ng th\u01a1m \u0111i\u1ec1u ch\u1ec9nh t\u00f9y theo \u00fd mu\u1ed1n<\/p>\n<p>&#8211; Kh\u00f4ng ti\u00eau hao khi xe kh\u00f4ng s\u1eed d\u1ee5ng l\u00e2u ng\u00e0y<\/p>\n<p>&#8211; Kh\u00f4ng b\u1ecb l\u00e3ng ph\u00ed khi \u0111\u1ec3 xe ng\u1eddi th\u1eddi ti\u1ebft c\u00f3 nhi\u1ec7t \u0111\u1ed9 cao.<\/p>\n<p>&#8211; C\u00f3 th\u1ec3 linh ho\u1ea1t s\u1eed d\u1ee5ng nh\u01b0 x\u1ecbt n\u01b0\u1edbc hoa l\u00ean kh\u0103n gi\u1ea5y, \u0111\u1eb7t v\u00e0o c\u1ed1p xe \u0111\u1ec3 kh\u1eed m\u00f9i v\u00e0 t\u1ecfa h\u01b0\u01a1ng cho xe.<\/p>\n<p>&#8211; C\u00f3 th\u1ec3 s\u1eed d\u1ee5ng cho nhi\u1ec1u xe trong gia \u0111\u00ecnh v\u1edbi 1 chai s\u1ea3n ph\u1ea9m<\/p>\n<\/div>\n<\/div>\n<div class=\"js-seemore ega-pro__seemore text-center pos-relative mt-3 show\"><\/div>\n<\/div>\n<div class=\"col-12 col-md-4 pl-0 pl-md-3 product-right pr-0\">\n<div class=\"product-related-blog\"><\/div>\n<\/div>\n","protected":false},"excerpt":{"rendered":"<p>Kh\u00f4ng huy\u00ean n\u00e1o \u1ed3n \u00e0o, n\u01b0\u1edbc hoa xe h\u01a1i Midsummer&#8217;s Night l\u00e0 m\u00f9i h\u01b0\u01a1ng c\u1ee7a \u0111\u00eam h\u00e8 \u00eam \u0111\u1ec1m v\u00e0 l\u00e3ng m\u1ea1n theo c\u00e1ch r\u1ea5t ri\u00eang. T\u1ea7ng h\u01b0\u01a1ng \u0111\u1ea7u l\u00e0 s\u1ef1 quy\u1ec7n h\u00f2a tinh t\u1ebf c\u1ee7a cam qu\u00fdt, th\u00e2n th\u1ea3o, cam bergamot, o\u1ea3i h\u01b0\u01a1ng t\u1ea1o n\u00ean m\u1ed9t b\u1ea3n giao h\u01b0\u1edfng c\u00f3 ch\u00fat bay b\u1ed5ng, thanh tho\u00e1t v\u00e0 d\u1ecbu m\u00e1t d\u01b0\u1edbi \u00e1nh tr\u0103ng.<\/p>\n","protected":false},"featured_media":5515,"comment_status":"open","ping_status":"closed","template":"","meta":[],"product_cat":[133],"product_tag":[],"class_list":["post-5513","product","type-product","status-publish","has-post-thumbnail","hentry","product_cat-thom-xe"],"aioseo_notices":[],"_links":{"self":[{"href":"https:\/\/tiemtaphoa.xyz\/index.php\/wp-json\/wp\/v2\/product\/5513"}],"collection":[{"href":"https:\/\/tiemtaphoa.xyz\/index.php\/wp-json\/wp\/v2\/product"}],"about":[{"href":"https:\/\/tiemtaphoa.xyz\/index.php\/wp-json\/wp\/v2\/types\/product"}],"replies":[{"embeddable":true,"href":"https:\/\/tiemtaphoa.xyz\/index.php\/wp-json\/wp\/v2\/comments?post=5513"}],"wp:featuredmedia":[{"embeddable":true,"href":"https:\/\/tiemtaphoa.xyz\/index.php\/wp-json\/wp\/v2\/media\/5515"}],"wp:attachment":[{"href":"https:\/\/tiemtaphoa.xyz\/index.php\/wp-json\/wp\/v2\/media?parent=5513"}],"wp:term":[{"taxonomy":"product_cat","embeddable":true,"href":"https:\/\/tiemtaphoa.xyz\/index.php\/wp-json\/wp\/v2\/product_cat?post=5513"},{"taxonomy":"product_tag","embeddable":true,"href":"https:\/\/tiemtaphoa.xyz\/index.php\/wp-json\/wp\/v2\/product_tag?post=5513"}],"curies":[{"name":"wp","href":"https:\/\/api.w.org\/{rel}","templated":true}]}}