{"id":5528,"date":"2023-09-30T09:05:17","date_gmt":"2023-09-30T02:05:17","guid":{"rendered":"https:\/\/webbachhoa.com\/?post_type=product&#038;p=5528"},"modified":"2023-09-30T09:05:17","modified_gmt":"2023-09-30T02:05:17","slug":"nuoc-hoa-xe-hoi-sea-salt-orchid","status":"publish","type":"product","link":"https:\/\/tiemtaphoa.xyz\/index.php\/product\/nuoc-hoa-xe-hoi-sea-salt-orchid\/","title":{"rendered":"N\u01b0\u1edbc Hoa Xe H\u01a1i Sea Salt &#038; Orchid"},"content":{"rendered":"<p><strong>N\u01b0\u1edbc Hoa xe h\u01a1i Sea Salt v\u00e0 Orchid\u00a0<\/strong>l\u00e0 s\u1ef1 pha tr\u1ed9n m\u01b0\u1ee3t m\u00e0 v\u00e0 tao nh\u00e3 gi\u1eefa h\u01b0\u01a1ng hoa lan m\u1ec1m m\u1ea1i v\u1edbi nh\u1eefng \u0111i\u1ec3m n\u1ed5i b\u1eadt c\u1ee7a mu\u1ed1i mang l\u1ea1i m\u1ed9t m\u00f9i h\u01b0\u01a1ng tinh t\u1ebf v\u00e0 thanh l\u1ecbch. H\u01b0\u01a1ng \u0111\u1ea7u ozonic s\u1eafc n\u00e9t h\u00f2a quy\u1ec7n v\u1edbi h\u01b0\u01a1ng gi\u1eefa c\u1ee7a mu\u1ed1i bi\u1ec3n, l\u00e1 xanh t\u01b0\u01a1i v\u00e0 lan Nam Phi say \u0111\u1eafm, t\u1ea5t c\u1ea3 n\u1eb1m tr\u00ean h\u01b0\u01a1ng cu\u1ed1i th\u01b0 gi\u00e3n c\u1ee7a \u0111\u1eadu tonka, h\u1ed5 ph\u00e1ch v\u00e0 m\u1ed9t ch\u00fat x\u1ea1 h\u01b0\u01a1ng.\u00a0<strong>H\u01b0\u01a1ng th\u01a1m khi\u1ebfn b\u1ea1n t\u01b0\u1edfng t\u01b0\u1ee3ng m\u00ecnh \u0111ang n\u1eb1m tr\u00ean m\u1ed9t b\u00e3i bi\u1ec3n \u0111\u1ea7y th\u01a1 m\u1ed9ng<\/strong>.<\/p>\n<p>H\u01b0\u01a1ng gi\u1eefa t\u1ee5 h\u1ed9i c\u1ee7a nh\u1eefng lo\u00e0i hoa nh\u01b0 hoa lan Nam Phi, l\u00e1 xanh v\u00e0 mu\u1ed1i bi\u1ec3n l\u00e0m cho b\u1ea1n ch\u00ecm \u0111\u1eafm gi\u1eefa m\u1ed9t r\u1eebng hoa nh\u1eb9 nh\u00e0ng, d\u1ecbu \u00eam. Cu\u1ed1i c\u00f9ng l\u00e0 h\u01b0\u01a1ng h\u1ed5 ph\u00e1ch k\u1ebft h\u1ee3p v\u1edbi \u0111\u1eadu Tonka v\u00e0 x\u1ea1 h\u01b0\u01a1ng khi\u1ebfn b\u1ea1n c\u1ea3m th\u1ea5y b\u00ecnh y\u00ean<\/p>\n<p><strong>H\u01b0\u01a1ng \u0111\u1ea7u<\/strong>: Cam, ozone<\/p>\n<p><strong>H\u01b0\u01a1ng gi\u1eefa<\/strong>: L\u00e1 xanh, hoa lan Nam Phi, mu\u1ed1i bi\u1ec3n<\/p>\n<p><strong>H\u01b0\u01a1ng cu\u1ed1i<\/strong>: H\u1ed5 ph\u00e1ch, x\u1ea1 h\u01b0\u01a1ng nh\u1eb9, \u0111\u1eadu Tonka<\/p>\n<hr \/>\n<h3><em><strong>Quy c\u00e1ch \u0111\u00f3ng g\u00f3i:\u00a0<\/strong><\/em><\/h3>\n<p>&#8211; L\u1ecd tinh d\u1ea7u th\u1ee7y tinh 50ml, 2 l\u00e1 treo th\u01a1m kh\u00f4ng m\u00f9i Himalaya v\u00e0 h\u1ed9p \u0111\u1ef1ng nh\u01b0 h\u00ecnh.<\/p>\n<p>&#8211; Th\u1eddi gian s\u1eed d\u1ee5ng: T\u00f9y s\u1ed1 l\u1ea7n s\u1eed d\u1ee5ng.<\/p>\n<p>&#8211; Th\u1eddi gian l\u01b0u h\u01b0\u01a1ng:\u00a0T\u00f9y nhi\u1ec7t \u0111\u1ed9 ti\u1ebfp x\u00fac v\u00e0 kh\u00f4ng gian xe h\u01a1i, n\u01b0\u1edbc hoa xe h\u01a1i t\u1ed1t nh\u1ea5t \u1edf \u0111i\u1ec1u ki\u1ec7n kh\u00f4ng gian k\u00edn.<\/p>\n<p>&#8211;\u00a0 Th\u1ec3 t\u00edch: L\u1ecd 50ml<\/p>\n<p>&#8211; Khuy\u1ebfn c\u00e1o: Kh\u00f4ng s\u1eed d\u1ee5ng tr\u1ef1c ti\u1ebfp l\u00ean da, tr\u00e1nh ti\u1ebfp x\u00fac v\u1edbi m\u1eaft, ng\u01b0ng s\u1eed d\u1ee5ng n\u1ebfu c\u00f3 m\u00f9i l\u1ea1 ho\u1eb7c d\u1ecb \u1ee9ng<\/p>\n<p>&#8211; Th\u1eddi gian s\u1eed d\u1ee5ng: 3 n\u0103m<\/p>\n<h3><em><strong>H\u01b0\u1edbng d\u1eabn s\u1eed d\u1ee5ng :<\/strong><\/em><\/h3>\n<p>&#8211; Th\u00e1o n\u1eafp chai ra sau \u0111\u00f3 t\u1ea9m tinh d\u1ea7u n\u01b0\u1edbc hoa l\u00ean l\u00e1 treo th\u01a1m. Treo trong xe ho\u1eb7c \u0111\u1eb7t \u0111\u1ec3 t\u00f9y v\u00e0o s\u1edf th\u00edch \u0111\u1ec3 h\u01b0\u01a1ng th\u01a1m to\u1ea3 \u0111\u1ec1u kh\u00f4ng gian<\/p>\n<p>&#8211; S\u1eed d\u1ee5ng \u0111\u1ebfn khi kh\u00f4ng th\u1ea5y h\u01b0\u01a1ng th\u01a1m ti\u1ebfp t\u1ee5c t\u1ea9m tinh d\u1ea7u n\u01b0\u1edbc hoa l\u00ean l\u00e1 treo th\u01a1m \u0111\u1ec3 ti\u1ebfp t\u1ee5c s\u1eed d\u1ee5ng.<\/p>\n<h3><em><strong>C\u00f4ng d\u1ee5ng:<\/strong><\/em><\/h3>\n<p>&#8211; V\u1edbi kh\u1ea3 n\u0103ng lan to\u1ea3 h\u01b0\u01a1ng b\u1eb1ng l\u00e1 treo th\u01a1m s\u1ebd \u0111\u01b0a h\u01b0\u01a1ng th\u01a1m d\u1ecbu nh\u1eb9 c\u1ee7a n\u01b0\u1edbc hoa xe h\u01a1i lan to\u1ea3 nh\u1eb9 nh\u00e0ng.<\/p>\n<p>&#8211; H\u01b0\u01a1ng th\u01a1m thoang tho\u1ea3ng l\u00e0m tinh th\u1ea7n c\u0169ng th\u1eadt th\u01b0 gi\u00e3n, d\u1ec5 ch\u1ecbu. Nh\u01b0 m\u1ed9t ph\u1ee5 ki\u1ec7n t\u00f4 \u0111i\u1ec3m, trang tr\u00ed th\u00eam cho kh\u00f4ng gian xe tho\u1ea3i m\u00e1i.<\/p>\n<p>&#8211; L\u00e0 s\u1ea3n ph\u1ea9m th\u00edch h\u1ee3p cho nh\u1eefng kh\u00f4ng gian nh\u1ecf, an to\u00e0n tuy\u1ec7t \u0111\u1ed1i, kh\u00f4ng s\u1eed d\u1ee5ng \u0111i\u1ec7n, v\u00f4 c\u00f9ng ti\u1ec7n l\u1ee3i khi d\u00f9ng.<\/p>\n<p><em><strong>\u01afu \u0111i\u1ec3m:<\/strong><\/em><\/p>\n<p>&#8211; X\u1ecbt l\u00ean l\u00e1 treo th\u01a1m \u0111\u1ec3 l\u01b0u h\u01b0\u01a1ng th\u1eddi gian ng\u1eafn<\/p>\n<p>&#8211; \u0110\u1ed9 m\u1ea1nh\/nh\u1eb9 c\u1ee7a h\u01b0\u01a1ng th\u01a1m \u0111i\u1ec1u ch\u1ec9nh t\u00f9y theo \u00fd mu\u1ed1n<\/p>\n<p>&#8211; Kh\u00f4ng ti\u00eau hao khi xe kh\u00f4ng s\u1eed d\u1ee5ng l\u00e2u ng\u00e0y<\/p>\n<p>&#8211; Kh\u00f4ng b\u1ecb l\u00e3ng ph\u00ed khi \u0111\u1ec3 xe ng\u1eddi th\u1eddi ti\u1ebft c\u00f3 nhi\u1ec7t \u0111\u1ed9 cao.<\/p>\n<p>&#8211; C\u00f3 th\u1ec3 linh ho\u1ea1t s\u1eed d\u1ee5ng nh\u01b0 x\u1ecbt n\u01b0\u1edbc hoa l\u00ean kh\u0103n gi\u1ea5y, \u0111\u1eb7t v\u00e0o c\u1ed1p xe \u0111\u1ec3 kh\u1eed m\u00f9i v\u00e0 t\u1ecfa h\u01b0\u01a1ng cho xe.<\/p>\n<p>&#8211; C\u00f3 th\u1ec3 s\u1eed d\u1ee5ng cho nhi\u1ec1u xe trong gia \u0111\u00ecnh v\u1edbi 1 chai s\u1ea3n ph\u1ea9m<\/p>\n","protected":false},"excerpt":{"rendered":"<p><strong>N\u01b0\u1edbc Hoa xe h\u01a1i Sea Salt v\u00e0 Orchid\u00a0<\/strong>l\u00e0 s\u1ef1 pha tr\u1ed9n m\u01b0\u1ee3t m\u00e0 v\u00e0 tao nh\u00e3 gi\u1eefa h\u01b0\u01a1ng hoa lan m\u1ec1m m\u1ea1i v\u1edbi nh\u1eefng \u0111i\u1ec3m n\u1ed5i b\u1eadt c\u1ee7a mu\u1ed1i mang l\u1ea1i m\u1ed9t m\u00f9i h\u01b0\u01a1ng tinh t\u1ebf v\u00e0 thanh l\u1ecbch. H\u01b0\u01a1ng \u0111\u1ea7u ozonic s\u1eafc n\u00e9t h\u00f2a quy\u1ec7n v\u1edbi h\u01b0\u01a1ng gi\u1eefa c\u1ee7a mu\u1ed1i bi\u1ec3n, l\u00e1 xanh t\u01b0\u01a1i v\u00e0 lan Nam Phi say \u0111\u1eafm, t\u1ea5t c\u1ea3 n\u1eb1m tr\u00ean h\u01b0\u01a1ng cu\u1ed1i th\u01b0 gi\u00e3n c\u1ee7a \u0111\u1eadu tonka, h\u1ed5 ph\u00e1ch v\u00e0 m\u1ed9t ch\u00fat x\u1ea1 h\u01b0\u01a1ng.\u00a0<strong>H\u01b0\u01a1ng th\u01a1m khi\u1ebfn b\u1ea1n t\u01b0\u1edfng t\u01b0\u1ee3ng m\u00ecnh \u0111ang n\u1eb1m tr\u00ean m\u1ed9t b\u00e3i bi\u1ec3n \u0111\u1ea7y th\u01a1 m\u1ed9ng<\/strong>.<\/p>\n<p>H\u01b0\u01a1ng gi\u1eefa t\u1ee5 h\u1ed9i c\u1ee7a nh\u1eefng lo\u00e0i hoa nh\u01b0 hoa lan Nam Phi, l\u00e1 xanh v\u00e0 mu\u1ed1i bi\u1ec3n l\u00e0m cho b\u1ea1n ch\u00ecm \u0111\u1eafm gi\u1eefa m\u1ed9t r\u1eebng hoa nh\u1eb9 nh\u00e0ng, d\u1ecbu \u00eam. Cu\u1ed1i c\u00f9ng l\u00e0 h\u01b0\u01a1ng h\u1ed5 ph\u00e1ch k\u1ebft h\u1ee3p v\u1edbi \u0111\u1eadu Tonka v\u00e0 x\u1ea1 h\u01b0\u01a1ng khi\u1ebfn b\u1ea1n c\u1ea3m th\u1ea5y b\u00ecnh y\u00ean<\/p>\n<p><strong>H\u01b0\u01a1ng \u0111\u1ea7u<\/strong>: Cam, ozone<\/p>\n<p><strong>H\u01b0\u01a1ng gi\u1eefa<\/strong>: L\u00e1 xanh, hoa lan Nam Phi, mu\u1ed1i bi\u1ec3n<\/p>\n<p><strong>H\u01b0\u01a1ng cu\u1ed1i<\/strong>: H\u1ed5 ph\u00e1ch, x\u1ea1 h\u01b0\u01a1ng nh\u1eb9, \u0111\u1eadu Tonka<\/p>\n","protected":false},"featured_media":5530,"comment_status":"open","ping_status":"closed","template":"","meta":[],"product_cat":[133],"product_tag":[],"class_list":["post-5528","product","type-product","status-publish","has-post-thumbnail","hentry","product_cat-thom-xe"],"aioseo_notices":[],"_links":{"self":[{"href":"https:\/\/tiemtaphoa.xyz\/index.php\/wp-json\/wp\/v2\/product\/5528"}],"collection":[{"href":"https:\/\/tiemtaphoa.xyz\/index.php\/wp-json\/wp\/v2\/product"}],"about":[{"href":"https:\/\/tiemtaphoa.xyz\/index.php\/wp-json\/wp\/v2\/types\/product"}],"replies":[{"embeddable":true,"href":"https:\/\/tiemtaphoa.xyz\/index.php\/wp-json\/wp\/v2\/comments?post=5528"}],"wp:featuredmedia":[{"embeddable":true,"href":"https:\/\/tiemtaphoa.xyz\/index.php\/wp-json\/wp\/v2\/media\/5530"}],"wp:attachment":[{"href":"https:\/\/tiemtaphoa.xyz\/index.php\/wp-json\/wp\/v2\/media?parent=5528"}],"wp:term":[{"taxonomy":"product_cat","embeddable":true,"href":"https:\/\/tiemtaphoa.xyz\/index.php\/wp-json\/wp\/v2\/product_cat?post=5528"},{"taxonomy":"product_tag","embeddable":true,"href":"https:\/\/tiemtaphoa.xyz\/index.php\/wp-json\/wp\/v2\/product_tag?post=5528"}],"curies":[{"name":"wp","href":"https:\/\/api.w.org\/{rel}","templated":true}]}}