{"id":5565,"date":"2023-09-30T11:40:45","date_gmt":"2023-09-30T04:40:45","guid":{"rendered":"https:\/\/webbachhoa.com\/?post_type=product&#038;p=5565"},"modified":"2023-09-30T11:41:07","modified_gmt":"2023-09-30T04:41:07","slug":"la-treo-thom-caribbean-teakwood-size-m","status":"publish","type":"product","link":"https:\/\/tiemtaphoa.xyz\/index.php\/product\/la-treo-thom-caribbean-teakwood-size-m\/","title":{"rendered":"L\u00e1 treo th\u01a1m Caribbean Teakwood Size M"},"content":{"rendered":"<p>L\u00e1 treo th\u01a1m Caribbean Teakwood l\u00e0 m\u1ed9t h\u01b0\u01a1ng th\u01a1m ph\u1ee9c t\u1ea1p, t\u00e1o b\u1ea1o v\u00e0 c\u00f3 s\u1ee9c h\u1ea5p d\u1eabn r\u1ed9ng r\u00e3i. N\u00f3 d\u1eabn \u0111\u1ea7u v\u1edbi h\u01b0\u01a1ng \u0111\u1ea7u cay n\u1ed3ng c\u1ee7a h\u1ea1t ti\u00eau Mexico h\u00f2a quy\u1ec7n v\u1edbi da thu\u1ed9c.\u00a0H\u01b0\u01a1ng gi\u1eefa t\u1ea1o n\u00ean v\u1ebb phong c\u00e1ch l\u1ecbch l\u00e3m m\u00e0 m\u1ea1nh m\u1ebd v\u1edbi h\u01b0\u01a1ng l\u00e1 thu\u1ed1c l\u00e1 v\u00e0 g\u1ed7 t\u1ebfch, \u0111inh h\u01b0\u01a1ng\u00a0t\u1ea1o n\u00ean\u00a0s\u1ef1 l\u00f4i cu\u1ed1n \u0111\u1ebfn l\u1ea1 k\u1ef3. H\u01b0\u01a1ng cu\u1ed1i s\u00e2u l\u1eafng c\u1ee7a g\u1ed7 \u0111\u00e0n h\u01b0\u01a1ng, h\u1ed5 ph\u00e1ch\u00a0 l\u00e0m cho s\u1ef1 l\u1ecbch l\u00e3m \u0111\u1ebfn t\u1eeb ph\u00e1i m\u1ea1nh ng\u00e0y c\u00e0ng h\u1ea5p d\u1eabn g\u1ee3i c\u1ea3m v\u1edbi n\u00e9t ph\u1ee9c t\u1ea1p quy\u1ebfn r\u0169 l\u00f2ng ng\u01b0\u1eddi.<\/p>\n<p>Do \u0111\u00f3 l\u00e1 treo th\u01a1m h\u01b0\u01a1ng\u00a0Caribbean Teakwood ho\u00e0n to\u00e0n ph\u00f9 h\u1ee3p cho nh\u1eefng qu\u00fd \u00f4ng thanh l\u1ecbch nh\u01b0ng mu\u1ed1n gi\u1eef trong m\u00ecnh m\u1ed9t s\u1ef1 quy\u1ebfn r\u0169 b\u00ed \u1ea9n k\u1ef3 l\u1ea1 m\u00e0 ng\u01b0\u1eddi kh\u00e1c gi\u1edbi ph\u1ea3i \u0111\u1eafm ch\u00ecm c\u1ea3m x\u00fac\u00a0khi v\u00f4 t\u00ecnh ch\u1ea1m m\u1eb7t tr\u00ean \u0111\u01b0\u1eddng \u0111\u1eddi.<\/p>\n<p>H\u01b0\u01a1ng \u0111\u1ea7u: Ti\u00eau Mexico, da thu\u1ed9c<\/p>\n<p>H\u01b0\u01a1ng gi\u1eefa: G\u1ed7 t\u1ebfch, \u0110inh h\u01b0\u01a1ng, L\u00e1 thu\u1ed1c l\u00e1<\/p>\n<p>H\u01b0\u01a1ng cu\u1ed1i: H\u1ed5 ph\u00e1ch, G\u1ed7 \u0111\u00e0n h\u01b0\u01a1ng, H\u1ea1t ti\u00eau<\/p>\n<hr \/>\n<p>Th\u00eam tr\u1ea3i nghi\u1ec7m m\u1edbi cho nh\u1eefng ng\u01b0\u1eddi y\u00eau th\u00edch m\u00f9i h\u01b0\u01a1ng nh\u01b0ng th\u00edch s\u1ef1 ti\u1ec7n l\u1ee3i v\u00e0 \u0111\u01a1n gi\u1ea3n. L\u00e1 th\u01a1m treo ph\u00f9 h\u1ee3p cho nh\u1eefng n\u01a1i c\u00f3 kh\u00f4ng gian nh\u1ecf trong nh\u00e0 nh\u01b0 t\u1ee7 qu\u1ea7n \u00e1o, t\u1ee7 gi\u00e0y, tr\u00ean xe \u00f4 t\u00f4, vali, gi\u1ecfi x\u00e1ch, trong toilet&#8230; \u0111\u1ec3 m\u1ecdi ng\u00f3c ng\u00e1ch lu\u00f4n c\u00f3 h\u01b0\u01a1ng th\u01a1m \u00a0v\u00e0 c\u1ef1c k\u00ec ti\u1ec7n l\u1ee3i.<\/p>\n<p>L\u00e1 treo \u00a0th\u01a1m s\u1eed d\u1ee5ng \u0111\u01b0\u1ee3c t\u1eeb 2-4 tu\u1ea7n. V\u1edbi chi ph\u00ed th\u1ea5p n\u00ean ng\u01b0\u1eddi s\u1eed d\u1ee5ng c\u00f3 th\u1ec3 thay \u0111\u1ed5i li\u00ean t\u1ee5c theo s\u1edf th\u00edch ho\u1eb7c theo th\u1eddi ti\u1ebft \u0111\u1ec3 tr\u1ea3i nghi\u1ec7m \u0111\u01b0\u1ee3c nhi\u1ec1u m\u00f9i h\u01b0\u01a1ng kh\u00e1c nhau.<\/p>\n<p><strong>H\u01b0\u1edbng d\u1eabn s\u1eed d\u1ee5ng:<\/strong><\/p>\n<p>&#8211; C\u00e1ch 1: \u00a0L\u1ea5y s\u1ea3n ph\u1ea9m ra kh\u1ecfi bao b\u00ec, treo \u1edf c\u00e1c v\u1ecb tr\u00ed mong mu\u1ed1n: b\u00ean trong \u00f4 t\u00f4, t\u1ee7 qu\u1ea7n \u00e1o, \u0111\u1eb7t trong c\u1ed1p xe, treo trong nh\u00e0 v\u1ec7 sinh.<\/p>\n<p>&#8211; C\u00e1ch 2<\/p>\n<p><img loading=\"lazy\" decoding=\"async\" src=\"https:\/\/static.xx.fbcdn.net\/images\/emoji.php\/v9\/taa\/1.5\/16\/1f449.png\" alt=\"\ud83d\udc49\" width=\"16\" height=\"16\" \/>\u00a0B\u01b0\u1edbc 1: L\u1ea5y s\u1ea3n ph\u1ea9m ra kh\u1ecfi bao b\u00ec( c\u1ea3 t\u00fai gi\u1ea5y v\u00e0 t\u00fai nylong) sau \u0111\u00f3 cho th\u1ebb th\u01a1m v\u00e0o l\u1ea1i t\u00fai gi\u1ea5y<\/p>\n<p><img loading=\"lazy\" decoding=\"async\" src=\"https:\/\/static.xx.fbcdn.net\/images\/emoji.php\/v9\/taa\/1.5\/16\/1f449.png\" alt=\"\ud83d\udc49\" width=\"16\" height=\"16\" \/>\u00a0B\u01b0\u1edbc 2: D\u00f9ng k\u00e9o c\u1eaft 2 g\u00f3c d\u01b0\u1edbi c\u1ee7a bao b\u00ec gi\u1ea5y \u0111\u1ec3 h\u01b0\u01a1ng th\u01a1m tho\u00e1t ra t\u1eeb 2 \u0111\u01b0\u1eddng c\u1eaft \u0111\u00f3<\/p>\n<p><img loading=\"lazy\" decoding=\"async\" src=\"https:\/\/static.xx.fbcdn.net\/images\/emoji.php\/v9\/taa\/1.5\/16\/1f449.png\" alt=\"\ud83d\udc49\" width=\"16\" height=\"16\" \/>\u00a0B\u01b0\u1edbc 3: Treo s\u1ea3n ph\u1ea9m v\u00e0o nh\u1eefng v\u1ecb tr\u00ed c\u1ea7n kh\u1eed m\u00f9i. Ph\u00f9 h\u1ee3p \u0111\u1ec3 trong t\u1ee7 qu\u1ea7n \u00e1o, t\u1ee7 gi\u00e0y, c\u1ed1p xe \u0111\u1ec3 h\u01b0\u01a1ng th\u01a1m kh\u00f4ng b\u1ecb qu\u00e1 g\u1eaft v\u00e0 t\u0103ng th\u1eddi gian s\u1eed d\u1ee5ng<\/p>\n","protected":false},"excerpt":{"rendered":"<p>L\u00e1 treo th\u01a1m Caribbean Teakwood l\u00e0 m\u1ed9t h\u01b0\u01a1ng th\u01a1m ph\u1ee9c t\u1ea1p, t\u00e1o b\u1ea1o v\u00e0 c\u00f3 s\u1ee9c h\u1ea5p d\u1eabn r\u1ed9ng r\u00e3i. N\u00f3 d\u1eabn \u0111\u1ea7u v\u1edbi h\u01b0\u01a1ng \u0111\u1ea7u cay n\u1ed3ng c\u1ee7a h\u1ea1t ti\u00eau Mexico h\u00f2a quy\u1ec7n v\u1edbi da thu\u1ed9c.\u00a0H\u01b0\u01a1ng gi\u1eefa t\u1ea1o n\u00ean v\u1ebb phong c\u00e1ch l\u1ecbch l\u00e3m m\u00e0 m\u1ea1nh m\u1ebd v\u1edbi h\u01b0\u01a1ng l\u00e1 thu\u1ed1c l\u00e1 v\u00e0 g\u1ed7 t\u1ebfch, \u0111inh h\u01b0\u01a1ng\u00a0t\u1ea1o n\u00ean\u00a0s\u1ef1 l\u00f4i cu\u1ed1n \u0111\u1ebfn l\u1ea1 k\u1ef3. H\u01b0\u01a1ng cu\u1ed1i s\u00e2u l\u1eafng c\u1ee7a g\u1ed7 \u0111\u00e0n h\u01b0\u01a1ng, h\u1ed5 ph\u00e1ch\u00a0 l\u00e0m cho s\u1ef1 l\u1ecbch l\u00e3m \u0111\u1ebfn t\u1eeb ph\u00e1i m\u1ea1nh ng\u00e0y c\u00e0ng h\u1ea5p d\u1eabn g\u1ee3i c\u1ea3m v\u1edbi n\u00e9t ph\u1ee9c t\u1ea1p quy\u1ebfn r\u0169 l\u00f2ng ng\u01b0\u1eddi.<\/p>\n","protected":false},"featured_media":5562,"comment_status":"open","ping_status":"closed","template":"","meta":[],"product_cat":[133],"product_tag":[],"class_list":["post-5565","product","type-product","status-publish","has-post-thumbnail","hentry","product_cat-thom-xe"],"aioseo_notices":[],"_links":{"self":[{"href":"https:\/\/tiemtaphoa.xyz\/index.php\/wp-json\/wp\/v2\/product\/5565"}],"collection":[{"href":"https:\/\/tiemtaphoa.xyz\/index.php\/wp-json\/wp\/v2\/product"}],"about":[{"href":"https:\/\/tiemtaphoa.xyz\/index.php\/wp-json\/wp\/v2\/types\/product"}],"replies":[{"embeddable":true,"href":"https:\/\/tiemtaphoa.xyz\/index.php\/wp-json\/wp\/v2\/comments?post=5565"}],"wp:featuredmedia":[{"embeddable":true,"href":"https:\/\/tiemtaphoa.xyz\/index.php\/wp-json\/wp\/v2\/media\/5562"}],"wp:attachment":[{"href":"https:\/\/tiemtaphoa.xyz\/index.php\/wp-json\/wp\/v2\/media?parent=5565"}],"wp:term":[{"taxonomy":"product_cat","embeddable":true,"href":"https:\/\/tiemtaphoa.xyz\/index.php\/wp-json\/wp\/v2\/product_cat?post=5565"},{"taxonomy":"product_tag","embeddable":true,"href":"https:\/\/tiemtaphoa.xyz\/index.php\/wp-json\/wp\/v2\/product_tag?post=5565"}],"curies":[{"name":"wp","href":"https:\/\/api.w.org\/{rel}","templated":true}]}}