{"id":5586,"date":"2023-09-30T11:48:53","date_gmt":"2023-09-30T04:48:53","guid":{"rendered":"https:\/\/webbachhoa.com\/?post_type=product&#038;p=5586"},"modified":"2023-09-30T11:49:13","modified_gmt":"2023-09-30T04:49:13","slug":"la-treo-thom-beach-walk-size-m","status":"publish","type":"product","link":"https:\/\/tiemtaphoa.xyz\/index.php\/product\/la-treo-thom-beach-walk-size-m\/","title":{"rendered":"L\u00e1 treo th\u01a1m Beach Walk Size M"},"content":{"rendered":"<p>V\u1edbi s\u1ef1 h\u00f2a quy\u1ec7n tuy\u1ec7t h\u1ea3o c\u1ee7a qu\u00fdt v\u00e0 cam clementine t\u1ea1i ngay t\u1ea7ng h\u01b0\u01a1ng \u0111\u1ea7u,Beach Walk ghi \u0111i\u1ec3m v\u1edbi s\u1ef1 thanh m\u00e1t, t\u01b0\u01a1i tr\u1ebb s\u1ea3ng kho\u00e1i tr\u01b0\u1edbc khi nh\u01b0 tan ra t\u1eebng \u0111\u1ee3t s\u00f3ng v\u1ed7 v\u1edbi b\u1edd c\u00e1t v\u00e0ng d\u01b0\u1edbi h\u01b0\u01a1ng th\u01a1m c\u1ee7a r\u00eau bi\u1ec3n, n\u01b0\u1edbc mu\u1ed1i v\u00e0 x\u1ea1 h\u01b0\u01a1ng.<\/p>\n<p>M\u1ed9t m\u00f9i h\u01b0\u01a1ng nh\u01b0 khi\u1ebfn b\u1ea1n \u0111ang tr\u1edf l\u1ea1i nh\u1eefng gi\u00e2y ph\u00fat d\u1ea1o bi\u1ec3n d\u01b0\u1edbi \u00e1nh ho\u00e0ng h\u00f4n, h\u00f2a m\u00ecnh v\u00e0o t\u1eebng l\u00e0n gi\u00f3 v\u00e0 nh\u01b0 \u0111\u1eafm ch\u00ecm d\u01b0\u1edbi nh\u1eefng ti\u1ebfng v\u1ed7 r\u00ec r\u00e0o c\u1ee7a s\u00f3ng bi\u1ec3n.<\/p>\n<p>N\u1ebfu b\u1ea1n nh\u1edb \u0111\u1ea1i d\u01b0\u01a1ng bao la, \u0111\u1eebng qu\u00ean inbox \u0111\u01b0a Beach Walk v\u1ec1 nh\u00e0.<\/p>\n<p>H\u01b0\u01a1ng \u0111\u1ea7u:\u00a0clementine, ozone, qu\u00fdt<br \/>\nH\u01b0\u01a1ng gi\u1eefa:\u00a0r\u00eau bi\u1ec3n, n\u01b0\u1edbc bi\u1ec3n, hoa cam<br \/>\nH\u01b0\u01a1ng cu\u1ed1i:\u00a0hoa cam, x\u1ea1 h\u01b0\u01a1ng<\/p>\n<hr \/>\n<p>Th\u00eam tr\u1ea3i nghi\u1ec7m m\u1edbi cho nh\u1eefng ng\u01b0\u1eddi y\u00eau th\u00edch m\u00f9i h\u01b0\u01a1ng nh\u01b0ng th\u00edch s\u1ef1 ti\u1ec7n l\u1ee3i v\u00e0 \u0111\u01a1n gi\u1ea3n. L\u00e1 th\u01a1m treo ph\u00f9 h\u1ee3p cho nh\u1eefng n\u01a1i c\u00f3 kh\u00f4ng gian nh\u1ecf trong nh\u00e0 nh\u01b0 t\u1ee7 qu\u1ea7n \u00e1o, t\u1ee7 gi\u00e0y, tr\u00ean xe \u00f4 t\u00f4, vali, gi\u1ecfi x\u00e1ch, trong toilet&#8230; \u0111\u1ec3 m\u1ecdi ng\u00f3c ng\u00e1ch lu\u00f4n c\u00f3 h\u01b0\u01a1ng th\u01a1m \u00a0v\u00e0 c\u1ef1c k\u00ec ti\u1ec7n l\u1ee3i.<\/p>\n<p>L\u00e1 treo \u00a0th\u01a1m s\u1eed d\u1ee5ng \u0111\u01b0\u1ee3c t\u1eeb 2-4 tu\u1ea7n. V\u1edbi chi ph\u00ed th\u1ea5p n\u00ean ng\u01b0\u1eddi s\u1eed d\u1ee5ng c\u00f3 th\u1ec3 thay \u0111\u1ed5i li\u00ean t\u1ee5c theo s\u1edf th\u00edch ho\u1eb7c theo th\u1eddi ti\u1ebft \u0111\u1ec3 tr\u1ea3i nghi\u1ec7m \u0111\u01b0\u1ee3c nhi\u1ec1u m\u00f9i h\u01b0\u01a1ng kh\u00e1c nhau.<\/p>\n<p><strong>H\u01b0\u1edbng d\u1eabn s\u1eed d\u1ee5ng:<\/strong><\/p>\n<p>&#8211; C\u00e1ch 1: \u00a0L\u1ea5y s\u1ea3n ph\u1ea9m ra kh\u1ecfi bao b\u00ec, treo \u1edf c\u00e1c v\u1ecb tr\u00ed mong mu\u1ed1n: b\u00ean trong \u00f4 t\u00f4, t\u1ee7 qu\u1ea7n \u00e1o, \u0111\u1eb7t trong c\u1ed1p xe, treo trong nh\u00e0 v\u1ec7 sinh.<\/p>\n<p>&#8211; C\u00e1ch 2<\/p>\n<p><img loading=\"lazy\" decoding=\"async\" src=\"https:\/\/static.xx.fbcdn.net\/images\/emoji.php\/v9\/taa\/1.5\/16\/1f449.png\" alt=\"\ud83d\udc49\" width=\"16\" height=\"16\" \/>B\u01b0\u1edbc 1: L\u1ea5y s\u1ea3n ph\u1ea9m ra kh\u1ecfi bao b\u00ec( c\u1ea3 t\u00fai gi\u1ea5y v\u00e0 t\u00fai nylong) sau \u0111\u00f3 cho th\u1ebb th\u01a1m v\u00e0o l\u1ea1i t\u00fai gi\u1ea5y<\/p>\n<p><img loading=\"lazy\" decoding=\"async\" src=\"https:\/\/static.xx.fbcdn.net\/images\/emoji.php\/v9\/taa\/1.5\/16\/1f449.png\" alt=\"\ud83d\udc49\" width=\"16\" height=\"16\" \/>B\u01b0\u1edbc 2: D\u00f9ng k\u00e9o c\u1eaft 2 g\u00f3c d\u01b0\u1edbi c\u1ee7a bao b\u00ec gi\u1ea5y \u0111\u1ec3 h\u01b0\u01a1ng th\u01a1m tho\u00e1t ra t\u1eeb 2 \u0111\u01b0\u1eddng c\u1eaft \u0111\u00f3<\/p>\n<p><img loading=\"lazy\" decoding=\"async\" src=\"https:\/\/static.xx.fbcdn.net\/images\/emoji.php\/v9\/taa\/1.5\/16\/1f449.png\" alt=\"\ud83d\udc49\" width=\"16\" height=\"16\" \/>B\u01b0\u1edbc 3: Treo s\u1ea3n ph\u1ea9m v\u00e0o nh\u1eefng v\u1ecb tr\u00ed c\u1ea7n kh\u1eed m\u00f9i. Ph\u00f9 h\u1ee3p \u0111\u1ec3 trong t\u1ee7 qu\u1ea7n \u00e1o, t\u1ee7 gi\u00e0y, c\u1ed1p xe \u0111\u1ec3 h\u01b0\u01a1ng th\u01a1m kh\u00f4ng b\u1ecb qu\u00e1 g\u1eaft v\u00e0 t\u0103ng th\u1eddi gian s\u1eed d\u1ee5ng<\/p>\n","protected":false},"excerpt":{"rendered":"<p>V\u1edbi s\u1ef1 h\u00f2a quy\u1ec7n tuy\u1ec7t h\u1ea3o c\u1ee7a qu\u00fdt v\u00e0 cam clementine t\u1ea1i ngay t\u1ea7ng h\u01b0\u01a1ng \u0111\u1ea7u,Beach Walk ghi \u0111i\u1ec3m v\u1edbi s\u1ef1 thanh m\u00e1t, t\u01b0\u01a1i tr\u1ebb s\u1ea3ng kho\u00e1i tr\u01b0\u1edbc khi nh\u01b0 tan ra t\u1eebng \u0111\u1ee3t s\u00f3ng v\u1ed7 v\u1edbi b\u1edd c\u00e1t v\u00e0ng d\u01b0\u1edbi h\u01b0\u01a1ng th\u01a1m c\u1ee7a r\u00eau bi\u1ec3n, n\u01b0\u1edbc mu\u1ed1i v\u00e0 x\u1ea1 h\u01b0\u01a1ng.<\/p>\n<p>M\u1ed9t m\u00f9i h\u01b0\u01a1ng nh\u01b0 khi\u1ebfn b\u1ea1n \u0111ang tr\u1edf l\u1ea1i nh\u1eefng gi\u00e2y ph\u00fat d\u1ea1o bi\u1ec3n d\u01b0\u1edbi \u00e1nh ho\u00e0ng h\u00f4n, h\u00f2a m\u00ecnh v\u00e0o t\u1eebng l\u00e0n gi\u00f3 v\u00e0 nh\u01b0 \u0111\u1eafm ch\u00ecm d\u01b0\u1edbi nh\u1eefng ti\u1ebfng v\u1ed7 r\u00ec r\u00e0o c\u1ee7a s\u00f3ng bi\u1ec3n.<\/p>\n<p>N\u1ebfu b\u1ea1n nh\u1edb \u0111\u1ea1i d\u01b0\u01a1ng bao la, \u0111\u1eebng qu\u00ean inbox \u0111\u01b0a Beach Walk v\u1ec1 nh\u00e0.<\/p>\n<p>H\u01b0\u01a1ng \u0111\u1ea7u:\u00a0clementine, ozone, qu\u00fdt<br \/>\nH\u01b0\u01a1ng gi\u1eefa:\u00a0r\u00eau bi\u1ec3n, n\u01b0\u1edbc bi\u1ec3n, hoa cam<br \/>\nH\u01b0\u01a1ng cu\u1ed1i:\u00a0hoa cam, x\u1ea1 h\u01b0\u01a1ng<\/p>\n","protected":false},"featured_media":5583,"comment_status":"open","ping_status":"closed","template":"","meta":[],"product_cat":[133],"product_tag":[],"class_list":["post-5586","product","type-product","status-publish","has-post-thumbnail","hentry","product_cat-thom-xe"],"aioseo_notices":[],"_links":{"self":[{"href":"https:\/\/tiemtaphoa.xyz\/index.php\/wp-json\/wp\/v2\/product\/5586"}],"collection":[{"href":"https:\/\/tiemtaphoa.xyz\/index.php\/wp-json\/wp\/v2\/product"}],"about":[{"href":"https:\/\/tiemtaphoa.xyz\/index.php\/wp-json\/wp\/v2\/types\/product"}],"replies":[{"embeddable":true,"href":"https:\/\/tiemtaphoa.xyz\/index.php\/wp-json\/wp\/v2\/comments?post=5586"}],"wp:featuredmedia":[{"embeddable":true,"href":"https:\/\/tiemtaphoa.xyz\/index.php\/wp-json\/wp\/v2\/media\/5583"}],"wp:attachment":[{"href":"https:\/\/tiemtaphoa.xyz\/index.php\/wp-json\/wp\/v2\/media?parent=5586"}],"wp:term":[{"taxonomy":"product_cat","embeddable":true,"href":"https:\/\/tiemtaphoa.xyz\/index.php\/wp-json\/wp\/v2\/product_cat?post=5586"},{"taxonomy":"product_tag","embeddable":true,"href":"https:\/\/tiemtaphoa.xyz\/index.php\/wp-json\/wp\/v2\/product_tag?post=5586"}],"curies":[{"name":"wp","href":"https:\/\/api.w.org\/{rel}","templated":true}]}}