{"id":5607,"date":"2023-09-30T11:59:41","date_gmt":"2023-09-30T04:59:41","guid":{"rendered":"https:\/\/webbachhoa.com\/?post_type=product&#038;p=5607"},"modified":"2023-09-30T11:59:56","modified_gmt":"2023-09-30T04:59:56","slug":"la-treo-thom-midsummers-night-size-m","status":"publish","type":"product","link":"https:\/\/tiemtaphoa.xyz\/index.php\/product\/la-treo-thom-midsummers-night-size-m\/","title":{"rendered":"L\u00e1 treo th\u01a1m Midsummer&#8217;s Night Size M"},"content":{"rendered":"<div class=\"mb-3 mb-sm-0 col-12 col-md-8 product-content js-content-wrapper card border-0\">\n<div id=\"ega-uti-editable-content\" class=\"rte js-product-getcontent product_getcontent pos-relative\" data-platform=\"haravan\" data-id=\"1041669840\">\n<div id=\"content\" class=\"content js-content\">\n<p>Kh\u00f4ng huy\u00ean n\u00e1o \u1ed3n \u00e0o, Midsummer&#8217;s Night l\u00e0 m\u00f9i h\u01b0\u01a1ng c\u1ee7a \u0111\u00eam h\u00e8 \u00eam \u0111\u1ec1m v\u00e0 l\u00e3ng m\u1ea1n theo c\u00e1ch r\u1ea5t ri\u00eang. T\u1ea7ng h\u01b0\u01a1ng \u0111\u1ea7u l\u00e0 s\u1ef1 quy\u1ec7n h\u00f2a tinh t\u1ebf c\u1ee7a cam qu\u00fdt, th\u00e2n th\u1ea3o, cam bergamot, o\u1ea3i h\u01b0\u01a1ng t\u1ea1o n\u00ean m\u1ed9t b\u1ea3n giao h\u01b0\u1edfng c\u00f3 ch\u00fat bay b\u1ed5ng, thanh tho\u00e1t v\u00e0 d\u1ecbu m\u00e1t d\u01b0\u1edbi \u00e1nh tr\u0103ng.<\/p>\n<p>N\u1ed1t h\u01b0\u01a1ng cu\u1ed1i c\u00f9ng c\u1ee7a Midsummer&#8217;s Night l\u00e0 s\u1ef1 an t\u0129nh, \u1ea5m \u00eam c\u1ee7a g\u1ed7 tuy\u1ebft t\u00f9ng, c\u1ecf vetiver, c\u00e2y x\u00f4 th\u01a1m, r\u00eau s\u1ebd v\u1ea5n v\u01b0\u01a1ng n\u01a1i t\u00e2m h\u1ed3n, nh\u1eb9 nh\u00e0ng xoa d\u1ecbu nh\u1eefng mu\u1ed9n phi\u1ec1n \u0111ang hi\u1ec7n h\u1eefu. \u0110\u1ec3 r\u1ed3i b\u1ea1n nh\u1eadn ra, r\u1eb1ng \u0111\u00eam h\u00e8 l\u00e3ng m\u1ea1n c\u00f3 th\u1ec3 \u0111\u1ebfn t\u1eeb nh\u1eefng gi\u00e2y ph\u00fat \u00eam \u0111\u1ec1m \u0111\u1ebfn th\u1ebf.<\/p>\n<p>M\u00f9i h\u01b0\u01a1ng d\u00e0nh cho nh\u1eefng ai y\u00eau th\u00edch s\u1ef1 d\u1ecbu d\u00e0ng, thanh trong v\u00e0 l\u00e3ng m\u1ea1n.<\/p>\n<p>H\u01b0\u01a1ng \u0111\u1ea7u: cam qu\u00fdt, th\u00e2n th\u1ea3o, g\u1ed7, cam bergamot, chanh leo<\/p>\n<p>H\u01b0\u01a1ng gi\u1eefa: o\u1ea3i h\u01b0\u01a1ng, th\u00f4ng<\/p>\n<p>H\u01b0\u01a1ng cu\u1ed1i: g\u1ed7 tuy\u1ebft t\u00f9ng, qu\u1ea3 b\u00e1ch x\u00f9, c\u1ecf vetiver, c\u00e2y x\u00f4 th\u01a1m, r\u00eau<\/p>\n<hr \/>\n<p>Th\u00eam tr\u1ea3i nghi\u1ec7m m\u1edbi cho nh\u1eefng ng\u01b0\u1eddi y\u00eau th\u00edch m\u00f9i h\u01b0\u01a1ng nh\u01b0ng th\u00edch s\u1ef1 ti\u1ec7n l\u1ee3i v\u00e0 \u0111\u01a1n gi\u1ea3n. L\u00e1 th\u01a1m treo ph\u00f9 h\u1ee3p cho nh\u1eefng n\u01a1i c\u00f3 kh\u00f4ng gian nh\u1ecf trong nh\u00e0 nh\u01b0 t\u1ee7 qu\u1ea7n \u00e1o, t\u1ee7 gi\u00e0y, tr\u00ean xe \u00f4 t\u00f4, vali, gi\u1ecfi x\u00e1ch, trong toilet&#8230; \u0111\u1ec3 m\u1ecdi ng\u00f3c ng\u00e1ch lu\u00f4n c\u00f3 h\u01b0\u01a1ng th\u01a1m \u00a0v\u00e0 c\u1ef1c k\u00ec ti\u1ec7n l\u1ee3i.<\/p>\n<p>L\u00e1 treo \u00a0th\u01a1m s\u1eed d\u1ee5ng \u0111\u01b0\u1ee3c t\u1eeb 2-4 tu\u1ea7n. V\u1edbi chi ph\u00ed th\u1ea5p n\u00ean ng\u01b0\u1eddi s\u1eed d\u1ee5ng c\u00f3 th\u1ec3 thay \u0111\u1ed5i li\u00ean t\u1ee5c theo s\u1edf th\u00edch ho\u1eb7c theo th\u1eddi ti\u1ebft \u0111\u1ec3 tr\u1ea3i nghi\u1ec7m \u0111\u01b0\u1ee3c nhi\u1ec1u m\u00f9i h\u01b0\u01a1ng kh\u00e1c nhau.<\/p>\n<p><strong>H\u01b0\u1edbng d\u1eabn s\u1eed d\u1ee5ng:<\/strong><\/p>\n<p>&#8211; C\u00e1ch 1: \u00a0L\u1ea5y s\u1ea3n ph\u1ea9m ra kh\u1ecfi bao b\u00ec, treo \u1edf c\u00e1c v\u1ecb tr\u00ed mong mu\u1ed1n: b\u00ean trong \u00f4 t\u00f4, t\u1ee7 qu\u1ea7n \u00e1o, \u0111\u1eb7t trong c\u1ed1p xe, treo trong nh\u00e0 v\u1ec7 sinh.<\/p>\n<p>&#8211; C\u00e1ch 2<\/p>\n<p><img loading=\"lazy\" decoding=\"async\" src=\"https:\/\/static.xx.fbcdn.net\/images\/emoji.php\/v9\/taa\/1.5\/16\/1f449.png\" alt=\"\ud83d\udc49\" width=\"16\" height=\"16\" \/>B\u01b0\u1edbc 1: L\u1ea5y s\u1ea3n ph\u1ea9m ra kh\u1ecfi bao b\u00ec( c\u1ea3 t\u00fai gi\u1ea5y v\u00e0 t\u00fai nylong) sau \u0111\u00f3 cho th\u1ebb th\u01a1m v\u00e0o l\u1ea1i t\u00fai gi\u1ea5y<\/p>\n<p><img loading=\"lazy\" decoding=\"async\" src=\"https:\/\/static.xx.fbcdn.net\/images\/emoji.php\/v9\/taa\/1.5\/16\/1f449.png\" alt=\"\ud83d\udc49\" width=\"16\" height=\"16\" \/>B\u01b0\u1edbc 2: D\u00f9ng k\u00e9o c\u1eaft 2 g\u00f3c d\u01b0\u1edbi c\u1ee7a bao b\u00ec gi\u1ea5y \u0111\u1ec3 h\u01b0\u01a1ng th\u01a1m tho\u00e1t ra t\u1eeb 2 \u0111\u01b0\u1eddng c\u1eaft \u0111\u00f3<\/p>\n<p><img loading=\"lazy\" decoding=\"async\" src=\"https:\/\/static.xx.fbcdn.net\/images\/emoji.php\/v9\/taa\/1.5\/16\/1f449.png\" alt=\"\ud83d\udc49\" width=\"16\" height=\"16\" \/>B\u01b0\u1edbc 3: Treo s\u1ea3n ph\u1ea9m v\u00e0o nh\u1eefng v\u1ecb tr\u00ed c\u1ea7n kh\u1eed m\u00f9i. Ph\u00f9 h\u1ee3p \u0111\u1ec3 trong t\u1ee7 qu\u1ea7n \u00e1o, t\u1ee7 gi\u00e0y, c\u1ed1p xe \u0111\u1ec3 h\u01b0\u01a1ng th\u01a1m kh\u00f4ng b\u1ecb qu\u00e1 g\u1eaft v\u00e0 t\u0103ng th\u1eddi gian s\u1eed d\u1ee5ng<\/p>\n<\/div>\n<\/div>\n<div class=\"js-seemore ega-pro__seemore text-center pos-relative mt-3 show\"><\/div>\n<\/div>\n<div class=\"col-12 col-md-4 pl-0 pl-md-3 product-right pr-0\">\n<div class=\"product-related-blog\"><\/div>\n<\/div>\n","protected":false},"excerpt":{"rendered":"<p>Kh\u00f4ng huy\u00ean n\u00e1o \u1ed3n \u00e0o, Midsummer&#8217;s Night l\u00e0 m\u00f9i h\u01b0\u01a1ng c\u1ee7a \u0111\u00eam h\u00e8 \u00eam \u0111\u1ec1m v\u00e0 l\u00e3ng m\u1ea1n theo c\u00e1ch r\u1ea5t ri\u00eang. T\u1ea7ng h\u01b0\u01a1ng \u0111\u1ea7u l\u00e0 s\u1ef1 quy\u1ec7n h\u00f2a tinh t\u1ebf c\u1ee7a cam qu\u00fdt, th\u00e2n th\u1ea3o, cam bergamot, o\u1ea3i h\u01b0\u01a1ng t\u1ea1o n\u00ean m\u1ed9t b\u1ea3n giao h\u01b0\u1edfng c\u00f3 ch\u00fat bay b\u1ed5ng, thanh tho\u00e1t v\u00e0 d\u1ecbu m\u00e1t d\u01b0\u1edbi \u00e1nh tr\u0103ng.<\/p>\n<p>N\u1ed1t h\u01b0\u01a1ng cu\u1ed1i c\u00f9ng c\u1ee7a Midsummer&#8217;s Night l\u00e0 s\u1ef1 an t\u0129nh, \u1ea5m \u00eam c\u1ee7a g\u1ed7 tuy\u1ebft t\u00f9ng, c\u1ecf vetiver, c\u00e2y x\u00f4 th\u01a1m, r\u00eau s\u1ebd v\u1ea5n v\u01b0\u01a1ng n\u01a1i t\u00e2m h\u1ed3n, nh\u1eb9 nh\u00e0ng xoa d\u1ecbu nh\u1eefng mu\u1ed9n phi\u1ec1n \u0111ang hi\u1ec7n h\u1eefu. \u0110\u1ec3 r\u1ed3i b\u1ea1n nh\u1eadn ra, r\u1eb1ng \u0111\u00eam h\u00e8 l\u00e3ng m\u1ea1n c\u00f3 th\u1ec3 \u0111\u1ebfn t\u1eeb nh\u1eefng gi\u00e2y ph\u00fat \u00eam \u0111\u1ec1m \u0111\u1ebfn th\u1ebf.<\/p>\n<p>M\u00f9i h\u01b0\u01a1ng d\u00e0nh cho nh\u1eefng ai y\u00eau th\u00edch s\u1ef1 d\u1ecbu d\u00e0ng, thanh trong v\u00e0 l\u00e3ng m\u1ea1n.<\/p>\n<p>H\u01b0\u01a1ng \u0111\u1ea7u: cam qu\u00fdt, th\u00e2n th\u1ea3o, g\u1ed7, cam bergamot, chanh leo<\/p>\n<p>H\u01b0\u01a1ng gi\u1eefa: o\u1ea3i h\u01b0\u01a1ng, th\u00f4ng<\/p>\n<p>H\u01b0\u01a1ng cu\u1ed1i: g\u1ed7 tuy\u1ebft t\u00f9ng, qu\u1ea3 b\u00e1ch x\u00f9, c\u1ecf vetiver, c\u00e2y x\u00f4 th\u01a1m, r\u00eau<\/p>\n","protected":false},"featured_media":5604,"comment_status":"open","ping_status":"closed","template":"","meta":[],"product_cat":[133],"product_tag":[],"class_list":["post-5607","product","type-product","status-publish","has-post-thumbnail","hentry","product_cat-thom-xe"],"aioseo_notices":[],"_links":{"self":[{"href":"https:\/\/tiemtaphoa.xyz\/index.php\/wp-json\/wp\/v2\/product\/5607"}],"collection":[{"href":"https:\/\/tiemtaphoa.xyz\/index.php\/wp-json\/wp\/v2\/product"}],"about":[{"href":"https:\/\/tiemtaphoa.xyz\/index.php\/wp-json\/wp\/v2\/types\/product"}],"replies":[{"embeddable":true,"href":"https:\/\/tiemtaphoa.xyz\/index.php\/wp-json\/wp\/v2\/comments?post=5607"}],"wp:featuredmedia":[{"embeddable":true,"href":"https:\/\/tiemtaphoa.xyz\/index.php\/wp-json\/wp\/v2\/media\/5604"}],"wp:attachment":[{"href":"https:\/\/tiemtaphoa.xyz\/index.php\/wp-json\/wp\/v2\/media?parent=5607"}],"wp:term":[{"taxonomy":"product_cat","embeddable":true,"href":"https:\/\/tiemtaphoa.xyz\/index.php\/wp-json\/wp\/v2\/product_cat?post=5607"},{"taxonomy":"product_tag","embeddable":true,"href":"https:\/\/tiemtaphoa.xyz\/index.php\/wp-json\/wp\/v2\/product_tag?post=5607"}],"curies":[{"name":"wp","href":"https:\/\/api.w.org\/{rel}","templated":true}]}}